{"id":13272,"date":"2023-01-20T10:14:38","date_gmt":"2023-01-20T09:14:38","guid":{"rendered":"https:\/\/mobilgarazs.com\/?page_id=13272"},"modified":"2025-09-16T13:21:58","modified_gmt":"2025-09-16T11:21:58","slug":"akcios-termekek","status":"publish","type":"page","link":"https:\/\/mobilgarazs.com\/en\/akcios-termekek\/","title":{"rendered":"Special offer"},"content":{"rendered":"<div class=\"wpb-content-wrapper\"><p>.<\/p>\n<\/div>","protected":false},"excerpt":{"rendered":"<p>.<\/p>\n","protected":false},"author":2,"featured_media":0,"parent":0,"menu_order":0,"comment_status":"closed","ping_status":"closed","template":"","meta":{"footnotes":""},"class_list":["post-13272","page","type-page","status-publish","hentry"],"yoast_head":"<!-- This site is optimized with the Yoast SEO plugin v24.4 - https:\/\/yoast.com\/wordpress\/plugins\/seo\/ -->\n<title>Akci\u00f3s mobilgar\u00e1zs \u2013 Kedvezm\u00e9nyes \u00e1r\u00fa mobilgar\u00e1zsok<\/title>\n<meta name=\"description\" content=\"Fedezze fel akci\u00f3s mobilgar\u00e1zs aj\u00e1nlatainkat! Betonalaphoz r\u00f6gz\u00edtett, stabil mobilgar\u00e1zsok kedvez\u0151 \u00e1ron, kisz\u00e1ll\u00edt\u00e1ssal \u00e9s \u00f6sszeszerel\u00e9ssel.\" \/>\n<meta name=\"robots\" content=\"index, follow, max-snippet:-1, max-image-preview:large, max-video-preview:-1\" \/>\n<link rel=\"canonical\" href=\"https:\/\/mobilgarazs.com\/akcios-termekek\/\" \/>\n<meta property=\"og:locale\" content=\"en_US\" \/>\n<meta property=\"og:type\" content=\"article\" \/>\n<meta property=\"og:title\" content=\"Akci\u00f3s mobilgar\u00e1zs \u2013 Kedvezm\u00e9nyes \u00e1r\u00fa mobilgar\u00e1zsok\" \/>\n<meta property=\"og:description\" content=\"Fedezze fel akci\u00f3s mobilgar\u00e1zs aj\u00e1nlatainkat! Betonalaphoz r\u00f6gz\u00edtett, stabil mobilgar\u00e1zsok kedvez\u0151 \u00e1ron, kisz\u00e1ll\u00edt\u00e1ssal \u00e9s \u00f6sszeszerel\u00e9ssel.\" \/>\n<meta property=\"og:url\" content=\"https:\/\/mobilgarazs.com\/akcios-termekek\/\" \/>\n<meta property=\"og:site_name\" content=\"Mobilgarazs.com\" \/>\n<meta property=\"article:publisher\" content=\"https:\/\/www.facebook.com\/tajfunsystem\" \/>\n<meta property=\"article:modified_time\" content=\"2025-09-16T11:21:58+00:00\" \/>\n<meta property=\"og:image\" content=\"https:\/\/mobilgarazs.com\/wp-content\/uploads\/2025\/09\/mobilgarazs_akcio-1024x683.png\" \/>\n\t<meta property=\"og:image:width\" content=\"1024\" \/>\n\t<meta property=\"og:image:height\" content=\"683\" \/>\n\t<meta property=\"og:image:type\" content=\"image\/png\" \/>\n<meta name=\"twitter:card\" content=\"summary_large_image\" \/>\n<meta name=\"twitter:label1\" content=\"Est. reading time\" \/>\n\t<meta name=\"twitter:data1\" content=\"3 minutes\" \/>\n<script type=\"application\/ld+json\" class=\"yoast-schema-graph\">{\"@context\":\"https:\/\/schema.org\",\"@graph\":[{\"@type\":\"WebPage\",\"@id\":\"https:\/\/mobilgarazs.com\/akcios-termekek\/\",\"url\":\"https:\/\/mobilgarazs.com\/akcios-termekek\/\",\"name\":\"Akci\u00f3s mobilgar\u00e1zs \u2013 Kedvezm\u00e9nyes \u00e1r\u00fa mobilgar\u00e1zsok\",\"isPartOf\":{\"@id\":\"https:\/\/mobilgarazs.com\/#website\"},\"primaryImageOfPage\":{\"@id\":\"https:\/\/mobilgarazs.com\/akcios-termekek\/#primaryimage\"},\"image\":{\"@id\":\"https:\/\/mobilgarazs.com\/akcios-termekek\/#primaryimage\"},\"thumbnailUrl\":\"https:\/\/mobilgarazs.com\/wp-content\/uploads\/2025\/09\/mobilgarazs_akcio-300x200.png\",\"datePublished\":\"2023-01-20T09:14:38+00:00\",\"dateModified\":\"2025-09-16T11:21:58+00:00\",\"description\":\"Fedezze fel akci\u00f3s mobilgar\u00e1zs aj\u00e1nlatainkat! Betonalaphoz r\u00f6gz\u00edtett, stabil mobilgar\u00e1zsok kedvez\u0151 \u00e1ron, kisz\u00e1ll\u00edt\u00e1ssal \u00e9s \u00f6sszeszerel\u00e9ssel.\",\"breadcrumb\":{\"@id\":\"https:\/\/mobilgarazs.com\/akcios-termekek\/#breadcrumb\"},\"inLanguage\":\"en-US\",\"potentialAction\":[{\"@type\":\"ReadAction\",\"target\":[\"https:\/\/mobilgarazs.com\/akcios-termekek\/\"]}]},{\"@type\":\"ImageObject\",\"inLanguage\":\"en-US\",\"@id\":\"https:\/\/mobilgarazs.com\/akcios-termekek\/#primaryimage\",\"url\":\"https:\/\/mobilgarazs.com\/wp-content\/uploads\/2025\/09\/mobilgarazs_akcio-300x200.png\",\"contentUrl\":\"https:\/\/mobilgarazs.com\/wp-content\/uploads\/2025\/09\/mobilgarazs_akcio-300x200.png\"},{\"@type\":\"BreadcrumbList\",\"@id\":\"https:\/\/mobilgarazs.com\/akcios-termekek\/#breadcrumb\",\"itemListElement\":[{\"@type\":\"ListItem\",\"position\":1,\"name\":\"Home\",\"item\":\"https:\/\/mobilgarazs.com\/\"},{\"@type\":\"ListItem\",\"position\":2,\"name\":\"Akci\u00f3k!\"}]},{\"@type\":\"WebSite\",\"@id\":\"https:\/\/mobilgarazs.com\/#website\",\"url\":\"https:\/\/mobilgarazs.com\/\",\"name\":\"Mobil Gar\u00e1zs\",\"description\":\"Szigetelt mobilgar\u00e1zs, k\u00f6nny\u0171szerkezetes gar\u00e1zs\",\"publisher\":{\"@id\":\"https:\/\/mobilgarazs.com\/#organization\"},\"potentialAction\":[{\"@type\":\"SearchAction\",\"target\":{\"@type\":\"EntryPoint\",\"urlTemplate\":\"https:\/\/mobilgarazs.com\/?s={search_term_string}\"},\"query-input\":{\"@type\":\"PropertyValueSpecification\",\"valueRequired\":true,\"valueName\":\"search_term_string\"}}],\"inLanguage\":\"en-US\"},{\"@type\":\"Organization\",\"@id\":\"https:\/\/mobilgarazs.com\/#organization\",\"name\":\"Mobilgar\u00e1zs\",\"url\":\"https:\/\/mobilgarazs.com\/\",\"logo\":{\"@type\":\"ImageObject\",\"inLanguage\":\"en-US\",\"@id\":\"https:\/\/mobilgarazs.com\/#\/schema\/logo\/image\/\",\"url\":\"https:\/\/mobilgarazs.com\/wp-content\/uploads\/2020\/05\/facebook.jpg\",\"contentUrl\":\"https:\/\/mobilgarazs.com\/wp-content\/uploads\/2020\/05\/facebook.jpg\",\"width\":1200,\"height\":630,\"caption\":\"Mobilgar\u00e1zs\"},\"image\":{\"@id\":\"https:\/\/mobilgarazs.com\/#\/schema\/logo\/image\/\"},\"sameAs\":[\"https:\/\/www.facebook.com\/tajfunsystem\",\"https:\/\/www.instagram.com\/dexplatform\/\"]}]}<\/script>\n<!-- \/ Yoast SEO plugin. -->","yoast_head_json":{"title":"Akci\u00f3s mobilgar\u00e1zs \u2013 Kedvezm\u00e9nyes \u00e1r\u00fa mobilgar\u00e1zsok","description":"Fedezze fel akci\u00f3s mobilgar\u00e1zs aj\u00e1nlatainkat! Betonalaphoz r\u00f6gz\u00edtett, stabil mobilgar\u00e1zsok kedvez\u0151 \u00e1ron, kisz\u00e1ll\u00edt\u00e1ssal \u00e9s \u00f6sszeszerel\u00e9ssel.","robots":{"index":"index","follow":"follow","max-snippet":"max-snippet:-1","max-image-preview":"max-image-preview:large","max-video-preview":"max-video-preview:-1"},"canonical":"https:\/\/mobilgarazs.com\/akcios-termekek\/","og_locale":"en_US","og_type":"article","og_title":"Akci\u00f3s mobilgar\u00e1zs \u2013 Kedvezm\u00e9nyes \u00e1r\u00fa mobilgar\u00e1zsok","og_description":"Fedezze fel akci\u00f3s mobilgar\u00e1zs aj\u00e1nlatainkat! Betonalaphoz r\u00f6gz\u00edtett, stabil mobilgar\u00e1zsok kedvez\u0151 \u00e1ron, kisz\u00e1ll\u00edt\u00e1ssal \u00e9s \u00f6sszeszerel\u00e9ssel.","og_url":"https:\/\/mobilgarazs.com\/akcios-termekek\/","og_site_name":"Mobilgarazs.com","article_publisher":"https:\/\/www.facebook.com\/tajfunsystem","article_modified_time":"2025-09-16T11:21:58+00:00","og_image":[{"width":1024,"height":683,"url":"https:\/\/mobilgarazs.com\/wp-content\/uploads\/2025\/09\/mobilgarazs_akcio-1024x683.png","type":"image\/png"}],"twitter_card":"summary_large_image","twitter_misc":{"Est. reading time":"3 minutes"},"schema":{"@context":"https:\/\/schema.org","@graph":[{"@type":"WebPage","@id":"https:\/\/mobilgarazs.com\/akcios-termekek\/","url":"https:\/\/mobilgarazs.com\/akcios-termekek\/","name":"Akci\u00f3s mobilgar\u00e1zs \u2013 Kedvezm\u00e9nyes \u00e1r\u00fa mobilgar\u00e1zsok","isPartOf":{"@id":"https:\/\/mobilgarazs.com\/#website"},"primaryImageOfPage":{"@id":"https:\/\/mobilgarazs.com\/akcios-termekek\/#primaryimage"},"image":{"@id":"https:\/\/mobilgarazs.com\/akcios-termekek\/#primaryimage"},"thumbnailUrl":"https:\/\/mobilgarazs.com\/wp-content\/uploads\/2025\/09\/mobilgarazs_akcio-300x200.png","datePublished":"2023-01-20T09:14:38+00:00","dateModified":"2025-09-16T11:21:58+00:00","description":"Fedezze fel akci\u00f3s mobilgar\u00e1zs aj\u00e1nlatainkat! Betonalaphoz r\u00f6gz\u00edtett, stabil mobilgar\u00e1zsok kedvez\u0151 \u00e1ron, kisz\u00e1ll\u00edt\u00e1ssal \u00e9s \u00f6sszeszerel\u00e9ssel.","breadcrumb":{"@id":"https:\/\/mobilgarazs.com\/akcios-termekek\/#breadcrumb"},"inLanguage":"en-US","potentialAction":[{"@type":"ReadAction","target":["https:\/\/mobilgarazs.com\/akcios-termekek\/"]}]},{"@type":"ImageObject","inLanguage":"en-US","@id":"https:\/\/mobilgarazs.com\/akcios-termekek\/#primaryimage","url":"https:\/\/mobilgarazs.com\/wp-content\/uploads\/2025\/09\/mobilgarazs_akcio-300x200.png","contentUrl":"https:\/\/mobilgarazs.com\/wp-content\/uploads\/2025\/09\/mobilgarazs_akcio-300x200.png"},{"@type":"BreadcrumbList","@id":"https:\/\/mobilgarazs.com\/akcios-termekek\/#breadcrumb","itemListElement":[{"@type":"ListItem","position":1,"name":"Home","item":"https:\/\/mobilgarazs.com\/"},{"@type":"ListItem","position":2,"name":"Akci\u00f3k!"}]},{"@type":"WebSite","@id":"https:\/\/mobilgarazs.com\/#website","url":"https:\/\/mobilgarazs.com\/","name":"Mobil Gar\u00e1zs","description":"Szigetelt mobilgar\u00e1zs, k\u00f6nny\u0171szerkezetes gar\u00e1zs","publisher":{"@id":"https:\/\/mobilgarazs.com\/#organization"},"potentialAction":[{"@type":"SearchAction","target":{"@type":"EntryPoint","urlTemplate":"https:\/\/mobilgarazs.com\/?s={search_term_string}"},"query-input":{"@type":"PropertyValueSpecification","valueRequired":true,"valueName":"search_term_string"}}],"inLanguage":"en-US"},{"@type":"Organization","@id":"https:\/\/mobilgarazs.com\/#organization","name":"Mobilgar\u00e1zs","url":"https:\/\/mobilgarazs.com\/","logo":{"@type":"ImageObject","inLanguage":"en-US","@id":"https:\/\/mobilgarazs.com\/#\/schema\/logo\/image\/","url":"https:\/\/mobilgarazs.com\/wp-content\/uploads\/2020\/05\/facebook.jpg","contentUrl":"https:\/\/mobilgarazs.com\/wp-content\/uploads\/2020\/05\/facebook.jpg","width":1200,"height":630,"caption":"Mobilgar\u00e1zs"},"image":{"@id":"https:\/\/mobilgarazs.com\/#\/schema\/logo\/image\/"},"sameAs":["https:\/\/www.facebook.com\/tajfunsystem","https:\/\/www.instagram.com\/dexplatform\/"]}]}},"_links":{"self":[{"href":"https:\/\/mobilgarazs.com\/en\/wp-json\/wp\/v2\/pages\/13272","targetHints":{"allow":["GET"]}}],"collection":[{"href":"https:\/\/mobilgarazs.com\/en\/wp-json\/wp\/v2\/pages"}],"about":[{"href":"https:\/\/mobilgarazs.com\/en\/wp-json\/wp\/v2\/types\/page"}],"author":[{"embeddable":true,"href":"https:\/\/mobilgarazs.com\/en\/wp-json\/wp\/v2\/users\/2"}],"replies":[{"embeddable":true,"href":"https:\/\/mobilgarazs.com\/en\/wp-json\/wp\/v2\/comments?post=13272"}],"version-history":[{"count":16,"href":"https:\/\/mobilgarazs.com\/en\/wp-json\/wp\/v2\/pages\/13272\/revisions"}],"predecessor-version":[{"id":13575,"href":"https:\/\/mobilgarazs.com\/en\/wp-json\/wp\/v2\/pages\/13272\/revisions\/13575"}],"wp:attachment":[{"href":"https:\/\/mobilgarazs.com\/en\/wp-json\/wp\/v2\/media?parent=13272"}],"curies":[{"name":"wp","href":"https:\/\/api.w.org\/{rel}","templated":true}]}}