{"id":12521,"date":"2020-04-24T10:51:30","date_gmt":"2020-04-24T10:51:30","guid":{"rendered":"https:\/\/mobilgarazs.com\/?page_id=12521"},"modified":"2025-09-16T12:26:50","modified_gmt":"2025-09-16T10:26:50","slug":"blog","status":"publish","type":"page","link":"https:\/\/mobilgarazs.com\/en\/blog\/","title":{"rendered":"(Magyar) Blog"},"content":{"rendered":"<p class=\"qtranxs-available-languages-message qtranxs-available-languages-message-en\">Sorry, this entry is only available in <a href=\"https:\/\/mobilgarazs.com\/hu\/wp-json\/wp\/v2\/pages\/12521\" class=\"qtranxs-available-language-link qtranxs-available-language-link-hu\" title=\"Magyar\">Magyar<\/a>.<\/p>","protected":false},"excerpt":{"rendered":"<p>Sorry, this entry is only available in Magyar.<\/p>\n","protected":false},"author":1,"featured_media":0,"parent":0,"menu_order":0,"comment_status":"closed","ping_status":"closed","template":"","meta":{"footnotes":""},"class_list":["post-12521","page","type-page","status-publish","hentry"],"yoast_head":"<!-- This site is optimized with the Yoast SEO plugin v24.4 - https:\/\/yoast.com\/wordpress\/plugins\/seo\/ -->\n<title>Mobilgar\u00e1zs tippek \u00e9s tan\u00e1csok \u2013 Hasznos cikkek a blogon<\/title>\n<meta name=\"description\" content=\"Olvasd el blogunkat a mobilgar\u00e1zs v\u00e1s\u00e1rl\u00e1sr\u00f3l, telep\u00edt\u00e9sr\u0151l \u00e9s enged\u00e9lyez\u00e9sr\u0151l! Hasznos gar\u00e1zs v\u00e1s\u00e1rl\u00e1si tippek \u00e9s tan\u00e1csok egy helyen.\" \/>\n<meta name=\"robots\" content=\"index, follow, max-snippet:-1, max-image-preview:large, max-video-preview:-1\" \/>\n<link rel=\"canonical\" href=\"https:\/\/mobilgarazs.com\/blog\/\" \/>\n<meta property=\"og:locale\" content=\"en_US\" \/>\n<meta property=\"og:type\" content=\"article\" \/>\n<meta property=\"og:title\" content=\"Aktu\u00e1lis inform\u00e1ci\u00f3k\" \/>\n<meta property=\"og:description\" content=\"Olvassa el bejegyz\u00e9seinket, amelyekben sok hasznos inform\u00e1ci\u00f3t tal\u00e1l mobilgar\u00e1zsokkal kapcsolatban!\" \/>\n<meta property=\"og:url\" content=\"https:\/\/mobilgarazs.com\/blog\/\" \/>\n<meta property=\"og:site_name\" content=\"Mobilgarazs.com\" \/>\n<meta property=\"article:publisher\" content=\"https:\/\/www.facebook.com\/tajfunsystem\" \/>\n<meta property=\"article:modified_time\" content=\"2025-09-16T10:26:50+00:00\" \/>\n<meta property=\"og:image\" content=\"https:\/\/mobilgarazs.com\/wp-content\/uploads\/2020\/04\/87778610_3141669395856829_3481468797573922816_n.jpg\" \/>\n\t<meta property=\"og:image:width\" content=\"450\" \/>\n\t<meta property=\"og:image:height\" content=\"300\" \/>\n\t<meta property=\"og:image:type\" content=\"image\/jpeg\" \/>\n<meta name=\"twitter:card\" content=\"summary_large_image\" \/>\n<meta name=\"twitter:label1\" content=\"Est. reading time\" \/>\n\t<meta name=\"twitter:data1\" content=\"2 minutes\" \/>\n<script type=\"application\/ld+json\" class=\"yoast-schema-graph\">{\"@context\":\"https:\/\/schema.org\",\"@graph\":[{\"@type\":\"WebPage\",\"@id\":\"https:\/\/mobilgarazs.com\/blog\/\",\"url\":\"https:\/\/mobilgarazs.com\/blog\/\",\"name\":\"Mobilgar\u00e1zs tippek \u00e9s tan\u00e1csok \u2013 Hasznos cikkek a blogon\",\"isPartOf\":{\"@id\":\"https:\/\/mobilgarazs.com\/#website\"},\"primaryImageOfPage\":{\"@id\":\"https:\/\/mobilgarazs.com\/blog\/#primaryimage\"},\"image\":{\"@id\":\"https:\/\/mobilgarazs.com\/blog\/#primaryimage\"},\"thumbnailUrl\":\"https:\/\/mobilgarazs.com\/wp-content\/uploads\/2025\/09\/mobilgarazs_blog-300x300.png\",\"datePublished\":\"2020-04-24T10:51:30+00:00\",\"dateModified\":\"2025-09-16T10:26:50+00:00\",\"description\":\"Olvasd el blogunkat a mobilgar\u00e1zs v\u00e1s\u00e1rl\u00e1sr\u00f3l, telep\u00edt\u00e9sr\u0151l \u00e9s enged\u00e9lyez\u00e9sr\u0151l! Hasznos gar\u00e1zs v\u00e1s\u00e1rl\u00e1si tippek \u00e9s tan\u00e1csok egy helyen.\",\"breadcrumb\":{\"@id\":\"https:\/\/mobilgarazs.com\/blog\/#breadcrumb\"},\"inLanguage\":\"en-US\",\"potentialAction\":[{\"@type\":\"ReadAction\",\"target\":[\"https:\/\/mobilgarazs.com\/blog\/\"]}]},{\"@type\":\"ImageObject\",\"inLanguage\":\"en-US\",\"@id\":\"https:\/\/mobilgarazs.com\/blog\/#primaryimage\",\"url\":\"https:\/\/mobilgarazs.com\/wp-content\/uploads\/2025\/09\/mobilgarazs_blog-300x300.png\",\"contentUrl\":\"https:\/\/mobilgarazs.com\/wp-content\/uploads\/2025\/09\/mobilgarazs_blog-300x300.png\"},{\"@type\":\"BreadcrumbList\",\"@id\":\"https:\/\/mobilgarazs.com\/blog\/#breadcrumb\",\"itemListElement\":[{\"@type\":\"ListItem\",\"position\":1,\"name\":\"Home\",\"item\":\"https:\/\/mobilgarazs.com\/\"},{\"@type\":\"ListItem\",\"position\":2,\"name\":\"Blog\"}]},{\"@type\":\"WebSite\",\"@id\":\"https:\/\/mobilgarazs.com\/#website\",\"url\":\"https:\/\/mobilgarazs.com\/\",\"name\":\"Mobil Gar\u00e1zs\",\"description\":\"Szigetelt mobilgar\u00e1zs, k\u00f6nny\u0171szerkezetes gar\u00e1zs\",\"publisher\":{\"@id\":\"https:\/\/mobilgarazs.com\/#organization\"},\"potentialAction\":[{\"@type\":\"SearchAction\",\"target\":{\"@type\":\"EntryPoint\",\"urlTemplate\":\"https:\/\/mobilgarazs.com\/?s={search_term_string}\"},\"query-input\":{\"@type\":\"PropertyValueSpecification\",\"valueRequired\":true,\"valueName\":\"search_term_string\"}}],\"inLanguage\":\"en-US\"},{\"@type\":\"Organization\",\"@id\":\"https:\/\/mobilgarazs.com\/#organization\",\"name\":\"Mobilgar\u00e1zs\",\"url\":\"https:\/\/mobilgarazs.com\/\",\"logo\":{\"@type\":\"ImageObject\",\"inLanguage\":\"en-US\",\"@id\":\"https:\/\/mobilgarazs.com\/#\/schema\/logo\/image\/\",\"url\":\"https:\/\/mobilgarazs.com\/wp-content\/uploads\/2020\/05\/facebook.jpg\",\"contentUrl\":\"https:\/\/mobilgarazs.com\/wp-content\/uploads\/2020\/05\/facebook.jpg\",\"width\":1200,\"height\":630,\"caption\":\"Mobilgar\u00e1zs\"},\"image\":{\"@id\":\"https:\/\/mobilgarazs.com\/#\/schema\/logo\/image\/\"},\"sameAs\":[\"https:\/\/www.facebook.com\/tajfunsystem\",\"https:\/\/www.instagram.com\/dexplatform\/\"]}]}<\/script>\n<!-- \/ Yoast SEO plugin. -->","yoast_head_json":{"title":"Mobilgar\u00e1zs tippek \u00e9s tan\u00e1csok \u2013 Hasznos cikkek a blogon","description":"Olvasd el blogunkat a mobilgar\u00e1zs v\u00e1s\u00e1rl\u00e1sr\u00f3l, telep\u00edt\u00e9sr\u0151l \u00e9s enged\u00e9lyez\u00e9sr\u0151l! Hasznos gar\u00e1zs v\u00e1s\u00e1rl\u00e1si tippek \u00e9s tan\u00e1csok egy helyen.","robots":{"index":"index","follow":"follow","max-snippet":"max-snippet:-1","max-image-preview":"max-image-preview:large","max-video-preview":"max-video-preview:-1"},"canonical":"https:\/\/mobilgarazs.com\/blog\/","og_locale":"en_US","og_type":"article","og_title":"Aktu\u00e1lis inform\u00e1ci\u00f3k","og_description":"Olvassa el bejegyz\u00e9seinket, amelyekben sok hasznos inform\u00e1ci\u00f3t tal\u00e1l mobilgar\u00e1zsokkal kapcsolatban!","og_url":"https:\/\/mobilgarazs.com\/blog\/","og_site_name":"Mobilgarazs.com","article_publisher":"https:\/\/www.facebook.com\/tajfunsystem","article_modified_time":"2025-09-16T10:26:50+00:00","og_image":[{"width":450,"height":300,"url":"https:\/\/mobilgarazs.com\/wp-content\/uploads\/2020\/04\/87778610_3141669395856829_3481468797573922816_n.jpg","type":"image\/jpeg"}],"twitter_card":"summary_large_image","twitter_misc":{"Est. reading time":"2 minutes"},"schema":{"@context":"https:\/\/schema.org","@graph":[{"@type":"WebPage","@id":"https:\/\/mobilgarazs.com\/blog\/","url":"https:\/\/mobilgarazs.com\/blog\/","name":"Mobilgar\u00e1zs tippek \u00e9s tan\u00e1csok \u2013 Hasznos cikkek a blogon","isPartOf":{"@id":"https:\/\/mobilgarazs.com\/#website"},"primaryImageOfPage":{"@id":"https:\/\/mobilgarazs.com\/blog\/#primaryimage"},"image":{"@id":"https:\/\/mobilgarazs.com\/blog\/#primaryimage"},"thumbnailUrl":"https:\/\/mobilgarazs.com\/wp-content\/uploads\/2025\/09\/mobilgarazs_blog-300x300.png","datePublished":"2020-04-24T10:51:30+00:00","dateModified":"2025-09-16T10:26:50+00:00","description":"Olvasd el blogunkat a mobilgar\u00e1zs v\u00e1s\u00e1rl\u00e1sr\u00f3l, telep\u00edt\u00e9sr\u0151l \u00e9s enged\u00e9lyez\u00e9sr\u0151l! Hasznos gar\u00e1zs v\u00e1s\u00e1rl\u00e1si tippek \u00e9s tan\u00e1csok egy helyen.","breadcrumb":{"@id":"https:\/\/mobilgarazs.com\/blog\/#breadcrumb"},"inLanguage":"en-US","potentialAction":[{"@type":"ReadAction","target":["https:\/\/mobilgarazs.com\/blog\/"]}]},{"@type":"ImageObject","inLanguage":"en-US","@id":"https:\/\/mobilgarazs.com\/blog\/#primaryimage","url":"https:\/\/mobilgarazs.com\/wp-content\/uploads\/2025\/09\/mobilgarazs_blog-300x300.png","contentUrl":"https:\/\/mobilgarazs.com\/wp-content\/uploads\/2025\/09\/mobilgarazs_blog-300x300.png"},{"@type":"BreadcrumbList","@id":"https:\/\/mobilgarazs.com\/blog\/#breadcrumb","itemListElement":[{"@type":"ListItem","position":1,"name":"Home","item":"https:\/\/mobilgarazs.com\/"},{"@type":"ListItem","position":2,"name":"Blog"}]},{"@type":"WebSite","@id":"https:\/\/mobilgarazs.com\/#website","url":"https:\/\/mobilgarazs.com\/","name":"Mobil Gar\u00e1zs","description":"Szigetelt mobilgar\u00e1zs, k\u00f6nny\u0171szerkezetes gar\u00e1zs","publisher":{"@id":"https:\/\/mobilgarazs.com\/#organization"},"potentialAction":[{"@type":"SearchAction","target":{"@type":"EntryPoint","urlTemplate":"https:\/\/mobilgarazs.com\/?s={search_term_string}"},"query-input":{"@type":"PropertyValueSpecification","valueRequired":true,"valueName":"search_term_string"}}],"inLanguage":"en-US"},{"@type":"Organization","@id":"https:\/\/mobilgarazs.com\/#organization","name":"Mobilgar\u00e1zs","url":"https:\/\/mobilgarazs.com\/","logo":{"@type":"ImageObject","inLanguage":"en-US","@id":"https:\/\/mobilgarazs.com\/#\/schema\/logo\/image\/","url":"https:\/\/mobilgarazs.com\/wp-content\/uploads\/2020\/05\/facebook.jpg","contentUrl":"https:\/\/mobilgarazs.com\/wp-content\/uploads\/2020\/05\/facebook.jpg","width":1200,"height":630,"caption":"Mobilgar\u00e1zs"},"image":{"@id":"https:\/\/mobilgarazs.com\/#\/schema\/logo\/image\/"},"sameAs":["https:\/\/www.facebook.com\/tajfunsystem","https:\/\/www.instagram.com\/dexplatform\/"]}]}},"_links":{"self":[{"href":"https:\/\/mobilgarazs.com\/en\/wp-json\/wp\/v2\/pages\/12521","targetHints":{"allow":["GET"]}}],"collection":[{"href":"https:\/\/mobilgarazs.com\/en\/wp-json\/wp\/v2\/pages"}],"about":[{"href":"https:\/\/mobilgarazs.com\/en\/wp-json\/wp\/v2\/types\/page"}],"author":[{"embeddable":true,"href":"https:\/\/mobilgarazs.com\/en\/wp-json\/wp\/v2\/users\/1"}],"replies":[{"embeddable":true,"href":"https:\/\/mobilgarazs.com\/en\/wp-json\/wp\/v2\/comments?post=12521"}],"version-history":[{"count":10,"href":"https:\/\/mobilgarazs.com\/en\/wp-json\/wp\/v2\/pages\/12521\/revisions"}],"predecessor-version":[{"id":13571,"href":"https:\/\/mobilgarazs.com\/en\/wp-json\/wp\/v2\/pages\/12521\/revisions\/13571"}],"wp:attachment":[{"href":"https:\/\/mobilgarazs.com\/en\/wp-json\/wp\/v2\/media?parent=12521"}],"curies":[{"name":"wp","href":"https:\/\/api.w.org\/{rel}","templated":true}]}}