{"id":12501,"date":"2020-04-24T05:46:16","date_gmt":"2020-04-24T05:46:16","guid":{"rendered":"https:\/\/mobilgarazs.com\/?page_id=12501"},"modified":"2023-07-02T20:59:26","modified_gmt":"2023-07-02T18:59:26","slug":"sutik","status":"publish","type":"page","link":"https:\/\/mobilgarazs.com\/en\/sutik\/","title":{"rendered":"Cookies"},"content":{"rendered":"<div class=\"wpb-content-wrapper\"><p>[vc_row][vc_column][vc_column_text]<\/p>\n<div id=\"content-inside\" class=\"container no-sidebar\">\n<div id=\"primary\" class=\"content-area\">\n<h3 class=\"container\">Cookies<\/h3>\n<article id=\"post-245\" class=\"post-245 page type-page status-publish hentry\">\n<header class=\"entry-header\"><\/header>\n<div class=\"entry-content\">\n<p>A mobilgarazs.com \u2013 ak\u00e1rcsak a legt\u00f6bb c\u00e9g \u2013 s\u00fctiket haszn\u00e1l a weboldalain.<\/p>\n<p><strong>Mi az a s\u00fcti?<\/strong><br \/>\nEgy kis f\u00e1jl, ami a webhelyek megl\u00e1togat\u00e1sakor ker\u00fcl a sz\u00e1m\u00edt\u00f3g\u00e9pre.<br \/>\nPontosabban egy \u2013 a kiszolg\u00e1l\u00f3 \u00e1ltal meghat\u00e1rozott adatokat hordoz\u00f3 \u2013 inform\u00e1ci\u00f3csomag, amit a szerver k\u00fcld a b\u00f6ng\u00e9sz\u0151nek, majd a b\u00f6ng\u00e9sz\u0151 a szervernek minden k\u00e9r\u00e9s alkalm\u00e1val. Funkci\u00f3ja valamilyen \u00e1llapot bevezet\u00e9se egy egy\u00e9bk\u00e9nt \u00e1llapotmentes HTTP tranzakci\u00f3ba. A b\u00f6ng\u00e9sz\u0151k \u00e1ltal\u00e1ban egyszer\u0171 sz\u00f6veges f\u00e1jl(ok)ban t\u00e1rolj\u00e1k a s\u00fctiket \u2013 s\u00fctif\u00e1jlok \u2013, \u00edgy azok a b\u00f6ng\u00e9sz\u0151 kikapcsol\u00e1sa \u00e9s \u00fajraind\u00edt\u00e1sa ut\u00e1n is el\u00e9rhet\u0151ek lesznek.<\/p>\n<p><strong>mobilgarazs.com milyen s\u00fctiket \u00e9s mire haszn\u00e1l?<\/strong><\/p>\n<p>Az oldalainkon haszn\u00e1lt s\u00fctiket a k\u00f6vetkez\u0151 kateg\u00f3ri\u00e1kba soroljuk:<\/p>\n<p><strong>Felt\u00e9tlen\u00fcl sz\u00fcks\u00e9ges s\u00fctik<\/strong><br \/>\nEzek a s\u00fctik a weboldalunk \u00e9s az egyes szolg\u00e1ltat\u00e1sok m\u0171k\u00f6d\u00e9s\u00e9hez elengedhetetlenek. Sz\u00fcks\u00e9gesek a honlapunk b\u00f6ng\u00e9sz\u00e9shez, funkci\u00f3inak haszn\u00e1lat\u00e1hoz \u00e9s az oldalon elv\u00e9gzett m\u0171veletek megjegyz\u00e9s\u00e9hez. Mindig csak az adott l\u00e1togat\u00e1s alatt \u00e9rv\u00e9nyesek, a munkamenet v\u00e9gezt\u00e9vel, illetve a b\u00f6ng\u00e9sz\u0151 bez\u00e1r\u00e1s\u00e1val automatikusan t\u00f6rl\u0151dnek a sz\u00e1m\u00edt\u00f3g\u00e9pr\u0151l.<\/p>\n<p><strong>Teljes\u00edtm\u00e9ny m\u00e9r\u00e9s\u00e9hez sz\u00fcks\u00e9ges s\u00fctik<\/strong><br \/>\nWeboldalunkat folyamatosan szeretn\u00e9nk fejleszteni \u00e9s jav\u00edtani l\u00e1togat\u00f3ink sz\u00e1m\u00e1ra: ezek a s\u00fctik ezt a c\u00e9lt szolg\u00e1lj\u00e1k azzal, hogy \u00e1ltaluk weboldalunk m\u0171k\u00f6d\u00e9s\u00e9t tudjuk elemezni.<\/p>\n<p><strong>Hogyan?<\/strong><br \/>\nA Google Analytics s\u00fctikkel inform\u00e1ci\u00f3t gy\u0171jt\u00fcnk weboldalunk haszn\u00e1lat\u00e1r\u00f3l, pl. a l\u00e1togat\u00f3 melyik oldalt n\u00e9zte meg, hova kattintott, h\u00e1ny oldalt keresett meg, milyen hossz\u00fa volt az egyes megtekint\u00e9sek ideje, milyen hiba\u00fczenetekkel tal\u00e1lkozott stb. Fontos, hogy ezek a s\u00fctik nem tudj\u00e1k \u2013 \u00e9s nem is akarj\u00e1k \u2013 konkr\u00e9tan beazonos\u00edtani a l\u00e1togat\u00f3kat (az \u00e9ppen haszn\u00e1lt IP c\u00edmet is csak r\u00e9szben r\u00f6gz\u00edtik). Tov\u00e1bbi inform\u00e1ci\u00f3t\u00a0itt olvashat\u00a0r\u00f3luk.<\/p>\n<p><strong>Funkcion\u00e1lis s\u00fctik<\/strong><br \/>\nMegk\u00f6nny\u00edtik \u00e9s \u00e9lvezetesebb\u00e9 teszik a weboldal haszn\u00e1lat\u00e1t: pl. a website eml\u00e9kezni fog r\u00e1, milyen term\u00e9ket tett kor\u00e1bban a kos\u00e1rba.<br \/>\nC\u00e9lz\u00f3 vagy hirdet\u00e9shez haszn\u00e1lt s\u00fctik<br \/>\nIlyenkor a s\u00fctik bizonyos tartalm\u00e1t megosztjuk egy harmadik f\u00e9llel \u2013 akikn\u00e9l hirdet\u00fcnk (b\u00e1rmikor letilthatja ezt a funkci\u00f3t).<br \/>\nC\u00e9ljuk, hogy olyan hirdet\u00e9sekkel tal\u00e1lkozzon a l\u00e1togat\u00f3, amelyek sz\u00e1m\u00e1ra \u00e9rdekesek vagy fontosak lehetnek. Megn\u00e9zik pl. hogy milyen oldalakat keresett fel, hova kattintott, h\u00e1ny oldalt n\u00e9zett meg stb. Ezek a s\u00fctik szint\u00e9n nem tudj\u00e1k konkr\u00e9tan beazonos\u00edtani a l\u00e1togat\u00f3kat (az \u00e9ppen haszn\u00e1lt IP c\u00edmet csak r\u00e9szben r\u00f6gz\u00edtik).<\/p>\n<p><strong>Mik azok a harmadik feles s\u00fctik?<br \/>\n<\/strong>Oldalainkon m\u00e1s weboldalak linkjeit vagy ikonjait is megtal\u00e1lja \u2013 pl. Facebook Like gomb, YouTube vide\u00f3 linkje, Twitter-oldal ikonja stb. \u2013, melyek az adott oldalra ir\u00e1ny\u00edtanak. Ezek az oldalak is s\u00fctiket haszn\u00e1lnak, amelyekre a vonatkoz\u00f3 szab\u00e1lyokat az adott oldalakon tal\u00e1lja. mobilgarazs.com nem ellen\u0151rzi harmadik felek oldalait, \u00e9s nem felel\u0151s m\u00e1s k\u00fcls\u0151 weboldalak tartalm\u00e1\u00e9rt.<br \/>\nHarmadik feles s\u00fcti az is, amiket hirdet\u0151partnereinkt\u0151l kapunk (pl. Google AdWords Conversion Tracking), hogy kamp\u00e1nyaink sikeress\u00e9g\u00e9t m\u00e9rhess\u00fck vel\u00fck. Ezeket csak bizonyos aloldalak l\u00e1togat\u00e1sakor k\u00fcldj\u00fck el a sz\u00e1m\u00edt\u00f3g\u00e9p\u00e9re, \u00e9s csak az adott aloldal megl\u00e1togat\u00e1s\u00e1nak t\u00e9ny\u00e9t \u00e9s idej\u00e9t t\u00e1roljuk vel\u00fck.<\/p>\n<p>Weblapunk a Google AdWords remarketing s\u00fctijeit is haszn\u00e1lja, hogy a l\u00e1togat\u00f3kat k\u00e9s\u0151bb a Google Display h\u00e1l\u00f3zat\u00e1ba tartoz\u00f3 oldalakon is a sz\u00e1mukra \u00e9rdekes hirdet\u00e9sekkel \u00e9rje el. Ezeket a s\u00fctiket a Google hirdet\u00e9si be\u00e1ll\u00edt\u00e1sok kezel\u0151j\u00e9ben tilthatja le, a Google hirdet\u00e9sekkel kapcsolatos adatv\u00e9delmi ir\u00e1nyelveir\u0151l pedig ide kattintva olvashat.<\/p>\n<p><strong>Hogyan \u00e9rtes\u00edtj\u00fck a l\u00e1togat\u00f3kat, \u00e9s hogyan k\u00e9rj\u00fck a hozz\u00e1j\u00e1rul\u00e1sukat?<\/strong><br \/>\nEls\u0151 l\u00e1togat\u00e1skor a mobilgarazs.com honlapj\u00e1n, a k\u00e9perny\u0151 fels\u0151 r\u00e9sz\u00e9n felugrik egy felirat arr\u00f3l, hogy a mobilgarazs.com azt itt megismerhet\u0151 s\u00fctiket haszn\u00e1lja, illetve egy link, amely ehhez a t\u00e1j\u00e9koztat\u00f3hoz vezet.<\/p>\n<p><strong>Hogyan ellen\u0151rizheti \/ t\u00f6r\u00f6lheti \/ t\u00e1vol\u00edthatja el a s\u00fctiket?<br \/>\n<\/strong>A weboldalak megfelel\u0151 m\u0171k\u00f6d\u00e9se \u00e9rdek\u00e9ben a legt\u00f6bb b\u00f6ng\u00e9sz\u0151 automatikusan elfogadja a s\u00fctiket.<br \/>\nFontos tudnia, hogy ha n\u00e9h\u00e1ny vagy az \u00f6sszes s\u00fcti tilt\u00e1sa\/elt\u00e1vol\u00edt\u00e1sa mellett d\u00f6nt \u2013 amit a b\u00f6ng\u00e9sz\u0151je be\u00e1ll\u00edt\u00e1sai k\u00f6z\u00f6tt b\u00e1rmikor megtehet \u2013, az megv\u00e1ltoztathatja a weboldal m\u0171k\u00f6d\u00e9s\u00e9t, ami a sz\u00e1m\u00edt\u00f3g\u00e9pe t\u00f6bbi felhaszn\u00e1l\u00f3j\u00e1t is \u00e9rinteni fogja.<\/p>\n<p><strong>A legn\u00e9pszer\u0171bb b\u00f6ng\u00e9sz\u0151k s\u00fctikkel kapcsolatos be\u00e1ll\u00edt\u00e1sair\u00f3l az al\u00e1bbi linkeken olvashat<\/strong><\/p>\n<p>Google Chrome;\u00a0Firefox;\u00a0Microsoft Internet Explorer 8;\u00a0Microsoft Internet Explorer 9;\u00a0Microsoft Internet Explorer 10;\u00a0Microsoft Internet Explorer 11;\u00a0Safari<br \/>\nVannak olyan b\u00f6ng\u00e9sz\u0151k is, amik a biztons\u00e1gi szintek \u00e1ll\u00edt\u00e1s\u00e1val teszik lehet\u0151v\u00e9 a s\u00fctik korl\u00e1toz\u00e1s\u00e1t.<\/p>\n<p><strong>Tov\u00e1bbi inform\u00e1ci\u00f3k a s\u00fctikkel kapcsolatban:<\/strong><\/p>\n<p>Nemzeti Adatv\u00e9delmi \u00e9s Inform\u00e1ci\u00f3szabads\u00e1g Hat\u00f3s\u00e1g:\u00a0http:\/\/www.naih.hu\/index.html<br \/>\n\u00c1ltal\u00e1nos t\u00e1j\u00e9koztat\u00f3:\u00a0http:\/\/hu.wikipedia.org\/wiki\/HTTP-s\u00fcti<\/p>\n<\/div>\n<\/article>\n<p>&nbsp;<\/p>\n<\/div>\n<\/div>\n<p>[\/vc_column_text][\/vc_column][\/vc_row]<\/p>\n<\/div>","protected":false},"excerpt":{"rendered":"<p>[vc_row][vc_column][vc_column_text] Cookies A mobilgarazs.com \u2013 ak\u00e1rcsak a legt\u00f6bb c\u00e9g \u2013 s\u00fctiket haszn\u00e1l a weboldalain. Mi az a s\u00fcti? Egy kis f\u00e1jl, ami a webhelyek megl\u00e1togat\u00e1sakor ker\u00fcl a sz\u00e1m\u00edt\u00f3g\u00e9pre. Pontosabban egy &#8230;<\/p>\n","protected":false},"author":1,"featured_media":0,"parent":0,"menu_order":0,"comment_status":"closed","ping_status":"closed","template":"","meta":{"footnotes":""},"class_list":["post-12501","page","type-page","status-publish","hentry"],"yoast_head":"<!-- This site is optimized with the Yoast SEO plugin v24.4 - https:\/\/yoast.com\/wordpress\/plugins\/seo\/ -->\n<title>Cookies - Mobilgarazs.com<\/title>\n<meta name=\"robots\" content=\"index, follow, max-snippet:-1, max-image-preview:large, max-video-preview:-1\" \/>\n<link rel=\"canonical\" href=\"https:\/\/mobilgarazs.com\/sutik\/\" \/>\n<meta property=\"og:locale\" content=\"en_US\" \/>\n<meta property=\"og:type\" content=\"article\" \/>\n<meta property=\"og:title\" content=\"[:hu]S\u00fctik[:en]Cookies[:] - Mobilgarazs.com\" \/>\n<meta property=\"og:description\" content=\"[vc_row][vc_column][vc_column_text] Cookies A mobilgarazs.com \u2013 ak\u00e1rcsak a legt\u00f6bb c\u00e9g \u2013 s\u00fctiket haszn\u00e1l a weboldalain. Mi az a s\u00fcti? Egy kis f\u00e1jl, ami a webhelyek megl\u00e1togat\u00e1sakor ker\u00fcl a sz\u00e1m\u00edt\u00f3g\u00e9pre. Pontosabban egy ...\" \/>\n<meta property=\"og:url\" content=\"https:\/\/mobilgarazs.com\/sutik\/\" \/>\n<meta property=\"og:site_name\" content=\"Mobilgarazs.com\" \/>\n<meta property=\"article:publisher\" content=\"https:\/\/www.facebook.com\/tajfunsystem\" \/>\n<meta property=\"article:modified_time\" content=\"2023-07-02T18:59:26+00:00\" \/>\n<meta property=\"og:image\" content=\"https:\/\/mobilgarazs.com\/wp-content\/uploads\/2020\/05\/facebook.jpg\" \/>\n\t<meta property=\"og:image:width\" content=\"1200\" \/>\n\t<meta property=\"og:image:height\" content=\"630\" \/>\n\t<meta property=\"og:image:type\" content=\"image\/jpeg\" \/>\n<meta name=\"twitter:card\" content=\"summary_large_image\" \/>\n<meta name=\"twitter:label1\" content=\"Est. reading time\" \/>\n\t<meta name=\"twitter:data1\" content=\"10 minutes\" \/>\n<script type=\"application\/ld+json\" class=\"yoast-schema-graph\">{\"@context\":\"https:\/\/schema.org\",\"@graph\":[{\"@type\":\"WebPage\",\"@id\":\"https:\/\/mobilgarazs.com\/sutik\/\",\"url\":\"https:\/\/mobilgarazs.com\/sutik\/\",\"name\":\"[:hu]S\u00fctik[:en]Cookies[:] - Mobilgarazs.com\",\"isPartOf\":{\"@id\":\"https:\/\/mobilgarazs.com\/#website\"},\"datePublished\":\"2020-04-24T05:46:16+00:00\",\"dateModified\":\"2023-07-02T18:59:26+00:00\",\"breadcrumb\":{\"@id\":\"https:\/\/mobilgarazs.com\/sutik\/#breadcrumb\"},\"inLanguage\":\"en-US\",\"potentialAction\":[{\"@type\":\"ReadAction\",\"target\":[\"https:\/\/mobilgarazs.com\/sutik\/\"]}]},{\"@type\":\"BreadcrumbList\",\"@id\":\"https:\/\/mobilgarazs.com\/sutik\/#breadcrumb\",\"itemListElement\":[{\"@type\":\"ListItem\",\"position\":1,\"name\":\"Home\",\"item\":\"https:\/\/mobilgarazs.com\/\"},{\"@type\":\"ListItem\",\"position\":2,\"name\":\"S\u00fctik\"}]},{\"@type\":\"WebSite\",\"@id\":\"https:\/\/mobilgarazs.com\/#website\",\"url\":\"https:\/\/mobilgarazs.com\/\",\"name\":\"Mobil Gar\u00e1zs\",\"description\":\"Szigetelt mobilgar\u00e1zs, k\u00f6nny\u0171szerkezetes gar\u00e1zs\",\"publisher\":{\"@id\":\"https:\/\/mobilgarazs.com\/#organization\"},\"potentialAction\":[{\"@type\":\"SearchAction\",\"target\":{\"@type\":\"EntryPoint\",\"urlTemplate\":\"https:\/\/mobilgarazs.com\/?s={search_term_string}\"},\"query-input\":{\"@type\":\"PropertyValueSpecification\",\"valueRequired\":true,\"valueName\":\"search_term_string\"}}],\"inLanguage\":\"en-US\"},{\"@type\":\"Organization\",\"@id\":\"https:\/\/mobilgarazs.com\/#organization\",\"name\":\"Mobilgar\u00e1zs\",\"url\":\"https:\/\/mobilgarazs.com\/\",\"logo\":{\"@type\":\"ImageObject\",\"inLanguage\":\"en-US\",\"@id\":\"https:\/\/mobilgarazs.com\/#\/schema\/logo\/image\/\",\"url\":\"https:\/\/mobilgarazs.com\/wp-content\/uploads\/2020\/05\/facebook.jpg\",\"contentUrl\":\"https:\/\/mobilgarazs.com\/wp-content\/uploads\/2020\/05\/facebook.jpg\",\"width\":1200,\"height\":630,\"caption\":\"Mobilgar\u00e1zs\"},\"image\":{\"@id\":\"https:\/\/mobilgarazs.com\/#\/schema\/logo\/image\/\"},\"sameAs\":[\"https:\/\/www.facebook.com\/tajfunsystem\",\"https:\/\/www.instagram.com\/dexplatform\/\"]}]}<\/script>\n<!-- \/ Yoast SEO plugin. -->","yoast_head_json":{"title":"[:hu]S\u00fctik[:en]Cookies[:] - Mobilgarazs.com","robots":{"index":"index","follow":"follow","max-snippet":"max-snippet:-1","max-image-preview":"max-image-preview:large","max-video-preview":"max-video-preview:-1"},"canonical":"https:\/\/mobilgarazs.com\/sutik\/","og_locale":"en_US","og_type":"article","og_title":"[:hu]S\u00fctik[:en]Cookies[:] - Mobilgarazs.com","og_description":"[vc_row][vc_column][vc_column_text] Cookies A mobilgarazs.com \u2013 ak\u00e1rcsak a legt\u00f6bb c\u00e9g \u2013 s\u00fctiket haszn\u00e1l a weboldalain. Mi az a s\u00fcti? Egy kis f\u00e1jl, ami a webhelyek megl\u00e1togat\u00e1sakor ker\u00fcl a sz\u00e1m\u00edt\u00f3g\u00e9pre. Pontosabban egy ...","og_url":"https:\/\/mobilgarazs.com\/sutik\/","og_site_name":"Mobilgarazs.com","article_publisher":"https:\/\/www.facebook.com\/tajfunsystem","article_modified_time":"2023-07-02T18:59:26+00:00","og_image":[{"width":1200,"height":630,"url":"https:\/\/mobilgarazs.com\/wp-content\/uploads\/2020\/05\/facebook.jpg","type":"image\/jpeg"}],"twitter_card":"summary_large_image","twitter_misc":{"Est. reading time":"10 minutes"},"schema":{"@context":"https:\/\/schema.org","@graph":[{"@type":"WebPage","@id":"https:\/\/mobilgarazs.com\/sutik\/","url":"https:\/\/mobilgarazs.com\/sutik\/","name":"[:hu]S\u00fctik[:en]Cookies[:] - Mobilgarazs.com","isPartOf":{"@id":"https:\/\/mobilgarazs.com\/#website"},"datePublished":"2020-04-24T05:46:16+00:00","dateModified":"2023-07-02T18:59:26+00:00","breadcrumb":{"@id":"https:\/\/mobilgarazs.com\/sutik\/#breadcrumb"},"inLanguage":"en-US","potentialAction":[{"@type":"ReadAction","target":["https:\/\/mobilgarazs.com\/sutik\/"]}]},{"@type":"BreadcrumbList","@id":"https:\/\/mobilgarazs.com\/sutik\/#breadcrumb","itemListElement":[{"@type":"ListItem","position":1,"name":"Home","item":"https:\/\/mobilgarazs.com\/"},{"@type":"ListItem","position":2,"name":"S\u00fctik"}]},{"@type":"WebSite","@id":"https:\/\/mobilgarazs.com\/#website","url":"https:\/\/mobilgarazs.com\/","name":"Mobil Gar\u00e1zs","description":"Szigetelt mobilgar\u00e1zs, k\u00f6nny\u0171szerkezetes gar\u00e1zs","publisher":{"@id":"https:\/\/mobilgarazs.com\/#organization"},"potentialAction":[{"@type":"SearchAction","target":{"@type":"EntryPoint","urlTemplate":"https:\/\/mobilgarazs.com\/?s={search_term_string}"},"query-input":{"@type":"PropertyValueSpecification","valueRequired":true,"valueName":"search_term_string"}}],"inLanguage":"en-US"},{"@type":"Organization","@id":"https:\/\/mobilgarazs.com\/#organization","name":"Mobilgar\u00e1zs","url":"https:\/\/mobilgarazs.com\/","logo":{"@type":"ImageObject","inLanguage":"en-US","@id":"https:\/\/mobilgarazs.com\/#\/schema\/logo\/image\/","url":"https:\/\/mobilgarazs.com\/wp-content\/uploads\/2020\/05\/facebook.jpg","contentUrl":"https:\/\/mobilgarazs.com\/wp-content\/uploads\/2020\/05\/facebook.jpg","width":1200,"height":630,"caption":"Mobilgar\u00e1zs"},"image":{"@id":"https:\/\/mobilgarazs.com\/#\/schema\/logo\/image\/"},"sameAs":["https:\/\/www.facebook.com\/tajfunsystem","https:\/\/www.instagram.com\/dexplatform\/"]}]}},"_links":{"self":[{"href":"https:\/\/mobilgarazs.com\/en\/wp-json\/wp\/v2\/pages\/12501","targetHints":{"allow":["GET"]}}],"collection":[{"href":"https:\/\/mobilgarazs.com\/en\/wp-json\/wp\/v2\/pages"}],"about":[{"href":"https:\/\/mobilgarazs.com\/en\/wp-json\/wp\/v2\/types\/page"}],"author":[{"embeddable":true,"href":"https:\/\/mobilgarazs.com\/en\/wp-json\/wp\/v2\/users\/1"}],"replies":[{"embeddable":true,"href":"https:\/\/mobilgarazs.com\/en\/wp-json\/wp\/v2\/comments?post=12501"}],"version-history":[{"count":5,"href":"https:\/\/mobilgarazs.com\/en\/wp-json\/wp\/v2\/pages\/12501\/revisions"}],"predecessor-version":[{"id":12506,"href":"https:\/\/mobilgarazs.com\/en\/wp-json\/wp\/v2\/pages\/12501\/revisions\/12506"}],"wp:attachment":[{"href":"https:\/\/mobilgarazs.com\/en\/wp-json\/wp\/v2\/media?parent=12501"}],"curies":[{"name":"wp","href":"https:\/\/api.w.org\/{rel}","templated":true}]}}