{"id":12489,"date":"2020-04-23T11:02:21","date_gmt":"2020-04-23T11:02:21","guid":{"rendered":"https:\/\/mobilgarazs.com\/?page_id=12489"},"modified":"2025-09-15T08:18:26","modified_gmt":"2025-09-15T06:18:26","slug":"gyik","status":"publish","type":"page","link":"https:\/\/mobilgarazs.com\/en\/gyik\/","title":{"rendered":"GYIK"},"content":{"rendered":"<div class=\"wpb-content-wrapper\"><p>[vc_row][vc_column][vc_tta_accordion style=&#8221;modern&#8221; shape=&#8221;square&#8221; color=&#8221;white&#8221; spacing=&#8221;10&#8243; gap=&#8221;10&#8243; active_section=&#8221;&#8221; title=&#8221;Frequently Asked Questions&#8221;][vc_tta_section title=&#8221;1.) Do I need building permit?&#8221; tab_id=&#8221;1&#8243;][vc_column_text]That depends on your local council. That best thing to do is asking them first. In most cases the garage\/building has to be below 100 cubic meter of air if you want to do it without permit. Some councils decides the aspects according to the ridge height.<\/p>\n<p>We can provide type plan and statical calculations to all standard types.<\/p>\n<p>If the building is individual sized, the plan and the calculation has to be done. We will consult you about this in person.<\/p>\n<p>We have N\u00dcJ number in case we need to take part in the e-building log.[\/vc_column_text][\/vc_tta_section][vc_tta_section title=&#8221;2.) How big is the concrete foundation that I need for my garage?&#8221; tab_id=&#8221;2&#8243;][vc_column_text]According to the size of the garage we alway recommend to make the concrete 5 cm bigger on each side. It means if you order a garage that is 3 m x5 m, you need a 3,1 x 5,1 m concrete. It is always important to make a precise concrete foundation, but take extra care when you order bottom sheet cover as well![\/vc_column_text][\/vc_tta_section][vc_tta_section title=&#8221;3.) Does you company do concrete foundation as well?&#8221; tab_id=&#8221;3&#8243;][vc_column_text]No, unfortunately we are not dealing with it.[\/vc_column_text][\/vc_tta_section][vc_tta_section title=&#8221;4.) How long does it take to build a mobile garage?&#8221; tab_id=&#8221;4&#8243;][vc_column_text]It depends on the type of the garage. Solo garages can take a couple of hours, double garages can be done in 1 day. Our isolated buildings can be ready in two days.[\/vc_column_text][\/vc_tta_section][vc_tta_section title=&#8221;6.) How much is the delivery?&#8221; tab_id=&#8221;5&#8243;][vc_column_text]Our prices already include nationwide delivery and assemble. You do not have to pay anything extra.[\/vc_column_text][\/vc_tta_section][vc_tta_section title=&#8221;7.) What do B1, B2, B3 and SZ1, Sz2, Sz3 mean?&#8221; tab_id=&#8221;6&#8243;][vc_column_text]Garage that start with B mean Up and Over door and SZ mean sectional.<br \/>\n1,2,3 means the difference in heights because these garages are available in 3 different sizes.[\/vc_column_text][\/vc_tta_section][\/vc_tta_accordion][\/vc_column][\/vc_row]<\/p>\n<\/div>","protected":false},"excerpt":{"rendered":"<p>[vc_row][vc_column][vc_tta_accordion style=&#8221;modern&#8221; shape=&#8221;square&#8221; color=&#8221;white&#8221; spacing=&#8221;10&#8243; gap=&#8221;10&#8243; active_section=&#8221;&#8221; title=&#8221;Frequently Asked Questions&#8221;][vc_tta_section title=&#8221;1.) Do I need building permit?&#8221; tab_id=&#8221;1&#8243;][vc_column_text]That depends on your local council. That best thing to do is asking them &#8230;<\/p>\n","protected":false},"author":1,"featured_media":0,"parent":0,"menu_order":0,"comment_status":"closed","ping_status":"closed","template":"","meta":{"footnotes":""},"class_list":["post-12489","page","type-page","status-publish","hentry"],"yoast_head":"<!-- This site is optimized with the Yoast SEO plugin v24.4 - https:\/\/yoast.com\/wordpress\/plugins\/seo\/ -->\n<title>Kell \u00e9p\u00edt\u00e9si enged\u00e9ly mobilgar\u00e1zsokhoz? - Gar\u00e1zsok 10 \u00e9v garanci\u00e1val!<\/title>\n<meta name=\"description\" content=\"Mekkora beton sz\u00fcks\u00e9ges a gar\u00e1zshoz? Kell-e \u00e9p\u00edt\u00e9si enged\u00e9ly mobilgar\u00e1zsokhoz? Hasznos inform\u00e1ci\u00f3k mobilgar\u00e1zsok \u00e9p\u00edt\u00e9s\u00e9hez!\" \/>\n<meta name=\"robots\" content=\"index, follow, max-snippet:-1, max-image-preview:large, max-video-preview:-1\" \/>\n<link rel=\"canonical\" href=\"https:\/\/mobilgarazs.com\/gyik\/\" \/>\n<meta property=\"og:locale\" content=\"en_US\" \/>\n<meta property=\"og:type\" content=\"article\" \/>\n<meta property=\"og:title\" content=\"Kell \u00e9p\u00edt\u00e9si enged\u00e9ly mobilgar\u00e1zsokhoz? - Gar\u00e1zsok 10 \u00e9v garanci\u00e1val!\" \/>\n<meta property=\"og:description\" content=\"Mekkora beton sz\u00fcks\u00e9ges a gar\u00e1zshoz? Kell-e \u00e9p\u00edt\u00e9si enged\u00e9ly mobilgar\u00e1zsokhoz? Hasznos inform\u00e1ci\u00f3k mobilgar\u00e1zsok \u00e9p\u00edt\u00e9s\u00e9hez!\" \/>\n<meta property=\"og:url\" content=\"https:\/\/mobilgarazs.com\/gyik\/\" \/>\n<meta property=\"og:site_name\" content=\"Mobilgarazs.com\" \/>\n<meta property=\"article:publisher\" content=\"https:\/\/www.facebook.com\/tajfunsystem\" \/>\n<meta property=\"article:modified_time\" content=\"2025-09-15T06:18:26+00:00\" \/>\n<meta property=\"og:image\" content=\"https:\/\/mobilgarazs.com\/wp-content\/uploads\/2020\/05\/facebook.jpg\" \/>\n\t<meta property=\"og:image:width\" content=\"1200\" \/>\n\t<meta property=\"og:image:height\" content=\"630\" \/>\n\t<meta property=\"og:image:type\" content=\"image\/jpeg\" \/>\n<meta name=\"twitter:card\" content=\"summary_large_image\" \/>\n<meta name=\"twitter:label1\" content=\"Est. reading time\" \/>\n\t<meta name=\"twitter:data1\" content=\"3 minutes\" \/>\n<script type=\"application\/ld+json\" class=\"yoast-schema-graph\">{\"@context\":\"https:\/\/schema.org\",\"@graph\":[{\"@type\":\"WebPage\",\"@id\":\"https:\/\/mobilgarazs.com\/gyik\/\",\"url\":\"https:\/\/mobilgarazs.com\/gyik\/\",\"name\":\"Kell \u00e9p\u00edt\u00e9si enged\u00e9ly mobilgar\u00e1zsokhoz? - Gar\u00e1zsok 10 \u00e9v garanci\u00e1val!\",\"isPartOf\":{\"@id\":\"https:\/\/mobilgarazs.com\/#website\"},\"datePublished\":\"2020-04-23T11:02:21+00:00\",\"dateModified\":\"2025-09-15T06:18:26+00:00\",\"description\":\"Mekkora beton sz\u00fcks\u00e9ges a gar\u00e1zshoz? Kell-e \u00e9p\u00edt\u00e9si enged\u00e9ly mobilgar\u00e1zsokhoz? Hasznos inform\u00e1ci\u00f3k mobilgar\u00e1zsok \u00e9p\u00edt\u00e9s\u00e9hez!\",\"breadcrumb\":{\"@id\":\"https:\/\/mobilgarazs.com\/gyik\/#breadcrumb\"},\"inLanguage\":\"en-US\",\"potentialAction\":[{\"@type\":\"ReadAction\",\"target\":[\"https:\/\/mobilgarazs.com\/gyik\/\"]}]},{\"@type\":\"BreadcrumbList\",\"@id\":\"https:\/\/mobilgarazs.com\/gyik\/#breadcrumb\",\"itemListElement\":[{\"@type\":\"ListItem\",\"position\":1,\"name\":\"Home\",\"item\":\"https:\/\/mobilgarazs.com\/\"},{\"@type\":\"ListItem\",\"position\":2,\"name\":\"GYIK\"}]},{\"@type\":\"WebSite\",\"@id\":\"https:\/\/mobilgarazs.com\/#website\",\"url\":\"https:\/\/mobilgarazs.com\/\",\"name\":\"Mobil Gar\u00e1zs\",\"description\":\"Szigetelt mobilgar\u00e1zs, k\u00f6nny\u0171szerkezetes gar\u00e1zs\",\"publisher\":{\"@id\":\"https:\/\/mobilgarazs.com\/#organization\"},\"potentialAction\":[{\"@type\":\"SearchAction\",\"target\":{\"@type\":\"EntryPoint\",\"urlTemplate\":\"https:\/\/mobilgarazs.com\/?s={search_term_string}\"},\"query-input\":{\"@type\":\"PropertyValueSpecification\",\"valueRequired\":true,\"valueName\":\"search_term_string\"}}],\"inLanguage\":\"en-US\"},{\"@type\":\"Organization\",\"@id\":\"https:\/\/mobilgarazs.com\/#organization\",\"name\":\"Mobilgar\u00e1zs\",\"url\":\"https:\/\/mobilgarazs.com\/\",\"logo\":{\"@type\":\"ImageObject\",\"inLanguage\":\"en-US\",\"@id\":\"https:\/\/mobilgarazs.com\/#\/schema\/logo\/image\/\",\"url\":\"https:\/\/mobilgarazs.com\/wp-content\/uploads\/2020\/05\/facebook.jpg\",\"contentUrl\":\"https:\/\/mobilgarazs.com\/wp-content\/uploads\/2020\/05\/facebook.jpg\",\"width\":1200,\"height\":630,\"caption\":\"Mobilgar\u00e1zs\"},\"image\":{\"@id\":\"https:\/\/mobilgarazs.com\/#\/schema\/logo\/image\/\"},\"sameAs\":[\"https:\/\/www.facebook.com\/tajfunsystem\",\"https:\/\/www.instagram.com\/dexplatform\/\"]}]}<\/script>\n<!-- \/ Yoast SEO plugin. -->","yoast_head_json":{"title":"Kell \u00e9p\u00edt\u00e9si enged\u00e9ly mobilgar\u00e1zsokhoz? - Gar\u00e1zsok 10 \u00e9v garanci\u00e1val!","description":"Mekkora beton sz\u00fcks\u00e9ges a gar\u00e1zshoz? Kell-e \u00e9p\u00edt\u00e9si enged\u00e9ly mobilgar\u00e1zsokhoz? Hasznos inform\u00e1ci\u00f3k mobilgar\u00e1zsok \u00e9p\u00edt\u00e9s\u00e9hez!","robots":{"index":"index","follow":"follow","max-snippet":"max-snippet:-1","max-image-preview":"max-image-preview:large","max-video-preview":"max-video-preview:-1"},"canonical":"https:\/\/mobilgarazs.com\/gyik\/","og_locale":"en_US","og_type":"article","og_title":"Kell \u00e9p\u00edt\u00e9si enged\u00e9ly mobilgar\u00e1zsokhoz? - Gar\u00e1zsok 10 \u00e9v garanci\u00e1val!","og_description":"Mekkora beton sz\u00fcks\u00e9ges a gar\u00e1zshoz? Kell-e \u00e9p\u00edt\u00e9si enged\u00e9ly mobilgar\u00e1zsokhoz? Hasznos inform\u00e1ci\u00f3k mobilgar\u00e1zsok \u00e9p\u00edt\u00e9s\u00e9hez!","og_url":"https:\/\/mobilgarazs.com\/gyik\/","og_site_name":"Mobilgarazs.com","article_publisher":"https:\/\/www.facebook.com\/tajfunsystem","article_modified_time":"2025-09-15T06:18:26+00:00","og_image":[{"width":1200,"height":630,"url":"https:\/\/mobilgarazs.com\/wp-content\/uploads\/2020\/05\/facebook.jpg","type":"image\/jpeg"}],"twitter_card":"summary_large_image","twitter_misc":{"Est. reading time":"3 minutes"},"schema":{"@context":"https:\/\/schema.org","@graph":[{"@type":"WebPage","@id":"https:\/\/mobilgarazs.com\/gyik\/","url":"https:\/\/mobilgarazs.com\/gyik\/","name":"Kell \u00e9p\u00edt\u00e9si enged\u00e9ly mobilgar\u00e1zsokhoz? - Gar\u00e1zsok 10 \u00e9v garanci\u00e1val!","isPartOf":{"@id":"https:\/\/mobilgarazs.com\/#website"},"datePublished":"2020-04-23T11:02:21+00:00","dateModified":"2025-09-15T06:18:26+00:00","description":"Mekkora beton sz\u00fcks\u00e9ges a gar\u00e1zshoz? Kell-e \u00e9p\u00edt\u00e9si enged\u00e9ly mobilgar\u00e1zsokhoz? Hasznos inform\u00e1ci\u00f3k mobilgar\u00e1zsok \u00e9p\u00edt\u00e9s\u00e9hez!","breadcrumb":{"@id":"https:\/\/mobilgarazs.com\/gyik\/#breadcrumb"},"inLanguage":"en-US","potentialAction":[{"@type":"ReadAction","target":["https:\/\/mobilgarazs.com\/gyik\/"]}]},{"@type":"BreadcrumbList","@id":"https:\/\/mobilgarazs.com\/gyik\/#breadcrumb","itemListElement":[{"@type":"ListItem","position":1,"name":"Home","item":"https:\/\/mobilgarazs.com\/"},{"@type":"ListItem","position":2,"name":"GYIK"}]},{"@type":"WebSite","@id":"https:\/\/mobilgarazs.com\/#website","url":"https:\/\/mobilgarazs.com\/","name":"Mobil Gar\u00e1zs","description":"Szigetelt mobilgar\u00e1zs, k\u00f6nny\u0171szerkezetes gar\u00e1zs","publisher":{"@id":"https:\/\/mobilgarazs.com\/#organization"},"potentialAction":[{"@type":"SearchAction","target":{"@type":"EntryPoint","urlTemplate":"https:\/\/mobilgarazs.com\/?s={search_term_string}"},"query-input":{"@type":"PropertyValueSpecification","valueRequired":true,"valueName":"search_term_string"}}],"inLanguage":"en-US"},{"@type":"Organization","@id":"https:\/\/mobilgarazs.com\/#organization","name":"Mobilgar\u00e1zs","url":"https:\/\/mobilgarazs.com\/","logo":{"@type":"ImageObject","inLanguage":"en-US","@id":"https:\/\/mobilgarazs.com\/#\/schema\/logo\/image\/","url":"https:\/\/mobilgarazs.com\/wp-content\/uploads\/2020\/05\/facebook.jpg","contentUrl":"https:\/\/mobilgarazs.com\/wp-content\/uploads\/2020\/05\/facebook.jpg","width":1200,"height":630,"caption":"Mobilgar\u00e1zs"},"image":{"@id":"https:\/\/mobilgarazs.com\/#\/schema\/logo\/image\/"},"sameAs":["https:\/\/www.facebook.com\/tajfunsystem","https:\/\/www.instagram.com\/dexplatform\/"]}]}},"_links":{"self":[{"href":"https:\/\/mobilgarazs.com\/en\/wp-json\/wp\/v2\/pages\/12489","targetHints":{"allow":["GET"]}}],"collection":[{"href":"https:\/\/mobilgarazs.com\/en\/wp-json\/wp\/v2\/pages"}],"about":[{"href":"https:\/\/mobilgarazs.com\/en\/wp-json\/wp\/v2\/types\/page"}],"author":[{"embeddable":true,"href":"https:\/\/mobilgarazs.com\/en\/wp-json\/wp\/v2\/users\/1"}],"replies":[{"embeddable":true,"href":"https:\/\/mobilgarazs.com\/en\/wp-json\/wp\/v2\/comments?post=12489"}],"version-history":[{"count":15,"href":"https:\/\/mobilgarazs.com\/en\/wp-json\/wp\/v2\/pages\/12489\/revisions"}],"predecessor-version":[{"id":13562,"href":"https:\/\/mobilgarazs.com\/en\/wp-json\/wp\/v2\/pages\/12489\/revisions\/13562"}],"wp:attachment":[{"href":"https:\/\/mobilgarazs.com\/en\/wp-json\/wp\/v2\/media?parent=12489"}],"curies":[{"name":"wp","href":"https:\/\/api.w.org\/{rel}","templated":true}]}}