{"id":12487,"date":"2020-04-23T06:55:07","date_gmt":"2020-04-23T06:55:07","guid":{"rendered":"https:\/\/mobilgarazs.com\/?page_id=12487"},"modified":"2025-09-17T08:57:28","modified_gmt":"2025-09-17T06:57:28","slug":"egyedi-epuletek","status":"publish","type":"page","link":"https:\/\/mobilgarazs.com\/en\/egyedi-epuletek\/","title":{"rendered":"Individual buildings"},"content":{"rendered":"<div class=\"wpb-content-wrapper\"><p>[vc_row][vc_column][vc_column_text]Based on our customers needs we also deal with garages that have individual sizes or detials. We deliver and assamble these buildings nationwide.<\/p>\n<p>If the size of the individual building differs from a standard type only, we calculate it based on the standard buildings at a price per square meter, so the individual size does not mean an individual surcharge in itself.<\/p>\n<p>If you have ideas that differ from our standard types, we will calculate the exact price for you and provide full information in case of questions, as the price calculations depend on the idea, so on individual needs.<\/p>\n<p>We welcome ideas made either by hand or based on existing plans, which we try to implement by adapting to our technology.<\/p>\n<p>[\/vc_column_text][\/vc_column][\/vc_row][vc_row][vc_column width=&#8221;1\/2&#8243;][vc_column_text]\r\n\t\t\t\t\t\n\r\n\t\t\t\t\t<!-- START UNITE GALLERY 1.7.44 -->\r\n\t\t\t\t\t\r\n\t\t\t\t\n\t\t\t<div id='unitegallery_3_2' class='unite-gallery' style='margin:0px auto;'>\n\t\t\t\t\n\n\t\t\t\t\t\t<img decoding=\"async\" alt=\"Ricsi mobil 180\"\n\t\t\t\t\t\t     src=\"\" data-image=\"https:\/\/mobilgarazs.com\/wp-content\/uploads\/2020\/04\/Ricsi-mobil-180-scaled.jpg\"\n\t\t\t\t\t\t     data-thumb=\"https:\/\/mobilgarazs.com\/wp-content\/uploads\/2020\/04\/Ricsi-mobil-180-300x225.jpg\"\n\t\t\t\t\t\t     title=\"\"\n\t\t\t\t\t\t     style=\"display:none\">\n\n\t\t\t\t\t\t<img decoding=\"async\" alt=\"Iphonom-2016-aprilis-617\"\n\t\t\t\t\t\t     src=\"\" data-image=\"https:\/\/mobilgarazs.com\/wp-content\/uploads\/2023\/07\/Iphonom-2016-aprilis-617.jpg\"\n\t\t\t\t\t\t     data-thumb=\"https:\/\/mobilgarazs.com\/wp-content\/uploads\/2023\/07\/Iphonom-2016-aprilis-617-300x225.jpg\"\n\t\t\t\t\t\t     title=\"\"\n\t\t\t\t\t\t     style=\"display:none\">\n\n\t\t\t\t\t\t<img decoding=\"async\" alt=\"IMG_4979\"\n\t\t\t\t\t\t     src=\"\" data-image=\"https:\/\/mobilgarazs.com\/wp-content\/uploads\/2020\/04\/IMG_4979-scaled.jpg\"\n\t\t\t\t\t\t     data-thumb=\"https:\/\/mobilgarazs.com\/wp-content\/uploads\/2020\/04\/IMG_4979-300x169.jpg\"\n\t\t\t\t\t\t     title=\"\"\n\t\t\t\t\t\t     style=\"display:none\">\n\n\t\t\t\t\t\t<img decoding=\"async\" alt=\"IMG_3770\"\n\t\t\t\t\t\t     src=\"\" data-image=\"https:\/\/mobilgarazs.com\/wp-content\/uploads\/2020\/04\/IMG_3770-scaled.jpg\"\n\t\t\t\t\t\t     data-thumb=\"https:\/\/mobilgarazs.com\/wp-content\/uploads\/2020\/04\/IMG_3770-300x225.jpg\"\n\t\t\t\t\t\t     title=\"\"\n\t\t\t\t\t\t     style=\"display:none\">\n\n\t\t\t\t\t\t<img decoding=\"async\" alt=\"IMG_3421\"\n\t\t\t\t\t\t     src=\"\" data-image=\"https:\/\/mobilgarazs.com\/wp-content\/uploads\/2020\/04\/IMG_3421-scaled.jpg\"\n\t\t\t\t\t\t     data-thumb=\"https:\/\/mobilgarazs.com\/wp-content\/uploads\/2020\/04\/IMG_3421-300x225.jpg\"\n\t\t\t\t\t\t     title=\"\"\n\t\t\t\t\t\t     style=\"display:none\">\n\n\t\t\t\t\t\t<img decoding=\"async\" alt=\"IMG_3369\"\n\t\t\t\t\t\t     src=\"\" data-image=\"https:\/\/mobilgarazs.com\/wp-content\/uploads\/2020\/04\/IMG_3369-scaled.jpg\"\n\t\t\t\t\t\t     data-thumb=\"https:\/\/mobilgarazs.com\/wp-content\/uploads\/2020\/04\/IMG_3369-300x225.jpg\"\n\t\t\t\t\t\t     title=\"\"\n\t\t\t\t\t\t     style=\"display:none\">\n\n\t\t\t\t\t\t<img decoding=\"async\" alt=\"egyedi_epulet (11)\"\n\t\t\t\t\t\t     src=\"\" data-image=\"https:\/\/mobilgarazs.com\/wp-content\/uploads\/2020\/04\/egyedi_epulet-11-scaled.jpg\"\n\t\t\t\t\t\t     data-thumb=\"https:\/\/mobilgarazs.com\/wp-content\/uploads\/2020\/04\/egyedi_epulet-11-300x169.jpg\"\n\t\t\t\t\t\t     title=\"\"\n\t\t\t\t\t\t     style=\"display:none\">\n\n\t\t\t\t\t\t<img decoding=\"async\" alt=\"71645191_481366465789205_2733093007061417984_n\"\n\t\t\t\t\t\t     src=\"\" data-image=\"https:\/\/mobilgarazs.com\/wp-content\/uploads\/2020\/04\/71645191_481366465789205_2733093007061417984_n.jpg\"\n\t\t\t\t\t\t     data-thumb=\"https:\/\/mobilgarazs.com\/wp-content\/uploads\/2020\/04\/71645191_481366465789205_2733093007061417984_n-300x225.jpg\"\n\t\t\t\t\t\t     title=\"\"\n\t\t\t\t\t\t     style=\"display:none\">\n\n\t\t\t\t\t\t<img decoding=\"async\" alt=\"66848717_725924007871249_8884051469938982912_n\"\n\t\t\t\t\t\t     src=\"\" data-image=\"https:\/\/mobilgarazs.com\/wp-content\/uploads\/2020\/04\/66848717_725924007871249_8884051469938982912_n.jpg\"\n\t\t\t\t\t\t     data-thumb=\"https:\/\/mobilgarazs.com\/wp-content\/uploads\/2020\/04\/66848717_725924007871249_8884051469938982912_n-300x225.jpg\"\n\t\t\t\t\t\t     title=\"\"\n\t\t\t\t\t\t     style=\"display:none\">\n\n\t\t\t\t\t\t<img decoding=\"async\" alt=\"40298024_2205488143063422_6594216611291332608_n\"\n\t\t\t\t\t\t     src=\"\" data-image=\"https:\/\/mobilgarazs.com\/wp-content\/uploads\/2020\/04\/40298024_2205488143063422_6594216611291332608_n-scaled.jpg\"\n\t\t\t\t\t\t     data-thumb=\"https:\/\/mobilgarazs.com\/wp-content\/uploads\/2020\/04\/40298024_2205488143063422_6594216611291332608_n-300x225.jpg\"\n\t\t\t\t\t\t     title=\"\"\n\t\t\t\t\t\t     style=\"display:none\">\n\n\t\t\t\t\t\t<img decoding=\"async\" alt=\"36401629_2072697802771496_3979332013432766464_n\"\n\t\t\t\t\t\t     src=\"\" data-image=\"https:\/\/mobilgarazs.com\/wp-content\/uploads\/2020\/04\/36401629_2072697802771496_3979332013432766464_n-scaled.jpg\"\n\t\t\t\t\t\t     data-thumb=\"https:\/\/mobilgarazs.com\/wp-content\/uploads\/2020\/04\/36401629_2072697802771496_3979332013432766464_n-300x225.jpg\"\n\t\t\t\t\t\t     title=\"\"\n\t\t\t\t\t\t     style=\"display:none\">\n\n\t\t\t\t\t\t<img decoding=\"async\" alt=\"34775602_2035657879808822_4738602237599678464_n\"\n\t\t\t\t\t\t     src=\"\" data-image=\"https:\/\/mobilgarazs.com\/wp-content\/uploads\/2020\/04\/34775602_2035657879808822_4738602237599678464_n-scaled.jpg\"\n\t\t\t\t\t\t     data-thumb=\"https:\/\/mobilgarazs.com\/wp-content\/uploads\/2020\/04\/34775602_2035657879808822_4738602237599678464_n-300x225.jpg\"\n\t\t\t\t\t\t     title=\"\"\n\t\t\t\t\t\t     style=\"display:none\">\n\n\t\t\t\t\t\t<img decoding=\"async\" alt=\"29136702_1668679169887218_5687642542313570304_n\"\n\t\t\t\t\t\t     src=\"\" data-image=\"https:\/\/mobilgarazs.com\/wp-content\/uploads\/2020\/04\/29136702_1668679169887218_5687642542313570304_n-scaled.jpg\"\n\t\t\t\t\t\t     data-thumb=\"https:\/\/mobilgarazs.com\/wp-content\/uploads\/2020\/04\/29136702_1668679169887218_5687642542313570304_n-300x169.jpg\"\n\t\t\t\t\t\t     title=\"\"\n\t\t\t\t\t\t     style=\"display:none\">\n\n\t\t\t\t\t\t<img decoding=\"async\" alt=\"20161008_105521\"\n\t\t\t\t\t\t     src=\"\" data-image=\"https:\/\/mobilgarazs.com\/wp-content\/uploads\/2020\/04\/20161008_105521-1-scaled.jpg\"\n\t\t\t\t\t\t     data-thumb=\"https:\/\/mobilgarazs.com\/wp-content\/uploads\/2020\/04\/20161008_105521-1-300x169.jpg\"\n\t\t\t\t\t\t     title=\"\"\n\t\t\t\t\t\t     style=\"display:none\">\n\n\t\t\t\t\t\t<img decoding=\"async\" alt=\"14627827_927240110715708_1710334503_n\"\n\t\t\t\t\t\t     src=\"\" data-image=\"https:\/\/mobilgarazs.com\/wp-content\/uploads\/2020\/04\/14627827_927240110715708_1710334503_n-1.jpg\"\n\t\t\t\t\t\t     data-thumb=\"https:\/\/mobilgarazs.com\/wp-content\/uploads\/2020\/04\/14627827_927240110715708_1710334503_n-1-300x225.jpg\"\n\t\t\t\t\t\t     title=\"\"\n\t\t\t\t\t\t     style=\"display:none\">\n\n\t\t\t\t\t\t<img decoding=\"async\" alt=\"12041879_959692970738657_131332371_n\"\n\t\t\t\t\t\t     src=\"\" data-image=\"https:\/\/mobilgarazs.com\/wp-content\/uploads\/2020\/04\/12041879_959692970738657_131332371_n-1.jpg\"\n\t\t\t\t\t\t     data-thumb=\"https:\/\/mobilgarazs.com\/wp-content\/uploads\/2020\/04\/12041879_959692970738657_131332371_n-1-300x169.jpg\"\n\t\t\t\t\t\t     title=\"\"\n\t\t\t\t\t\t     style=\"display:none\">\n\t\t\t<\/div>\n\n\n\t\t\t<!-- END UNITEGALLERY -->[\/vc_column_text][\/vc_column][vc_column width=&#8221;1\/2&#8243;][vc_column_text css=&#8221;.vc_custom_1588169658206{margin-top: 35px !important;}&#8221;]<\/p>\n<h3><span lang=\"HU\"><span class=\"tlid-translation translation\" lang=\"en\"><span class=\"\" title=\"\">Online Inquiry (Contact Form)<\/span><\/span><\/span><\/h3>\n<div class=\"wpcf7 no-js\" id=\"wpcf7-f12864-o2\" lang=\"hu-HU\" dir=\"ltr\" data-wpcf7-id=\"12864\">\n<div class=\"screen-reader-response\"><p role=\"status\" aria-live=\"polite\" aria-atomic=\"true\"><\/p> <ul><\/ul><\/div>\n<form action=\"\/en\/wp-json\/wp\/v2\/pages\/12487#wpcf7-f12864-o2\" method=\"post\" class=\"wpcf7-form init\" aria-label=\"Kapcsolatfelv\u00e9teli \u0171rlap\" novalidate=\"novalidate\" data-status=\"init\">\n<div style=\"display: none;\">\n<input type=\"hidden\" name=\"_wpcf7\" value=\"12864\" \/>\n<input type=\"hidden\" name=\"_wpcf7_version\" value=\"6.0.3\" \/>\n<input type=\"hidden\" name=\"_wpcf7_locale\" value=\"hu_HU\" \/>\n<input type=\"hidden\" name=\"_wpcf7_unit_tag\" value=\"wpcf7-f12864-o2\" \/>\n<input type=\"hidden\" name=\"_wpcf7_container_post\" value=\"0\" \/>\n<input type=\"hidden\" name=\"_wpcf7_posted_data_hash\" value=\"\" \/>\n<input type=\"hidden\" name=\"_wpcf7_recaptcha_response\" value=\"\" \/>\n<\/div>\n<p><span class=\"wpcf7-form-control-wrap\" data-name=\"nev\"><input size=\"40\" maxlength=\"400\" class=\"wpcf7-form-control wpcf7-text wpcf7-validates-as-required\" aria-required=\"true\" aria-invalid=\"false\" placeholder=\"Name*\" value=\"\" type=\"text\" name=\"nev\" \/><\/span>\n<\/p>\n<p><span class=\"wpcf7-form-control-wrap\" data-name=\"email-711\"><input size=\"40\" maxlength=\"400\" class=\"wpcf7-form-control wpcf7-text wpcf7-validates-as-required\" aria-required=\"true\" aria-invalid=\"false\" placeholder=\"E-mail*\" value=\"\" type=\"text\" name=\"email-711\" \/><\/span>\n<\/p>\n<p>Subject: Individual buildings\n<\/p>\n<p><span class=\"wpcf7-form-control-wrap\" data-name=\"your-message\"><textarea cols=\"40\" rows=\"10\" maxlength=\"2000\" class=\"wpcf7-form-control wpcf7-textarea wpcf7-validates-as-required\" aria-required=\"true\" aria-invalid=\"false\" placeholder=\"Message*\" name=\"your-message\"><\/textarea><\/span>\n<\/p>\n<p><span class=\"wpcf7-form-control-wrap\" data-name=\"acceptance-521\"><span class=\"wpcf7-form-control wpcf7-acceptance\"><span class=\"wpcf7-list-item\"><label><input type=\"checkbox\" name=\"acceptance-521\" value=\"1\" aria-invalid=\"false\" \/><span class=\"wpcf7-list-item-label\">I have read and accept the <a href=\"https:\/\/mobilgarazs.com\/wp-content\/uploads\/2020\/04\/GDPRNyilatkozat.pdf\" target=\"_blank\">privacy statement..<\/a><\/span><\/label><\/span><\/span><\/span>\n<\/p>\n<p><input class=\"wpcf7-form-control wpcf7-submit has-spinner\" type=\"submit\" value=\"Send\" \/>\n<\/p><div class=\"wpcf7-response-output\" aria-hidden=\"true\"><\/div>\n<\/form>\n<\/div>\n[\/vc_column_text][\/vc_column][\/vc_row]<\/p>\n<\/div>","protected":false},"excerpt":{"rendered":"<p>[vc_row][vc_column][vc_column_text]Based on our customers needs we also deal with garages that have individual sizes or detials. We deliver and assamble these buildings nationwide. If the size of the individual building &#8230;<\/p>\n","protected":false},"author":1,"featured_media":0,"parent":0,"menu_order":0,"comment_status":"closed","ping_status":"closed","template":"","meta":{"footnotes":""},"class_list":["post-12487","page","type-page","status-publish","hentry"],"yoast_head":"<!-- This site is optimized with the Yoast SEO plugin v24.4 - https:\/\/yoast.com\/wordpress\/plugins\/seo\/ -->\n<title>Egyedi mobilgar\u00e1zsok pr\u00e9mium min\u0151s\u00e9gben 10 \u00e9v garanci\u00e1val!<\/title>\n<meta name=\"description\" content=\"V\u00e1llaljuk egyedi mobilgar\u00e1zsok gy\u00e1rt\u00e1s\u00e1t! Szigetelt mobilgar\u00e1zsok \u00e9s lemezgar\u00e1zsok egyedi m\u00e9retben, orsz\u00e1gos kisz\u00e1ll\u00edt\u00e1ssal\" \/>\n<meta name=\"robots\" content=\"index, follow, max-snippet:-1, max-image-preview:large, max-video-preview:-1\" \/>\n<link rel=\"canonical\" href=\"https:\/\/mobilgarazs.com\/egyedi-epuletek\/\" \/>\n<meta property=\"og:locale\" content=\"en_US\" \/>\n<meta property=\"og:type\" content=\"article\" \/>\n<meta property=\"og:title\" content=\"Egyedi mobilgar\u00e1zsok pr\u00e9mium min\u0151s\u00e9gben 10 \u00e9v garanci\u00e1val!\" \/>\n<meta property=\"og:description\" content=\"V\u00e1llaljuk egyedi mobilgar\u00e1zsok gy\u00e1rt\u00e1s\u00e1t! Szigetelt mobilgar\u00e1zsok \u00e9s lemezgar\u00e1zsok egyedi m\u00e9retben, orsz\u00e1gos kisz\u00e1ll\u00edt\u00e1ssal\" \/>\n<meta property=\"og:url\" content=\"https:\/\/mobilgarazs.com\/egyedi-epuletek\/\" \/>\n<meta property=\"og:site_name\" content=\"Mobilgarazs.com\" \/>\n<meta property=\"article:publisher\" content=\"https:\/\/www.facebook.com\/tajfunsystem\" \/>\n<meta property=\"article:modified_time\" content=\"2025-09-17T06:57:28+00:00\" \/>\n<meta property=\"og:image\" content=\"https:\/\/mobilgarazs.com\/wp-content\/uploads\/2025\/09\/egyedi_mobilgarazs_6-scaled.jpg\" \/>\n\t<meta property=\"og:image:width\" content=\"2560\" \/>\n\t<meta property=\"og:image:height\" content=\"1920\" \/>\n\t<meta property=\"og:image:type\" content=\"image\/jpeg\" \/>\n<meta name=\"twitter:card\" content=\"summary_large_image\" \/>\n<meta name=\"twitter:label1\" content=\"Est. reading time\" \/>\n\t<meta name=\"twitter:data1\" content=\"4 minutes\" \/>\n<script type=\"application\/ld+json\" class=\"yoast-schema-graph\">{\"@context\":\"https:\/\/schema.org\",\"@graph\":[{\"@type\":\"WebPage\",\"@id\":\"https:\/\/mobilgarazs.com\/egyedi-epuletek\/\",\"url\":\"https:\/\/mobilgarazs.com\/egyedi-epuletek\/\",\"name\":\"Egyedi mobilgar\u00e1zsok pr\u00e9mium min\u0151s\u00e9gben 10 \u00e9v garanci\u00e1val!\",\"isPartOf\":{\"@id\":\"https:\/\/mobilgarazs.com\/#website\"},\"primaryImageOfPage\":{\"@id\":\"https:\/\/mobilgarazs.com\/egyedi-epuletek\/#primaryimage\"},\"image\":{\"@id\":\"https:\/\/mobilgarazs.com\/egyedi-epuletek\/#primaryimage\"},\"thumbnailUrl\":\"https:\/\/mobilgarazs.com\/wp-content\/uploads\/2025\/09\/egyedi_mobilgarazs_6-300x225.jpg\",\"datePublished\":\"2020-04-23T06:55:07+00:00\",\"dateModified\":\"2025-09-17T06:57:28+00:00\",\"description\":\"V\u00e1llaljuk egyedi mobilgar\u00e1zsok gy\u00e1rt\u00e1s\u00e1t! Szigetelt mobilgar\u00e1zsok \u00e9s lemezgar\u00e1zsok egyedi m\u00e9retben, orsz\u00e1gos kisz\u00e1ll\u00edt\u00e1ssal\",\"breadcrumb\":{\"@id\":\"https:\/\/mobilgarazs.com\/egyedi-epuletek\/#breadcrumb\"},\"inLanguage\":\"en-US\",\"potentialAction\":[{\"@type\":\"ReadAction\",\"target\":[\"https:\/\/mobilgarazs.com\/egyedi-epuletek\/\"]}]},{\"@type\":\"ImageObject\",\"inLanguage\":\"en-US\",\"@id\":\"https:\/\/mobilgarazs.com\/egyedi-epuletek\/#primaryimage\",\"url\":\"https:\/\/mobilgarazs.com\/wp-content\/uploads\/2025\/09\/egyedi_mobilgarazs_6-300x225.jpg\",\"contentUrl\":\"https:\/\/mobilgarazs.com\/wp-content\/uploads\/2025\/09\/egyedi_mobilgarazs_6-300x225.jpg\"},{\"@type\":\"BreadcrumbList\",\"@id\":\"https:\/\/mobilgarazs.com\/egyedi-epuletek\/#breadcrumb\",\"itemListElement\":[{\"@type\":\"ListItem\",\"position\":1,\"name\":\"Home\",\"item\":\"https:\/\/mobilgarazs.com\/\"},{\"@type\":\"ListItem\",\"position\":2,\"name\":\"Egyedi \u00c9p\u00fcletek\"}]},{\"@type\":\"WebSite\",\"@id\":\"https:\/\/mobilgarazs.com\/#website\",\"url\":\"https:\/\/mobilgarazs.com\/\",\"name\":\"Mobil Gar\u00e1zs\",\"description\":\"Szigetelt mobilgar\u00e1zs, k\u00f6nny\u0171szerkezetes gar\u00e1zs\",\"publisher\":{\"@id\":\"https:\/\/mobilgarazs.com\/#organization\"},\"potentialAction\":[{\"@type\":\"SearchAction\",\"target\":{\"@type\":\"EntryPoint\",\"urlTemplate\":\"https:\/\/mobilgarazs.com\/?s={search_term_string}\"},\"query-input\":{\"@type\":\"PropertyValueSpecification\",\"valueRequired\":true,\"valueName\":\"search_term_string\"}}],\"inLanguage\":\"en-US\"},{\"@type\":\"Organization\",\"@id\":\"https:\/\/mobilgarazs.com\/#organization\",\"name\":\"Mobilgar\u00e1zs\",\"url\":\"https:\/\/mobilgarazs.com\/\",\"logo\":{\"@type\":\"ImageObject\",\"inLanguage\":\"en-US\",\"@id\":\"https:\/\/mobilgarazs.com\/#\/schema\/logo\/image\/\",\"url\":\"https:\/\/mobilgarazs.com\/wp-content\/uploads\/2020\/05\/facebook.jpg\",\"contentUrl\":\"https:\/\/mobilgarazs.com\/wp-content\/uploads\/2020\/05\/facebook.jpg\",\"width\":1200,\"height\":630,\"caption\":\"Mobilgar\u00e1zs\"},\"image\":{\"@id\":\"https:\/\/mobilgarazs.com\/#\/schema\/logo\/image\/\"},\"sameAs\":[\"https:\/\/www.facebook.com\/tajfunsystem\",\"https:\/\/www.instagram.com\/dexplatform\/\"]}]}<\/script>\n<!-- \/ Yoast SEO plugin. -->","yoast_head_json":{"title":"Egyedi mobilgar\u00e1zsok pr\u00e9mium min\u0151s\u00e9gben 10 \u00e9v garanci\u00e1val!","description":"V\u00e1llaljuk egyedi mobilgar\u00e1zsok gy\u00e1rt\u00e1s\u00e1t! Szigetelt mobilgar\u00e1zsok \u00e9s lemezgar\u00e1zsok egyedi m\u00e9retben, orsz\u00e1gos kisz\u00e1ll\u00edt\u00e1ssal","robots":{"index":"index","follow":"follow","max-snippet":"max-snippet:-1","max-image-preview":"max-image-preview:large","max-video-preview":"max-video-preview:-1"},"canonical":"https:\/\/mobilgarazs.com\/egyedi-epuletek\/","og_locale":"en_US","og_type":"article","og_title":"Egyedi mobilgar\u00e1zsok pr\u00e9mium min\u0151s\u00e9gben 10 \u00e9v garanci\u00e1val!","og_description":"V\u00e1llaljuk egyedi mobilgar\u00e1zsok gy\u00e1rt\u00e1s\u00e1t! Szigetelt mobilgar\u00e1zsok \u00e9s lemezgar\u00e1zsok egyedi m\u00e9retben, orsz\u00e1gos kisz\u00e1ll\u00edt\u00e1ssal","og_url":"https:\/\/mobilgarazs.com\/egyedi-epuletek\/","og_site_name":"Mobilgarazs.com","article_publisher":"https:\/\/www.facebook.com\/tajfunsystem","article_modified_time":"2025-09-17T06:57:28+00:00","og_image":[{"width":2560,"height":1920,"url":"https:\/\/mobilgarazs.com\/wp-content\/uploads\/2025\/09\/egyedi_mobilgarazs_6-scaled.jpg","type":"image\/jpeg"}],"twitter_card":"summary_large_image","twitter_misc":{"Est. reading time":"4 minutes"},"schema":{"@context":"https:\/\/schema.org","@graph":[{"@type":"WebPage","@id":"https:\/\/mobilgarazs.com\/egyedi-epuletek\/","url":"https:\/\/mobilgarazs.com\/egyedi-epuletek\/","name":"Egyedi mobilgar\u00e1zsok pr\u00e9mium min\u0151s\u00e9gben 10 \u00e9v garanci\u00e1val!","isPartOf":{"@id":"https:\/\/mobilgarazs.com\/#website"},"primaryImageOfPage":{"@id":"https:\/\/mobilgarazs.com\/egyedi-epuletek\/#primaryimage"},"image":{"@id":"https:\/\/mobilgarazs.com\/egyedi-epuletek\/#primaryimage"},"thumbnailUrl":"https:\/\/mobilgarazs.com\/wp-content\/uploads\/2025\/09\/egyedi_mobilgarazs_6-300x225.jpg","datePublished":"2020-04-23T06:55:07+00:00","dateModified":"2025-09-17T06:57:28+00:00","description":"V\u00e1llaljuk egyedi mobilgar\u00e1zsok gy\u00e1rt\u00e1s\u00e1t! Szigetelt mobilgar\u00e1zsok \u00e9s lemezgar\u00e1zsok egyedi m\u00e9retben, orsz\u00e1gos kisz\u00e1ll\u00edt\u00e1ssal","breadcrumb":{"@id":"https:\/\/mobilgarazs.com\/egyedi-epuletek\/#breadcrumb"},"inLanguage":"en-US","potentialAction":[{"@type":"ReadAction","target":["https:\/\/mobilgarazs.com\/egyedi-epuletek\/"]}]},{"@type":"ImageObject","inLanguage":"en-US","@id":"https:\/\/mobilgarazs.com\/egyedi-epuletek\/#primaryimage","url":"https:\/\/mobilgarazs.com\/wp-content\/uploads\/2025\/09\/egyedi_mobilgarazs_6-300x225.jpg","contentUrl":"https:\/\/mobilgarazs.com\/wp-content\/uploads\/2025\/09\/egyedi_mobilgarazs_6-300x225.jpg"},{"@type":"BreadcrumbList","@id":"https:\/\/mobilgarazs.com\/egyedi-epuletek\/#breadcrumb","itemListElement":[{"@type":"ListItem","position":1,"name":"Home","item":"https:\/\/mobilgarazs.com\/"},{"@type":"ListItem","position":2,"name":"Egyedi \u00c9p\u00fcletek"}]},{"@type":"WebSite","@id":"https:\/\/mobilgarazs.com\/#website","url":"https:\/\/mobilgarazs.com\/","name":"Mobil Gar\u00e1zs","description":"Szigetelt mobilgar\u00e1zs, k\u00f6nny\u0171szerkezetes gar\u00e1zs","publisher":{"@id":"https:\/\/mobilgarazs.com\/#organization"},"potentialAction":[{"@type":"SearchAction","target":{"@type":"EntryPoint","urlTemplate":"https:\/\/mobilgarazs.com\/?s={search_term_string}"},"query-input":{"@type":"PropertyValueSpecification","valueRequired":true,"valueName":"search_term_string"}}],"inLanguage":"en-US"},{"@type":"Organization","@id":"https:\/\/mobilgarazs.com\/#organization","name":"Mobilgar\u00e1zs","url":"https:\/\/mobilgarazs.com\/","logo":{"@type":"ImageObject","inLanguage":"en-US","@id":"https:\/\/mobilgarazs.com\/#\/schema\/logo\/image\/","url":"https:\/\/mobilgarazs.com\/wp-content\/uploads\/2020\/05\/facebook.jpg","contentUrl":"https:\/\/mobilgarazs.com\/wp-content\/uploads\/2020\/05\/facebook.jpg","width":1200,"height":630,"caption":"Mobilgar\u00e1zs"},"image":{"@id":"https:\/\/mobilgarazs.com\/#\/schema\/logo\/image\/"},"sameAs":["https:\/\/www.facebook.com\/tajfunsystem","https:\/\/www.instagram.com\/dexplatform\/"]}]}},"_links":{"self":[{"href":"https:\/\/mobilgarazs.com\/en\/wp-json\/wp\/v2\/pages\/12487","targetHints":{"allow":["GET"]}}],"collection":[{"href":"https:\/\/mobilgarazs.com\/en\/wp-json\/wp\/v2\/pages"}],"about":[{"href":"https:\/\/mobilgarazs.com\/en\/wp-json\/wp\/v2\/types\/page"}],"author":[{"embeddable":true,"href":"https:\/\/mobilgarazs.com\/en\/wp-json\/wp\/v2\/users\/1"}],"replies":[{"embeddable":true,"href":"https:\/\/mobilgarazs.com\/en\/wp-json\/wp\/v2\/comments?post=12487"}],"version-history":[{"count":17,"href":"https:\/\/mobilgarazs.com\/en\/wp-json\/wp\/v2\/pages\/12487\/revisions"}],"predecessor-version":[{"id":13585,"href":"https:\/\/mobilgarazs.com\/en\/wp-json\/wp\/v2\/pages\/12487\/revisions\/13585"}],"wp:attachment":[{"href":"https:\/\/mobilgarazs.com\/en\/wp-json\/wp\/v2\/media?parent=12487"}],"curies":[{"name":"wp","href":"https:\/\/api.w.org\/{rel}","templated":true}]}}