{"id":12485,"date":"2020-04-23T06:54:49","date_gmt":"2020-04-23T06:54:49","guid":{"rendered":"https:\/\/mobilgarazs.com\/?page_id=12485"},"modified":"2025-09-22T14:35:22","modified_gmt":"2025-09-22T12:35:22","slug":"sor-garazsok","status":"publish","type":"page","link":"https:\/\/mobilgarazs.com\/en\/sor-garazsok\/","title":{"rendered":"Sor Gar\u00e1zsok"},"content":{"rendered":"<div class=\"wpb-content-wrapper\"><p>[vc_row][vc_column][vc_column_text]We build garages in a row<\/p>\n<p>&#8211; based on standard types<\/p>\n<p>&#8211; in individual sizes<\/p>\n<p>&#8211; in isolated and non-isolated versions.<\/p>\n<p>In each cases we calculate the prices in an individual offer.<\/p>\n<p>In the case of our saddle roof types, if the width exceeds 6.35 m, we can solve the design in a so-called &#8220;rotated&#8221; roof version. This means that the roof ridge runs parallel to the gates. In this case, when requesting an offer, please note that a 25 cm bridge is required above the gate, so for example, a gate height of 2.25 m must be taken into account for a 2 m high gate.<\/p>\n<p>We recommend our garages for condominiums!<\/p>\n<p>We would like to draw your attention to the fact that if the building exceeds 100 cubic meters of air, it is considered a permit-required size. This already applies to a three-car mobile garage. We are partners in the licensing, we provide a static plan on the part of the contractor, the technical manager responsible on the part of the contractor for keeping the e-diary and the necessary additional material confirmations are also included in our quotations. We have a N\u00dcJ number to use the e-diary.<\/p>\n\r\n\t\t\t\t\t\n\r\n\t\t\t\t\t<!-- START UNITE GALLERY 1.7.44 -->\r\n\t\t\t\t\t\r\n\t\t\t\t\n\t\t\t<div id='unitegallery_2_2' class='unite-gallery' style='margin:0px auto;'>\n\t\t\t\t\n\n\t\t\t\t\t\t<img decoding=\"async\" alt=\"176\"\n\t\t\t\t\t\t     src=\"\" data-image=\"https:\/\/mobilgarazs.com\/wp-content\/uploads\/2020\/04\/176-scaled.jpg\"\n\t\t\t\t\t\t     data-thumb=\"https:\/\/mobilgarazs.com\/wp-content\/uploads\/2020\/04\/176-300x225.jpg\"\n\t\t\t\t\t\t     title=\"\"\n\t\t\t\t\t\t     style=\"display:none\">\n\n\t\t\t\t\t\t<img decoding=\"async\" alt=\"88177341_212148826638447_6702508907375362048_n\"\n\t\t\t\t\t\t     src=\"\" data-image=\"https:\/\/mobilgarazs.com\/wp-content\/uploads\/2020\/04\/88177341_212148826638447_6702508907375362048_n.jpg\"\n\t\t\t\t\t\t     data-thumb=\"https:\/\/mobilgarazs.com\/wp-content\/uploads\/2020\/04\/88177341_212148826638447_6702508907375362048_n-300x225.jpg\"\n\t\t\t\t\t\t     title=\"\"\n\t\t\t\t\t\t     style=\"display:none\">\n\n\t\t\t\t\t\t<img decoding=\"async\" alt=\"DSC_0012\"\n\t\t\t\t\t\t     src=\"\" data-image=\"https:\/\/mobilgarazs.com\/wp-content\/uploads\/2020\/04\/DSC_0012-scaled.jpg\"\n\t\t\t\t\t\t     data-thumb=\"https:\/\/mobilgarazs.com\/wp-content\/uploads\/2020\/04\/DSC_0012-300x169.jpg\"\n\t\t\t\t\t\t     title=\"\"\n\t\t\t\t\t\t     style=\"display:none\">\n\n\t\t\t\t\t\t<img decoding=\"async\" alt=\"DSC_0123\"\n\t\t\t\t\t\t     src=\"\" data-image=\"https:\/\/mobilgarazs.com\/wp-content\/uploads\/2020\/04\/DSC_0123-1-scaled.jpg\"\n\t\t\t\t\t\t     data-thumb=\"https:\/\/mobilgarazs.com\/wp-content\/uploads\/2020\/04\/DSC_0123-1-300x169.jpg\"\n\t\t\t\t\t\t     title=\"\"\n\t\t\t\t\t\t     style=\"display:none\">\n\n\t\t\t\t\t\t<img decoding=\"async\" alt=\"egyedi_epulet (41)\"\n\t\t\t\t\t\t     src=\"\" data-image=\"https:\/\/mobilgarazs.com\/wp-content\/uploads\/2020\/04\/egyedi_epulet-41.jpg\"\n\t\t\t\t\t\t     data-thumb=\"https:\/\/mobilgarazs.com\/wp-content\/uploads\/2020\/04\/egyedi_epulet-41-300x225.jpg\"\n\t\t\t\t\t\t     title=\"\"\n\t\t\t\t\t\t     style=\"display:none\">\n\n\t\t\t\t\t\t<img decoding=\"async\" alt=\"foto-1-2\"\n\t\t\t\t\t\t     src=\"\" data-image=\"https:\/\/mobilgarazs.com\/wp-content\/uploads\/2023\/07\/foto-1-2.jpg\"\n\t\t\t\t\t\t     data-thumb=\"https:\/\/mobilgarazs.com\/wp-content\/uploads\/2023\/07\/foto-1-2-300x225.jpg\"\n\t\t\t\t\t\t     title=\"\"\n\t\t\t\t\t\t     style=\"display:none\">\n\n\t\t\t\t\t\t<img decoding=\"async\" alt=\"foto-5\"\n\t\t\t\t\t\t     src=\"\" data-image=\"https:\/\/mobilgarazs.com\/wp-content\/uploads\/2023\/07\/foto-5.jpg\"\n\t\t\t\t\t\t     data-thumb=\"https:\/\/mobilgarazs.com\/wp-content\/uploads\/2023\/07\/foto-5-300x225.jpg\"\n\t\t\t\t\t\t     title=\"\"\n\t\t\t\t\t\t     style=\"display:none\">\n\n\t\t\t\t\t\t<img decoding=\"async\" alt=\"garikepek-023\"\n\t\t\t\t\t\t     src=\"\" data-image=\"https:\/\/mobilgarazs.com\/wp-content\/uploads\/2023\/07\/garikepek-023-scaled.jpg\"\n\t\t\t\t\t\t     data-thumb=\"https:\/\/mobilgarazs.com\/wp-content\/uploads\/2023\/07\/garikepek-023-300x169.jpg\"\n\t\t\t\t\t\t     title=\"\"\n\t\t\t\t\t\t     style=\"display:none\">\n\n\t\t\t\t\t\t<img decoding=\"async\" alt=\"sorgarazs\"\n\t\t\t\t\t\t     src=\"\" data-image=\"https:\/\/mobilgarazs.com\/wp-content\/uploads\/2020\/04\/sorgarazs-scaled.jpg\"\n\t\t\t\t\t\t     data-thumb=\"https:\/\/mobilgarazs.com\/wp-content\/uploads\/2020\/04\/sorgarazs-300x169.jpg\"\n\t\t\t\t\t\t     title=\"\"\n\t\t\t\t\t\t     style=\"display:none\">\n\t\t\t<\/div>\n\n\n\t\t\t<!-- END UNITEGALLERY -->\n<p>[\/vc_column_text][\/vc_column][\/vc_row]<\/p>\n<p>[vc_row][vc_column width=&#8221;1\/2&#8243;][vc_column_text]\r\n\t\t\t\t\t\n\r\n\t\t\t\t\t<!-- START UNITE GALLERY 1.7.44 -->\r\n\t\t\t\t\t\r\n\t\t\t\t\n\t\t\t<div id='unitegallery_2_3' class='unite-gallery' style='margin:0px auto;'>\n\t\t\t\t\n\n\t\t\t\t\t\t<img decoding=\"async\" alt=\"176\"\n\t\t\t\t\t\t     src=\"\" data-image=\"https:\/\/mobilgarazs.com\/wp-content\/uploads\/2020\/04\/176-scaled.jpg\"\n\t\t\t\t\t\t     data-thumb=\"https:\/\/mobilgarazs.com\/wp-content\/uploads\/2020\/04\/176-300x225.jpg\"\n\t\t\t\t\t\t     title=\"\"\n\t\t\t\t\t\t     style=\"display:none\">\n\n\t\t\t\t\t\t<img decoding=\"async\" alt=\"88177341_212148826638447_6702508907375362048_n\"\n\t\t\t\t\t\t     src=\"\" data-image=\"https:\/\/mobilgarazs.com\/wp-content\/uploads\/2020\/04\/88177341_212148826638447_6702508907375362048_n.jpg\"\n\t\t\t\t\t\t     data-thumb=\"https:\/\/mobilgarazs.com\/wp-content\/uploads\/2020\/04\/88177341_212148826638447_6702508907375362048_n-300x225.jpg\"\n\t\t\t\t\t\t     title=\"\"\n\t\t\t\t\t\t     style=\"display:none\">\n\n\t\t\t\t\t\t<img decoding=\"async\" alt=\"DSC_0012\"\n\t\t\t\t\t\t     src=\"\" data-image=\"https:\/\/mobilgarazs.com\/wp-content\/uploads\/2020\/04\/DSC_0012-scaled.jpg\"\n\t\t\t\t\t\t     data-thumb=\"https:\/\/mobilgarazs.com\/wp-content\/uploads\/2020\/04\/DSC_0012-300x169.jpg\"\n\t\t\t\t\t\t     title=\"\"\n\t\t\t\t\t\t     style=\"display:none\">\n\n\t\t\t\t\t\t<img decoding=\"async\" alt=\"DSC_0123\"\n\t\t\t\t\t\t     src=\"\" data-image=\"https:\/\/mobilgarazs.com\/wp-content\/uploads\/2020\/04\/DSC_0123-1-scaled.jpg\"\n\t\t\t\t\t\t     data-thumb=\"https:\/\/mobilgarazs.com\/wp-content\/uploads\/2020\/04\/DSC_0123-1-300x169.jpg\"\n\t\t\t\t\t\t     title=\"\"\n\t\t\t\t\t\t     style=\"display:none\">\n\n\t\t\t\t\t\t<img decoding=\"async\" alt=\"egyedi_epulet (41)\"\n\t\t\t\t\t\t     src=\"\" data-image=\"https:\/\/mobilgarazs.com\/wp-content\/uploads\/2020\/04\/egyedi_epulet-41.jpg\"\n\t\t\t\t\t\t     data-thumb=\"https:\/\/mobilgarazs.com\/wp-content\/uploads\/2020\/04\/egyedi_epulet-41-300x225.jpg\"\n\t\t\t\t\t\t     title=\"\"\n\t\t\t\t\t\t     style=\"display:none\">\n\n\t\t\t\t\t\t<img decoding=\"async\" alt=\"foto-1-2\"\n\t\t\t\t\t\t     src=\"\" data-image=\"https:\/\/mobilgarazs.com\/wp-content\/uploads\/2023\/07\/foto-1-2.jpg\"\n\t\t\t\t\t\t     data-thumb=\"https:\/\/mobilgarazs.com\/wp-content\/uploads\/2023\/07\/foto-1-2-300x225.jpg\"\n\t\t\t\t\t\t     title=\"\"\n\t\t\t\t\t\t     style=\"display:none\">\n\n\t\t\t\t\t\t<img decoding=\"async\" alt=\"foto-5\"\n\t\t\t\t\t\t     src=\"\" data-image=\"https:\/\/mobilgarazs.com\/wp-content\/uploads\/2023\/07\/foto-5.jpg\"\n\t\t\t\t\t\t     data-thumb=\"https:\/\/mobilgarazs.com\/wp-content\/uploads\/2023\/07\/foto-5-300x225.jpg\"\n\t\t\t\t\t\t     title=\"\"\n\t\t\t\t\t\t     style=\"display:none\">\n\n\t\t\t\t\t\t<img decoding=\"async\" alt=\"garikepek-023\"\n\t\t\t\t\t\t     src=\"\" data-image=\"https:\/\/mobilgarazs.com\/wp-content\/uploads\/2023\/07\/garikepek-023-scaled.jpg\"\n\t\t\t\t\t\t     data-thumb=\"https:\/\/mobilgarazs.com\/wp-content\/uploads\/2023\/07\/garikepek-023-300x169.jpg\"\n\t\t\t\t\t\t     title=\"\"\n\t\t\t\t\t\t     style=\"display:none\">\n\n\t\t\t\t\t\t<img decoding=\"async\" alt=\"sorgarazs\"\n\t\t\t\t\t\t     src=\"\" data-image=\"https:\/\/mobilgarazs.com\/wp-content\/uploads\/2020\/04\/sorgarazs-scaled.jpg\"\n\t\t\t\t\t\t     data-thumb=\"https:\/\/mobilgarazs.com\/wp-content\/uploads\/2020\/04\/sorgarazs-300x169.jpg\"\n\t\t\t\t\t\t     title=\"\"\n\t\t\t\t\t\t     style=\"display:none\">\n\t\t\t<\/div>\n\n\n\t\t\t<!-- END UNITEGALLERY -->[\/vc_column_text][\/vc_column][vc_column width=&#8221;1\/2&#8243;][vc_column_text css=&#8221;.vc_custom_1588169706559{margin-top: 35px !important;}&#8221;]<\/p>\n<h3>Online Inquiry (Contact Form)<\/h3>\n<div class=\"wpcf7 no-js\" id=\"wpcf7-f12854-o2\" lang=\"hu-HU\" dir=\"ltr\" data-wpcf7-id=\"12854\">\n<div class=\"screen-reader-response\"><p role=\"status\" aria-live=\"polite\" aria-atomic=\"true\"><\/p> <ul><\/ul><\/div>\n<form action=\"\/en\/wp-json\/wp\/v2\/pages\/12485#wpcf7-f12854-o2\" method=\"post\" class=\"wpcf7-form init\" aria-label=\"Kapcsolatfelv\u00e9teli \u0171rlap\" novalidate=\"novalidate\" data-status=\"init\">\n<div style=\"display: none;\">\n<input type=\"hidden\" name=\"_wpcf7\" value=\"12854\" \/>\n<input type=\"hidden\" name=\"_wpcf7_version\" value=\"6.0.3\" \/>\n<input type=\"hidden\" name=\"_wpcf7_locale\" value=\"hu_HU\" \/>\n<input type=\"hidden\" name=\"_wpcf7_unit_tag\" value=\"wpcf7-f12854-o2\" \/>\n<input type=\"hidden\" name=\"_wpcf7_container_post\" value=\"0\" \/>\n<input type=\"hidden\" name=\"_wpcf7_posted_data_hash\" value=\"\" \/>\n<input type=\"hidden\" name=\"_wpcf7_recaptcha_response\" value=\"\" \/>\n<\/div>\n<p><span class=\"wpcf7-form-control-wrap\" data-name=\"nev\"><input size=\"40\" maxlength=\"400\" class=\"wpcf7-form-control wpcf7-text wpcf7-validates-as-required\" aria-required=\"true\" aria-invalid=\"false\" placeholder=\"Name*\" value=\"\" type=\"text\" name=\"nev\" \/><\/span>\n<\/p>\n<p><span class=\"wpcf7-form-control-wrap\" data-name=\"email-711\"><input size=\"40\" maxlength=\"400\" class=\"wpcf7-form-control wpcf7-text wpcf7-validates-as-required\" aria-required=\"true\" aria-invalid=\"false\" placeholder=\"E-mail*\" value=\"\" type=\"text\" name=\"email-711\" \/><\/span>\n<\/p>\n<p>Subject: Garage in row\n<\/p>\n<p><span class=\"wpcf7-form-control-wrap\" data-name=\"your-message\"><textarea cols=\"40\" rows=\"10\" maxlength=\"2000\" class=\"wpcf7-form-control wpcf7-textarea wpcf7-validates-as-required\" aria-required=\"true\" aria-invalid=\"false\" placeholder=\"Message*\" name=\"your-message\"><\/textarea><\/span>\n<\/p>\n<p><span class=\"wpcf7-form-control-wrap\" data-name=\"acceptance-521\"><span class=\"wpcf7-form-control wpcf7-acceptance\"><span class=\"wpcf7-list-item\"><label><input type=\"checkbox\" name=\"acceptance-521\" value=\"1\" aria-invalid=\"false\" \/><span class=\"wpcf7-list-item-label\">I have read and accept the <a href=\"https:\/\/mobilgarazs.com\/wp-content\/uploads\/2020\/04\/GDPRNyilatkozat.pdf\" target=\"_blank\">privacy statement..<\/a><\/span><\/label><\/span><\/span><\/span>\n<\/p>\n<p><input class=\"wpcf7-form-control wpcf7-submit has-spinner\" type=\"submit\" value=\"Send\" \/>\n<\/p><div class=\"wpcf7-response-output\" aria-hidden=\"true\"><\/div>\n<\/form>\n<\/div>\n[\/vc_column_text][\/vc_column][\/vc_row]<\/p>\n<\/div>","protected":false},"excerpt":{"rendered":"<p>[vc_row][vc_column][vc_column_text]We build garages in a row &#8211; based on standard types &#8211; in individual sizes &#8211; in isolated and non-isolated versions. In each cases we calculate the prices in an &#8230;<\/p>\n","protected":false},"author":1,"featured_media":0,"parent":0,"menu_order":0,"comment_status":"closed","ping_status":"closed","template":"","meta":{"footnotes":""},"class_list":["post-12485","page","type-page","status-publish","hentry"],"yoast_head":"<!-- This site is optimized with the Yoast SEO plugin v24.4 - https:\/\/yoast.com\/wordpress\/plugins\/seo\/ -->\n<title>Sorgar\u00e1zs min\u0151s\u00e9gi alapanyagb\u00f3l, 10 \u00e9v garanci\u00e1val!<\/title>\n<meta name=\"description\" content=\"Sorgar\u00e1zs csal\u00e1di h\u00e1zakhoz \u00e9s t\u00e1rsash\u00e1zaknak, t\u00f6bb t\u00edpus alapj\u00e1n, szigetelt \u00e9s lemezes v\u00e1ltozatban. Orsz\u00e1gos kisz\u00e1ll\u00edt\u00e1s \u00e9s \u00f6sszeszerel\u00e9s!\" \/>\n<meta name=\"robots\" content=\"index, follow, max-snippet:-1, max-image-preview:large, max-video-preview:-1\" \/>\n<link rel=\"canonical\" href=\"https:\/\/mobilgarazs.com\/sor-garazsok\/\" \/>\n<meta property=\"og:locale\" content=\"en_US\" \/>\n<meta property=\"og:type\" content=\"article\" \/>\n<meta property=\"og:title\" content=\"Sorgar\u00e1zs min\u0151s\u00e9gi alapanyagb\u00f3l, 10 \u00e9v garanci\u00e1val!\" \/>\n<meta property=\"og:description\" content=\"Sorgar\u00e1zs csal\u00e1di h\u00e1zakhoz \u00e9s t\u00e1rsash\u00e1zaknak, t\u00f6bb t\u00edpus alapj\u00e1n, szigetelt \u00e9s lemezes v\u00e1ltozatban. Orsz\u00e1gos kisz\u00e1ll\u00edt\u00e1s \u00e9s \u00f6sszeszerel\u00e9s!\" \/>\n<meta property=\"og:url\" content=\"https:\/\/mobilgarazs.com\/sor-garazsok\/\" \/>\n<meta property=\"og:site_name\" content=\"Mobilgarazs.com\" \/>\n<meta property=\"article:publisher\" content=\"https:\/\/www.facebook.com\/tajfunsystem\" \/>\n<meta property=\"article:modified_time\" content=\"2025-09-22T12:35:22+00:00\" \/>\n<meta property=\"og:image\" content=\"https:\/\/mobilgarazs.com\/wp-content\/uploads\/2020\/04\/DSC_0123-1-scaled.jpg\" \/>\n\t<meta property=\"og:image:width\" content=\"2560\" \/>\n\t<meta property=\"og:image:height\" content=\"1439\" \/>\n\t<meta property=\"og:image:type\" content=\"image\/jpeg\" \/>\n<meta name=\"twitter:card\" content=\"summary_large_image\" \/>\n<meta name=\"twitter:label1\" content=\"Est. reading time\" \/>\n\t<meta name=\"twitter:data1\" content=\"4 minutes\" \/>\n<script type=\"application\/ld+json\" class=\"yoast-schema-graph\">{\"@context\":\"https:\/\/schema.org\",\"@graph\":[{\"@type\":\"WebPage\",\"@id\":\"https:\/\/mobilgarazs.com\/sor-garazsok\/\",\"url\":\"https:\/\/mobilgarazs.com\/sor-garazsok\/\",\"name\":\"Sorgar\u00e1zs min\u0151s\u00e9gi alapanyagb\u00f3l, 10 \u00e9v garanci\u00e1val!\",\"isPartOf\":{\"@id\":\"https:\/\/mobilgarazs.com\/#website\"},\"primaryImageOfPage\":{\"@id\":\"https:\/\/mobilgarazs.com\/sor-garazsok\/#primaryimage\"},\"image\":{\"@id\":\"https:\/\/mobilgarazs.com\/sor-garazsok\/#primaryimage\"},\"thumbnailUrl\":\"https:\/\/mobilgarazs.com\/wp-content\/uploads\/2020\/04\/DSC_0123-1-300x169.jpg\",\"datePublished\":\"2020-04-23T06:54:49+00:00\",\"dateModified\":\"2025-09-22T12:35:22+00:00\",\"description\":\"Sorgar\u00e1zs csal\u00e1di h\u00e1zakhoz \u00e9s t\u00e1rsash\u00e1zaknak, t\u00f6bb t\u00edpus alapj\u00e1n, szigetelt \u00e9s lemezes v\u00e1ltozatban. Orsz\u00e1gos kisz\u00e1ll\u00edt\u00e1s \u00e9s \u00f6sszeszerel\u00e9s!\",\"breadcrumb\":{\"@id\":\"https:\/\/mobilgarazs.com\/sor-garazsok\/#breadcrumb\"},\"inLanguage\":\"en-US\",\"potentialAction\":[{\"@type\":\"ReadAction\",\"target\":[\"https:\/\/mobilgarazs.com\/sor-garazsok\/\"]}]},{\"@type\":\"ImageObject\",\"inLanguage\":\"en-US\",\"@id\":\"https:\/\/mobilgarazs.com\/sor-garazsok\/#primaryimage\",\"url\":\"https:\/\/mobilgarazs.com\/wp-content\/uploads\/2020\/04\/DSC_0123-1-300x169.jpg\",\"contentUrl\":\"https:\/\/mobilgarazs.com\/wp-content\/uploads\/2020\/04\/DSC_0123-1-300x169.jpg\"},{\"@type\":\"BreadcrumbList\",\"@id\":\"https:\/\/mobilgarazs.com\/sor-garazsok\/#breadcrumb\",\"itemListElement\":[{\"@type\":\"ListItem\",\"position\":1,\"name\":\"Home\",\"item\":\"https:\/\/mobilgarazs.com\/\"},{\"@type\":\"ListItem\",\"position\":2,\"name\":\"Sorgar\u00e1zsok\"}]},{\"@type\":\"WebSite\",\"@id\":\"https:\/\/mobilgarazs.com\/#website\",\"url\":\"https:\/\/mobilgarazs.com\/\",\"name\":\"Mobil Gar\u00e1zs\",\"description\":\"Szigetelt mobilgar\u00e1zs, k\u00f6nny\u0171szerkezetes gar\u00e1zs\",\"publisher\":{\"@id\":\"https:\/\/mobilgarazs.com\/#organization\"},\"potentialAction\":[{\"@type\":\"SearchAction\",\"target\":{\"@type\":\"EntryPoint\",\"urlTemplate\":\"https:\/\/mobilgarazs.com\/?s={search_term_string}\"},\"query-input\":{\"@type\":\"PropertyValueSpecification\",\"valueRequired\":true,\"valueName\":\"search_term_string\"}}],\"inLanguage\":\"en-US\"},{\"@type\":\"Organization\",\"@id\":\"https:\/\/mobilgarazs.com\/#organization\",\"name\":\"Mobilgar\u00e1zs\",\"url\":\"https:\/\/mobilgarazs.com\/\",\"logo\":{\"@type\":\"ImageObject\",\"inLanguage\":\"en-US\",\"@id\":\"https:\/\/mobilgarazs.com\/#\/schema\/logo\/image\/\",\"url\":\"https:\/\/mobilgarazs.com\/wp-content\/uploads\/2020\/05\/facebook.jpg\",\"contentUrl\":\"https:\/\/mobilgarazs.com\/wp-content\/uploads\/2020\/05\/facebook.jpg\",\"width\":1200,\"height\":630,\"caption\":\"Mobilgar\u00e1zs\"},\"image\":{\"@id\":\"https:\/\/mobilgarazs.com\/#\/schema\/logo\/image\/\"},\"sameAs\":[\"https:\/\/www.facebook.com\/tajfunsystem\",\"https:\/\/www.instagram.com\/dexplatform\/\"]}]}<\/script>\n<!-- \/ Yoast SEO plugin. -->","yoast_head_json":{"title":"Sorgar\u00e1zs min\u0151s\u00e9gi alapanyagb\u00f3l, 10 \u00e9v garanci\u00e1val!","description":"Sorgar\u00e1zs csal\u00e1di h\u00e1zakhoz \u00e9s t\u00e1rsash\u00e1zaknak, t\u00f6bb t\u00edpus alapj\u00e1n, szigetelt \u00e9s lemezes v\u00e1ltozatban. Orsz\u00e1gos kisz\u00e1ll\u00edt\u00e1s \u00e9s \u00f6sszeszerel\u00e9s!","robots":{"index":"index","follow":"follow","max-snippet":"max-snippet:-1","max-image-preview":"max-image-preview:large","max-video-preview":"max-video-preview:-1"},"canonical":"https:\/\/mobilgarazs.com\/sor-garazsok\/","og_locale":"en_US","og_type":"article","og_title":"Sorgar\u00e1zs min\u0151s\u00e9gi alapanyagb\u00f3l, 10 \u00e9v garanci\u00e1val!","og_description":"Sorgar\u00e1zs csal\u00e1di h\u00e1zakhoz \u00e9s t\u00e1rsash\u00e1zaknak, t\u00f6bb t\u00edpus alapj\u00e1n, szigetelt \u00e9s lemezes v\u00e1ltozatban. Orsz\u00e1gos kisz\u00e1ll\u00edt\u00e1s \u00e9s \u00f6sszeszerel\u00e9s!","og_url":"https:\/\/mobilgarazs.com\/sor-garazsok\/","og_site_name":"Mobilgarazs.com","article_publisher":"https:\/\/www.facebook.com\/tajfunsystem","article_modified_time":"2025-09-22T12:35:22+00:00","og_image":[{"width":2560,"height":1439,"url":"https:\/\/mobilgarazs.com\/wp-content\/uploads\/2020\/04\/DSC_0123-1-scaled.jpg","type":"image\/jpeg"}],"twitter_card":"summary_large_image","twitter_misc":{"Est. reading time":"4 minutes"},"schema":{"@context":"https:\/\/schema.org","@graph":[{"@type":"WebPage","@id":"https:\/\/mobilgarazs.com\/sor-garazsok\/","url":"https:\/\/mobilgarazs.com\/sor-garazsok\/","name":"Sorgar\u00e1zs min\u0151s\u00e9gi alapanyagb\u00f3l, 10 \u00e9v garanci\u00e1val!","isPartOf":{"@id":"https:\/\/mobilgarazs.com\/#website"},"primaryImageOfPage":{"@id":"https:\/\/mobilgarazs.com\/sor-garazsok\/#primaryimage"},"image":{"@id":"https:\/\/mobilgarazs.com\/sor-garazsok\/#primaryimage"},"thumbnailUrl":"https:\/\/mobilgarazs.com\/wp-content\/uploads\/2020\/04\/DSC_0123-1-300x169.jpg","datePublished":"2020-04-23T06:54:49+00:00","dateModified":"2025-09-22T12:35:22+00:00","description":"Sorgar\u00e1zs csal\u00e1di h\u00e1zakhoz \u00e9s t\u00e1rsash\u00e1zaknak, t\u00f6bb t\u00edpus alapj\u00e1n, szigetelt \u00e9s lemezes v\u00e1ltozatban. Orsz\u00e1gos kisz\u00e1ll\u00edt\u00e1s \u00e9s \u00f6sszeszerel\u00e9s!","breadcrumb":{"@id":"https:\/\/mobilgarazs.com\/sor-garazsok\/#breadcrumb"},"inLanguage":"en-US","potentialAction":[{"@type":"ReadAction","target":["https:\/\/mobilgarazs.com\/sor-garazsok\/"]}]},{"@type":"ImageObject","inLanguage":"en-US","@id":"https:\/\/mobilgarazs.com\/sor-garazsok\/#primaryimage","url":"https:\/\/mobilgarazs.com\/wp-content\/uploads\/2020\/04\/DSC_0123-1-300x169.jpg","contentUrl":"https:\/\/mobilgarazs.com\/wp-content\/uploads\/2020\/04\/DSC_0123-1-300x169.jpg"},{"@type":"BreadcrumbList","@id":"https:\/\/mobilgarazs.com\/sor-garazsok\/#breadcrumb","itemListElement":[{"@type":"ListItem","position":1,"name":"Home","item":"https:\/\/mobilgarazs.com\/"},{"@type":"ListItem","position":2,"name":"Sorgar\u00e1zsok"}]},{"@type":"WebSite","@id":"https:\/\/mobilgarazs.com\/#website","url":"https:\/\/mobilgarazs.com\/","name":"Mobil Gar\u00e1zs","description":"Szigetelt mobilgar\u00e1zs, k\u00f6nny\u0171szerkezetes gar\u00e1zs","publisher":{"@id":"https:\/\/mobilgarazs.com\/#organization"},"potentialAction":[{"@type":"SearchAction","target":{"@type":"EntryPoint","urlTemplate":"https:\/\/mobilgarazs.com\/?s={search_term_string}"},"query-input":{"@type":"PropertyValueSpecification","valueRequired":true,"valueName":"search_term_string"}}],"inLanguage":"en-US"},{"@type":"Organization","@id":"https:\/\/mobilgarazs.com\/#organization","name":"Mobilgar\u00e1zs","url":"https:\/\/mobilgarazs.com\/","logo":{"@type":"ImageObject","inLanguage":"en-US","@id":"https:\/\/mobilgarazs.com\/#\/schema\/logo\/image\/","url":"https:\/\/mobilgarazs.com\/wp-content\/uploads\/2020\/05\/facebook.jpg","contentUrl":"https:\/\/mobilgarazs.com\/wp-content\/uploads\/2020\/05\/facebook.jpg","width":1200,"height":630,"caption":"Mobilgar\u00e1zs"},"image":{"@id":"https:\/\/mobilgarazs.com\/#\/schema\/logo\/image\/"},"sameAs":["https:\/\/www.facebook.com\/tajfunsystem","https:\/\/www.instagram.com\/dexplatform\/"]}]}},"_links":{"self":[{"href":"https:\/\/mobilgarazs.com\/en\/wp-json\/wp\/v2\/pages\/12485","targetHints":{"allow":["GET"]}}],"collection":[{"href":"https:\/\/mobilgarazs.com\/en\/wp-json\/wp\/v2\/pages"}],"about":[{"href":"https:\/\/mobilgarazs.com\/en\/wp-json\/wp\/v2\/types\/page"}],"author":[{"embeddable":true,"href":"https:\/\/mobilgarazs.com\/en\/wp-json\/wp\/v2\/users\/1"}],"replies":[{"embeddable":true,"href":"https:\/\/mobilgarazs.com\/en\/wp-json\/wp\/v2\/comments?post=12485"}],"version-history":[{"count":20,"href":"https:\/\/mobilgarazs.com\/en\/wp-json\/wp\/v2\/pages\/12485\/revisions"}],"predecessor-version":[{"id":13604,"href":"https:\/\/mobilgarazs.com\/en\/wp-json\/wp\/v2\/pages\/12485\/revisions\/13604"}],"wp:attachment":[{"href":"https:\/\/mobilgarazs.com\/en\/wp-json\/wp\/v2\/media?parent=12485"}],"curies":[{"name":"wp","href":"https:\/\/api.w.org\/{rel}","templated":true}]}}