{"id":12409,"date":"2020-04-20T10:02:48","date_gmt":"2020-04-20T10:02:48","guid":{"rendered":"https:\/\/mobilgarazs.com\/?page_id=12409"},"modified":"2025-10-14T14:05:10","modified_gmt":"2025-10-14T12:05:10","slug":"dupla-garazsok","status":"publish","type":"page","link":"https:\/\/mobilgarazs.com\/en\/dupla-garazsok\/","title":{"rendered":"DOUBLE GARAGES"},"content":{"rendered":"<div class=\"wpb-content-wrapper\"><p>[vc_row css=&#8221;.vc_custom_1585642190078{margin-top: 35px !important;margin-right: 0px !important;margin-left: 0px !important;}&#8221; el_id=&#8221;termekek&#8221;][vc_column css=&#8221;.vc_custom_1585561509333{margin-right: 0px !important;margin-left: 0px !important;}&#8221;][vc_custom_heading text=&#8221;DOUBLE GARAGES&#8221; font_container=&#8221;tag:h3|text_align:center|color:%23c10500&#8243; use_theme_fonts=&#8221;yes&#8221;][\/vc_column][\/vc_row][vc_row css=&#8221;.vc_custom_1585561391170{margin-top: 35px !important;margin-right: 0px !important;margin-left: 0px !important;}&#8221;][vc_column css=&#8221;.vc_custom_1585725958254{margin-bottom: 50px !important;}&#8221;][vc_column_text]<\/p>\n<p style=\"text-align: center;\"><strong>Take a look at our double garages! <\/strong><\/p>\n<p style=\"text-align: center;\"><strong>Non-isolated garages with trapez sheet coverage and isolated garages with sandwichpanel coverage.<\/strong><\/p>\n<p style=\"text-align: center;\"><strong>Double garages with 6,35 m width that are suitable for two cars.<br \/>\nWe deliver in standard and in individual sizes.<\/strong><\/p>\n<p style=\"text-align: center;\">Extras you can order: electric garage door opener, rain gutter, side, door, window etc. All options are available at the <a href=\"https:\/\/mobilgarazs.com\/en\/extrak\/\">Extras<\/a> menu!<\/p>\n<p style=\"text-align: center;\">You can order your non-isolated garage with <strong>H\u00f6rmann Berry<\/strong> up&amp;over garage door or with a <strong>garage door that opens two ways<\/strong>. If you need an elegant and modern look, we recommend the <strong>H\u00f6rmann sectional garage door<\/strong> that is available in many colours and sizes.<\/p>\n<p style=\"text-align: center;\">All our products have <strong>galvanized frame structure.<\/strong> Our non-isolated buildings have <strong>0,5 mm trapez sheet coverage<\/strong>, our isolated buildings haveig <strong>60 mm PUR sandwich panel coverage.<\/strong><\/p>\n<p>We deliver everywhere within Hungary and <strong>all our prices include the price of delivery, assamble and fixing the building to the concrete foundation<\/strong>.<\/p>\n<p style=\"text-align: center;\"><strong>\u00a0<\/strong><\/p>\n<p>[\/vc_column_text][\/vc_column][\/vc_row][vc_row equal_height=&#8221;yes&#8221; el_class=&#8221;home_termek&#8221;][vc_column width=&#8221;1\/4&#8243; css=&#8221;.vc_custom_1585559455232{margin-top: -10px !important;border-top-width: 10px !important;border-right-width: 10px !important;border-bottom-width: 10px !important;border-left-width: 10px !important;background-color: #4c4c4c !important;border-left-color: #ffffff !important;border-left-style: solid !important;border-right-color: #ffffff !important;border-right-style: solid !important;border-top-color: #ffffff !important;border-top-style: solid !important;border-bottom-color: #ffffff !important;border-bottom-style: solid !important;}&#8221; offset=&#8221;vc_col-sm-offset-0&#8243;][vc_single_image image=&#8221;12425&#8243; img_size=&#8221;full&#8221; css=&#8221;.vc_custom_1587461077054{margin-top: -35px !important;margin-right: -15px !important;margin-left: -15px !important;}&#8221;][vc_column_text css=&#8221;.vc_custom_1587902192097{margin-top: 15px !important;margin-bottom: 15px !important;}&#8221;]<\/p>\n<h5 style=\"text-align: center;\"><strong>T22<\/strong><\/h5>\n<p style=\"text-align: center;\">(non-isolated)<\/p>\n<p>[\/vc_column_text][vc_column_text css=&#8221;.vc_custom_1587902299931{margin-bottom: 10px !important;}&#8221; el_class=&#8221;termekek_txt&#8221;]<span style=\"color: #ffffff;\">Light framed double garage with doors that open two ways<\/span>[\/vc_column_text][vc_row_inner el_class=&#8221;buttons_pos&#8221;][vc_column_inner width=&#8221;1\/2&#8243; offset=&#8221;vc_col-xs-6&#8243;][vc_btn title=&#8221;More details&#8221; style=&#8221;flat&#8221; shape=&#8221;square&#8221; color=&#8221;white&#8221; align=&#8221;left&#8221; link=&#8221;url:http%3A%2F%2Fmobilgarazs.com%2Ft22-konnyuszerkezetes-dupla-garazs-ketfele-nyilo-kapuval%2F|||&#8221;][\/vc_column_inner][vc_column_inner width=&#8221;1\/2&#8243; offset=&#8221;vc_col-xs-6&#8243;][vc_btn title=&#8221;Request an offer&#8221; style=&#8221;flat&#8221; shape=&#8221;square&#8221; color=&#8221;danger&#8221; align=&#8221;right&#8221; link=&#8221;url:http%3A%2F%2Fmobilgarazs.com%2Ft22-konnyuszerkezetes-dupla-garazs-ketfele-nyilo-kapuval%2F%23arajanlat|||&#8221;][\/vc_column_inner][\/vc_row_inner][\/vc_column][vc_column width=&#8221;1\/4&#8243; css=&#8221;.vc_custom_1585559464362{margin-top: -10px !important;border-top-width: 10px !important;border-right-width: 10px !important;border-bottom-width: 10px !important;border-left-width: 10px !important;background-color: #4c4c4c !important;border-left-color: #ffffff !important;border-left-style: solid !important;border-right-color: #ffffff !important;border-right-style: solid !important;border-top-color: #ffffff !important;border-top-style: solid !important;border-bottom-color: #ffffff !important;border-bottom-style: solid !important;}&#8221; offset=&#8221;vc_col-sm-offset-0&#8243;][vc_single_image image=&#8221;12436&#8243; img_size=&#8221;full&#8221; css=&#8221;.vc_custom_1587462432252{margin-top: -35px !important;margin-right: -15px !important;margin-left: -15px !important;}&#8221;][vc_column_text css=&#8221;.vc_custom_1587902199615{margin-top: 15px !important;margin-bottom: 15px !important;}&#8221;]<\/p>\n<h5 style=\"text-align: center;\"><strong>T33 B<br \/>\n<\/strong><\/h5>\n<p style=\"text-align: center;\">(non-isolated)<\/p>\n<p>[\/vc_column_text][vc_column_text css=&#8221;.vc_custom_1587902439938{margin-bottom: 10px !important;}&#8221; el_class=&#8221;termekek_txt&#8221;]<span style=\"color: #ffffff;\">Light framed double garage with H\u00f6rmann Berry up and over garage door(with 3 different heights!)<\/span>[\/vc_column_text][vc_row_inner el_class=&#8221;buttons_pos&#8221;][vc_column_inner width=&#8221;1\/2&#8243; offset=&#8221;vc_col-xs-6&#8243;][vc_btn title=&#8221;More details&#8221; style=&#8221;flat&#8221; shape=&#8221;square&#8221; color=&#8221;white&#8221; align=&#8221;left&#8221; link=&#8221;url:http%3A%2F%2Fmobilgarazs.com%2Ft33-konnyuszerkezetes-dupla-garazs-hormann-berry-billeno-kapuval-3-kulonbozo-magassagban%2F|||&#8221;][\/vc_column_inner][vc_column_inner width=&#8221;1\/2&#8243; offset=&#8221;vc_col-xs-6&#8243;][vc_btn title=&#8221;Request an offer&#8221; style=&#8221;flat&#8221; shape=&#8221;square&#8221; color=&#8221;danger&#8221; align=&#8221;right&#8221; link=&#8221;url:http%3A%2F%2Fmobilgarazs.com%2Ft33-konnyuszerkezetes-dupla-garazs-hormann-berry-billeno-kapuval-3-kulonbozo-magassagban%2F%23arajanlat|||&#8221;][\/vc_column_inner][\/vc_row_inner][\/vc_column][vc_column width=&#8221;1\/4&#8243; css=&#8221;.vc_custom_1585559475924{margin-top: -10px !important;border-top-width: 10px !important;border-right-width: 10px !important;border-bottom-width: 10px !important;border-left-width: 10px !important;background-color: #4c4c4c !important;border-left-color: #ffffff !important;border-left-style: solid !important;border-right-color: #ffffff !important;border-right-style: solid !important;border-top-color: #ffffff !important;border-top-style: solid !important;border-bottom-color: #ffffff !important;border-bottom-style: solid !important;}&#8221; offset=&#8221;vc_col-sm-offset-0&#8243;][vc_single_image image=&#8221;12444&#8243; img_size=&#8221;full&#8221; css=&#8221;.vc_custom_1587467960255{margin-top: -35px !important;margin-right: -15px !important;margin-left: -15px !important;}&#8221;][vc_column_text css=&#8221;.vc_custom_1587902206990{margin-top: 15px !important;margin-bottom: 15px !important;}&#8221;]<\/p>\n<h5 style=\"text-align: center;\"><strong>T33 SZ<\/strong><\/h5>\n<p style=\"text-align: center;\">(non-isolated)<\/p>\n<p>[\/vc_column_text][vc_column_text css=&#8221;.vc_custom_1587902645831{margin-bottom: 10px !important;}&#8221; el_class=&#8221;termekek_txt&#8221;]<span style=\"color: #ffffff;\">Light framed double garage with H\u00f6rmann sectional garage door (with 3 different heights!)<\/span>[\/vc_column_text][vc_row_inner el_class=&#8221;buttons_pos&#8221;][vc_column_inner width=&#8221;1\/2&#8243; offset=&#8221;vc_col-xs-6&#8243;][vc_btn title=&#8221;More details&#8221; style=&#8221;flat&#8221; shape=&#8221;square&#8221; color=&#8221;white&#8221; align=&#8221;left&#8221; link=&#8221;url:http%3A%2F%2Fmobilgarazs.com%2Ft33-sz-konnyuszerkezetes-dupla-garazs-hormann-szekcionalt-kapuval-3-kulonbozo-magassagban-rendelheto%2F|||&#8221;][\/vc_column_inner][vc_column_inner width=&#8221;1\/2&#8243; offset=&#8221;vc_col-xs-6&#8243;][vc_btn title=&#8221;Request an offer&#8221; style=&#8221;flat&#8221; shape=&#8221;square&#8221; color=&#8221;danger&#8221; align=&#8221;right&#8221; link=&#8221;url:http%3A%2F%2Fmobilgarazs.com%2Ft33-sz-konnyuszerkezetes-dupla-garazs-hormann-szekcionalt-kapuval-3-kulonbozo-magassagban-rendelheto%2F%23arajanlat|||&#8221;][\/vc_column_inner][\/vc_row_inner][\/vc_column][\/vc_row][vc_row equal_height=&#8221;yes&#8221; el_class=&#8221;home_termek&#8221; css=&#8221;.vc_custom_1586860669390{margin-top: 15px !important;}&#8221;][vc_column width=&#8221;1\/4&#8243; css=&#8221;.vc_custom_1585559447930{margin-top: -10px !important;border-top-width: 10px !important;border-right-width: 10px !important;border-bottom-width: 10px !important;border-left-width: 10px !important;background-color: #4c4c4c !important;border-left-color: #ffffff !important;border-left-style: solid !important;border-right-color: #ffffff !important;border-right-style: solid !important;border-top-color: #ffffff !important;border-top-style: solid !important;border-bottom-color: #ffffff !important;border-bottom-style: solid !important;}&#8221; offset=&#8221;vc_col-sm-offset-0&#8243;][vc_single_image image=&#8221;12454&#8243; img_size=&#8221;full&#8221; css=&#8221;.vc_custom_1587538308374{margin-top: -35px !important;margin-right: -15px !important;margin-left: -15px !important;}&#8221;][vc_column_text css=&#8221;.vc_custom_1587902217304{margin-top: 15px !important;margin-bottom: 15px !important;}&#8221;]<\/p>\n<h5 style=\"text-align: center;\"><strong>TS 2<\/strong><\/h5>\n<p style=\"text-align: center;\">(non-isolated)<\/p>\n<p>[\/vc_column_text][vc_column_text css=&#8221;.vc_custom_1587902539319{margin-bottom: 10px !important;}&#8221; el_class=&#8221;termekek_txt&#8221;]<span style=\"color: #ffffff;\">Light framed double sized small building system<\/span>[\/vc_column_text][vc_row_inner el_class=&#8221;buttons_pos&#8221;][vc_column_inner width=&#8221;1\/2&#8243; offset=&#8221;vc_col-xs-6&#8243;][vc_btn title=&#8221;More details&#8221; style=&#8221;flat&#8221; shape=&#8221;square&#8221; color=&#8221;white&#8221; align=&#8221;left&#8221; link=&#8221;url:http%3A%2F%2Fmobilgarazs.com%2Fts-2-konnyuszerkezetes-dupla-kisepulet%2F|||&#8221;][\/vc_column_inner][vc_column_inner width=&#8221;1\/2&#8243; offset=&#8221;vc_col-xs-6&#8243;][vc_btn title=&#8221;Request an offer&#8221; style=&#8221;flat&#8221; shape=&#8221;square&#8221; color=&#8221;danger&#8221; align=&#8221;right&#8221; link=&#8221;url:http%3A%2F%2Fmobilgarazs.com%2Fts-2-konnyuszerkezetes-dupla-kisepulet%2F%23ajanlatkeres|||&#8221;][\/vc_column_inner][\/vc_row_inner][\/vc_column][vc_column width=&#8221;1\/4&#8243; css=&#8221;.vc_custom_1585559455232{margin-top: -10px !important;border-top-width: 10px !important;border-right-width: 10px !important;border-bottom-width: 10px !important;border-left-width: 10px !important;background-color: #4c4c4c !important;border-left-color: #ffffff !important;border-left-style: solid !important;border-right-color: #ffffff !important;border-right-style: solid !important;border-top-color: #ffffff !important;border-top-style: solid !important;border-bottom-color: #ffffff !important;border-bottom-style: solid !important;}&#8221; offset=&#8221;vc_col-sm-offset-0&#8243;][vc_single_image image=&#8221;12467&#8243; img_size=&#8221;full&#8221; css=&#8221;.vc_custom_1587539481939{margin-top: -35px !important;margin-right: -15px !important;margin-left: -15px !important;}&#8221;][vc_column_text css=&#8221;.vc_custom_1587902226113{margin-top: 15px !important;margin-bottom: 15px !important;}&#8221;]<\/p>\n<h5 style=\"text-align: center;\"><strong>TL33 SZ<\/strong><\/h5>\n<p style=\"text-align: center;\">(non-isolated)<\/p>\n<p>[\/vc_column_text][vc_column_text css=&#8221;.vc_custom_1587902636237{margin-bottom: 10px !important;}&#8221; el_class=&#8221;termekek_txt&#8221;]<span style=\"color: #ffffff;\">Light framed double garage with H\u00f6rmann sectional garage door (with 3 different heights!)<\/span>[\/vc_column_text][vc_row_inner el_class=&#8221;buttons_pos&#8221;][vc_column_inner width=&#8221;1\/2&#8243; offset=&#8221;vc_col-xs-6&#8243;][vc_btn title=&#8221;More details&#8221; style=&#8221;flat&#8221; shape=&#8221;square&#8221; color=&#8221;white&#8221; align=&#8221;left&#8221; link=&#8221;url:http%3A%2F%2Fmobilgarazs.com%2Ftl33-konnyuszerkezetes-dupla-garazs-hormann-szekcionalt-kapuval-3-kulonbozo-magassagban-rendelheto%2F|||&#8221;][\/vc_column_inner][vc_column_inner width=&#8221;1\/2&#8243; offset=&#8221;vc_col-xs-6&#8243;][vc_btn title=&#8221;Request an offer&#8221; style=&#8221;flat&#8221; shape=&#8221;square&#8221; color=&#8221;danger&#8221; align=&#8221;right&#8221; link=&#8221;url:http%3A%2F%2Fmobilgarazs.com%2Ftl33-konnyuszerkezetes-dupla-garazs-hormann-szekcionalt-kapuval-3-kulonbozo-magassagban-rendelheto%2F%23egyedi|||&#8221;][\/vc_column_inner][\/vc_row_inner][\/vc_column][vc_column width=&#8221;1\/4&#8243; css=&#8221;.vc_custom_1585559464362{margin-top: -10px !important;border-top-width: 10px !important;border-right-width: 10px !important;border-bottom-width: 10px !important;border-left-width: 10px !important;background-color: #4c4c4c !important;border-left-color: #ffffff !important;border-left-style: solid !important;border-right-color: #ffffff !important;border-right-style: solid !important;border-top-color: #ffffff !important;border-top-style: solid !important;border-bottom-color: #ffffff !important;border-bottom-style: solid !important;}&#8221; offset=&#8221;vc_col-sm-offset-0&#8243;][vc_single_image image=&#8221;12476&#8243; img_size=&#8221;full&#8221; css=&#8221;.vc_custom_1587621887586{margin-top: -35px !important;margin-right: -15px !important;margin-left: -15px !important;}&#8221;][vc_column_text css=&#8221;.vc_custom_1587902241301{margin-top: 15px !important;margin-bottom: 15px !important;}&#8221;]<\/p>\n<h5 style=\"text-align: center;\"><strong>TP33<br \/>\n<\/strong><\/h5>\n<p style=\"text-align: center;\">(isolated)<\/p>\n<p>[\/vc_column_text][vc_column_text css=&#8221;.vc_custom_1587902596055{margin-bottom: 10px !important;}&#8221; el_class=&#8221;termekek_txt&#8221;]<span style=\"color: #ffffff;\">Isolated double garage with H\u00f6rmann sectional door made from sandwich panel<\/span>[\/vc_column_text][vc_row_inner el_class=&#8221;buttons_pos&#8221;][vc_column_inner width=&#8221;1\/2&#8243; offset=&#8221;vc_col-xs-6&#8243;][vc_btn title=&#8221;More details&#8221; style=&#8221;flat&#8221; shape=&#8221;square&#8221; color=&#8221;white&#8221; align=&#8221;left&#8221; link=&#8221;url:http%3A%2F%2Fmobilgarazs.com%2Ftp-33-konnyuszerkezetes-szigetelt-garazs-hormann-szekcionalt-kapuval-szendvicspanelbol%2F|||&#8221;][\/vc_column_inner][vc_column_inner width=&#8221;1\/2&#8243; offset=&#8221;vc_col-xs-6&#8243;][vc_btn title=&#8221;Request an offer&#8221; style=&#8221;flat&#8221; shape=&#8221;square&#8221; color=&#8221;danger&#8221; align=&#8221;right&#8221; link=&#8221;url:http%3A%2F%2Fmobilgarazs.com%2Ftp-33-konnyuszerkezetes-szigetelt-garazs-hormann-szekcionalt-kapuval-szendvicspanelbol%2F%23ajanlatkeres|||&#8221;][\/vc_column_inner][\/vc_row_inner][\/vc_column][vc_column width=&#8221;1\/4&#8243; css=&#8221;.vc_custom_1587359050917{margin-top: -10px !important;border-top-width: 10px !important;border-right-width: 10px !important;border-bottom-width: 10px !important;border-left-width: 10px !important;border-left-color: #ffffff !important;border-left-style: solid !important;border-right-color: #ffffff !important;border-right-style: solid !important;border-top-color: #ffffff !important;border-top-style: solid !important;border-bottom-color: #ffffff !important;border-bottom-style: solid !important;}&#8221; offset=&#8221;vc_col-sm-offset-0&#8243;][\/vc_column][\/vc_row][vc_row el_id=&#8221;kapcsolat&#8221;][vc_column][vc_empty_space height=&#8221;70px&#8221;][\/vc_column][\/vc_row]<\/p>\n<\/div>","protected":false},"excerpt":{"rendered":"<p>[vc_row css=&#8221;.vc_custom_1585642190078{margin-top: 35px !important;margin-right: 0px !important;margin-left: 0px !important;}&#8221; el_id=&#8221;termekek&#8221;][vc_column css=&#8221;.vc_custom_1585561509333{margin-right: 0px !important;margin-left: 0px !important;}&#8221;][vc_custom_heading text=&#8221;DOUBLE GARAGES&#8221; font_container=&#8221;tag:h3|text_align:center|color:%23c10500&#8243; use_theme_fonts=&#8221;yes&#8221;][\/vc_column][\/vc_row][vc_row css=&#8221;.vc_custom_1585561391170{margin-top: 35px !important;margin-right: 0px !important;margin-left: 0px !important;}&#8221;][vc_column css=&#8221;.vc_custom_1585725958254{margin-bottom: 50px !important;}&#8221;][vc_column_text] Take a &#8230;<\/p>\n","protected":false},"author":1,"featured_media":0,"parent":0,"menu_order":0,"comment_status":"closed","ping_status":"closed","template":"","meta":{"footnotes":""},"class_list":["post-12409","page","type-page","status-publish","hentry"],"yoast_head":"<!-- This site is optimized with the Yoast SEO plugin v24.4 - https:\/\/yoast.com\/wordpress\/plugins\/seo\/ -->\n<title>Dupla gar\u00e1zsok 10 \u00e9v garanci\u00e1val magyar gy\u00e1rt\u00f3t\u00f3l!<\/title>\n<meta name=\"description\" content=\"Lemezgar\u00e1zsok \u00e9s szendvicspanel dupla gar\u00e1zsok standard \u00e9s egyedi m\u00e9retben is orsz\u00e1gos kisz\u00e1ll\u00edt\u00e1ssal \u00e9s \u00f6sszeszerel\u00e9ssel.\" \/>\n<meta name=\"robots\" content=\"index, follow, max-snippet:-1, max-image-preview:large, max-video-preview:-1\" \/>\n<link rel=\"canonical\" href=\"https:\/\/mobilgarazs.com\/dupla-garazsok\/\" \/>\n<meta property=\"og:locale\" content=\"en_US\" \/>\n<meta property=\"og:type\" content=\"article\" \/>\n<meta property=\"og:title\" content=\"Dupla gar\u00e1zsok 10 \u00e9v garanci\u00e1val magyar gy\u00e1rt\u00f3t\u00f3l!\" \/>\n<meta property=\"og:description\" content=\"Lemezgar\u00e1zsok \u00e9s szendvicspanel dupla gar\u00e1zsok standard \u00e9s egyedi m\u00e9retben is orsz\u00e1gos kisz\u00e1ll\u00edt\u00e1ssal \u00e9s \u00f6sszeszerel\u00e9ssel.\" \/>\n<meta property=\"og:url\" content=\"https:\/\/mobilgarazs.com\/dupla-garazsok\/\" \/>\n<meta property=\"og:site_name\" content=\"Mobilgarazs.com\" \/>\n<meta property=\"article:publisher\" content=\"https:\/\/www.facebook.com\/tajfunsystem\" \/>\n<meta property=\"article:modified_time\" content=\"2025-10-14T12:05:10+00:00\" \/>\n<meta property=\"og:image\" content=\"https:\/\/mobilgarazs.com\/wp-content\/uploads\/2020\/05\/facebook.jpg\" \/>\n\t<meta property=\"og:image:width\" content=\"1200\" \/>\n\t<meta property=\"og:image:height\" content=\"630\" \/>\n\t<meta property=\"og:image:type\" content=\"image\/jpeg\" \/>\n<meta name=\"twitter:card\" content=\"summary_large_image\" \/>\n<meta name=\"twitter:label1\" content=\"Est. reading time\" \/>\n\t<meta name=\"twitter:data1\" content=\"8 minutes\" \/>\n<script type=\"application\/ld+json\" class=\"yoast-schema-graph\">{\"@context\":\"https:\/\/schema.org\",\"@graph\":[{\"@type\":\"WebPage\",\"@id\":\"https:\/\/mobilgarazs.com\/dupla-garazsok\/\",\"url\":\"https:\/\/mobilgarazs.com\/dupla-garazsok\/\",\"name\":\"Dupla gar\u00e1zsok 10 \u00e9v garanci\u00e1val magyar gy\u00e1rt\u00f3t\u00f3l!\",\"isPartOf\":{\"@id\":\"https:\/\/mobilgarazs.com\/#website\"},\"datePublished\":\"2020-04-20T10:02:48+00:00\",\"dateModified\":\"2025-10-14T12:05:10+00:00\",\"description\":\"Lemezgar\u00e1zsok \u00e9s szendvicspanel dupla gar\u00e1zsok standard \u00e9s egyedi m\u00e9retben is orsz\u00e1gos kisz\u00e1ll\u00edt\u00e1ssal \u00e9s \u00f6sszeszerel\u00e9ssel.\",\"breadcrumb\":{\"@id\":\"https:\/\/mobilgarazs.com\/dupla-garazsok\/#breadcrumb\"},\"inLanguage\":\"en-US\",\"potentialAction\":[{\"@type\":\"ReadAction\",\"target\":[\"https:\/\/mobilgarazs.com\/dupla-garazsok\/\"]}]},{\"@type\":\"BreadcrumbList\",\"@id\":\"https:\/\/mobilgarazs.com\/dupla-garazsok\/#breadcrumb\",\"itemListElement\":[{\"@type\":\"ListItem\",\"position\":1,\"name\":\"Home\",\"item\":\"https:\/\/mobilgarazs.com\/\"},{\"@type\":\"ListItem\",\"position\":2,\"name\":\"DUPLA GAR\u00c1ZSOK\"}]},{\"@type\":\"WebSite\",\"@id\":\"https:\/\/mobilgarazs.com\/#website\",\"url\":\"https:\/\/mobilgarazs.com\/\",\"name\":\"Mobil Gar\u00e1zs\",\"description\":\"Szigetelt mobilgar\u00e1zs, k\u00f6nny\u0171szerkezetes gar\u00e1zs\",\"publisher\":{\"@id\":\"https:\/\/mobilgarazs.com\/#organization\"},\"potentialAction\":[{\"@type\":\"SearchAction\",\"target\":{\"@type\":\"EntryPoint\",\"urlTemplate\":\"https:\/\/mobilgarazs.com\/?s={search_term_string}\"},\"query-input\":{\"@type\":\"PropertyValueSpecification\",\"valueRequired\":true,\"valueName\":\"search_term_string\"}}],\"inLanguage\":\"en-US\"},{\"@type\":\"Organization\",\"@id\":\"https:\/\/mobilgarazs.com\/#organization\",\"name\":\"Mobilgar\u00e1zs\",\"url\":\"https:\/\/mobilgarazs.com\/\",\"logo\":{\"@type\":\"ImageObject\",\"inLanguage\":\"en-US\",\"@id\":\"https:\/\/mobilgarazs.com\/#\/schema\/logo\/image\/\",\"url\":\"https:\/\/mobilgarazs.com\/wp-content\/uploads\/2020\/05\/facebook.jpg\",\"contentUrl\":\"https:\/\/mobilgarazs.com\/wp-content\/uploads\/2020\/05\/facebook.jpg\",\"width\":1200,\"height\":630,\"caption\":\"Mobilgar\u00e1zs\"},\"image\":{\"@id\":\"https:\/\/mobilgarazs.com\/#\/schema\/logo\/image\/\"},\"sameAs\":[\"https:\/\/www.facebook.com\/tajfunsystem\",\"https:\/\/www.instagram.com\/dexplatform\/\"]}]}<\/script>\n<!-- \/ Yoast SEO plugin. -->","yoast_head_json":{"title":"Dupla gar\u00e1zsok 10 \u00e9v garanci\u00e1val magyar gy\u00e1rt\u00f3t\u00f3l!","description":"Lemezgar\u00e1zsok \u00e9s szendvicspanel dupla gar\u00e1zsok standard \u00e9s egyedi m\u00e9retben is orsz\u00e1gos kisz\u00e1ll\u00edt\u00e1ssal \u00e9s \u00f6sszeszerel\u00e9ssel.","robots":{"index":"index","follow":"follow","max-snippet":"max-snippet:-1","max-image-preview":"max-image-preview:large","max-video-preview":"max-video-preview:-1"},"canonical":"https:\/\/mobilgarazs.com\/dupla-garazsok\/","og_locale":"en_US","og_type":"article","og_title":"Dupla gar\u00e1zsok 10 \u00e9v garanci\u00e1val magyar gy\u00e1rt\u00f3t\u00f3l!","og_description":"Lemezgar\u00e1zsok \u00e9s szendvicspanel dupla gar\u00e1zsok standard \u00e9s egyedi m\u00e9retben is orsz\u00e1gos kisz\u00e1ll\u00edt\u00e1ssal \u00e9s \u00f6sszeszerel\u00e9ssel.","og_url":"https:\/\/mobilgarazs.com\/dupla-garazsok\/","og_site_name":"Mobilgarazs.com","article_publisher":"https:\/\/www.facebook.com\/tajfunsystem","article_modified_time":"2025-10-14T12:05:10+00:00","og_image":[{"width":1200,"height":630,"url":"https:\/\/mobilgarazs.com\/wp-content\/uploads\/2020\/05\/facebook.jpg","type":"image\/jpeg"}],"twitter_card":"summary_large_image","twitter_misc":{"Est. reading time":"8 minutes"},"schema":{"@context":"https:\/\/schema.org","@graph":[{"@type":"WebPage","@id":"https:\/\/mobilgarazs.com\/dupla-garazsok\/","url":"https:\/\/mobilgarazs.com\/dupla-garazsok\/","name":"Dupla gar\u00e1zsok 10 \u00e9v garanci\u00e1val magyar gy\u00e1rt\u00f3t\u00f3l!","isPartOf":{"@id":"https:\/\/mobilgarazs.com\/#website"},"datePublished":"2020-04-20T10:02:48+00:00","dateModified":"2025-10-14T12:05:10+00:00","description":"Lemezgar\u00e1zsok \u00e9s szendvicspanel dupla gar\u00e1zsok standard \u00e9s egyedi m\u00e9retben is orsz\u00e1gos kisz\u00e1ll\u00edt\u00e1ssal \u00e9s \u00f6sszeszerel\u00e9ssel.","breadcrumb":{"@id":"https:\/\/mobilgarazs.com\/dupla-garazsok\/#breadcrumb"},"inLanguage":"en-US","potentialAction":[{"@type":"ReadAction","target":["https:\/\/mobilgarazs.com\/dupla-garazsok\/"]}]},{"@type":"BreadcrumbList","@id":"https:\/\/mobilgarazs.com\/dupla-garazsok\/#breadcrumb","itemListElement":[{"@type":"ListItem","position":1,"name":"Home","item":"https:\/\/mobilgarazs.com\/"},{"@type":"ListItem","position":2,"name":"DUPLA GAR\u00c1ZSOK"}]},{"@type":"WebSite","@id":"https:\/\/mobilgarazs.com\/#website","url":"https:\/\/mobilgarazs.com\/","name":"Mobil Gar\u00e1zs","description":"Szigetelt mobilgar\u00e1zs, k\u00f6nny\u0171szerkezetes gar\u00e1zs","publisher":{"@id":"https:\/\/mobilgarazs.com\/#organization"},"potentialAction":[{"@type":"SearchAction","target":{"@type":"EntryPoint","urlTemplate":"https:\/\/mobilgarazs.com\/?s={search_term_string}"},"query-input":{"@type":"PropertyValueSpecification","valueRequired":true,"valueName":"search_term_string"}}],"inLanguage":"en-US"},{"@type":"Organization","@id":"https:\/\/mobilgarazs.com\/#organization","name":"Mobilgar\u00e1zs","url":"https:\/\/mobilgarazs.com\/","logo":{"@type":"ImageObject","inLanguage":"en-US","@id":"https:\/\/mobilgarazs.com\/#\/schema\/logo\/image\/","url":"https:\/\/mobilgarazs.com\/wp-content\/uploads\/2020\/05\/facebook.jpg","contentUrl":"https:\/\/mobilgarazs.com\/wp-content\/uploads\/2020\/05\/facebook.jpg","width":1200,"height":630,"caption":"Mobilgar\u00e1zs"},"image":{"@id":"https:\/\/mobilgarazs.com\/#\/schema\/logo\/image\/"},"sameAs":["https:\/\/www.facebook.com\/tajfunsystem","https:\/\/www.instagram.com\/dexplatform\/"]}]}},"_links":{"self":[{"href":"https:\/\/mobilgarazs.com\/en\/wp-json\/wp\/v2\/pages\/12409","targetHints":{"allow":["GET"]}}],"collection":[{"href":"https:\/\/mobilgarazs.com\/en\/wp-json\/wp\/v2\/pages"}],"about":[{"href":"https:\/\/mobilgarazs.com\/en\/wp-json\/wp\/v2\/types\/page"}],"author":[{"embeddable":true,"href":"https:\/\/mobilgarazs.com\/en\/wp-json\/wp\/v2\/users\/1"}],"replies":[{"embeddable":true,"href":"https:\/\/mobilgarazs.com\/en\/wp-json\/wp\/v2\/comments?post=12409"}],"version-history":[{"count":75,"href":"https:\/\/mobilgarazs.com\/en\/wp-json\/wp\/v2\/pages\/12409\/revisions"}],"predecessor-version":[{"id":13652,"href":"https:\/\/mobilgarazs.com\/en\/wp-json\/wp\/v2\/pages\/12409\/revisions\/13652"}],"wp:attachment":[{"href":"https:\/\/mobilgarazs.com\/en\/wp-json\/wp\/v2\/media?parent=12409"}],"curies":[{"name":"wp","href":"https:\/\/api.w.org\/{rel}","templated":true}]}}