{"id":12396,"date":"2020-04-20T05:40:41","date_gmt":"2020-04-20T05:40:41","guid":{"rendered":"https:\/\/mobilgarazs.com\/?page_id=12396"},"modified":"2025-09-17T10:43:53","modified_gmt":"2025-09-17T08:43:53","slug":"kapcsolat","status":"publish","type":"page","link":"https:\/\/mobilgarazs.com\/en\/kapcsolat\/","title":{"rendered":"Contact us"},"content":{"rendered":"<div class=\"wpb-content-wrapper\"><p>[vc_row][vc_column width=&#8221;1\/2&#8243;][vc_column_text]<\/p>\n<h3>Dex-Platform Kft<\/h3>\n<p><strong>Address:<\/strong> 2377 \u00d6rk\u00e9ny, Ilona Major 1.<\/p>\n<p><strong>E-mail: \u00a0<\/strong>info.dexplatform@gmail.com<\/p>\n<p>Hrubos Henriett: +36\/30-205-77-15[\/vc_column_text][vc_column_text]<iframe loading=\"lazy\" style=\"border: 0;\" tabindex=\"0\" src=\"https:\/\/www.google.com\/maps\/embed?pb=!1m14!1m8!1m3!1d10859.369536939608!2d19.430477!3d47.1217603!3m2!1i1024!2i768!4f13.1!3m3!1m2!1s0x0%3A0xdb1449241959ebbb!2sDex-Platform%20Kft!5e0!3m2!1shu!2shu!4v1587361337753!5m2!1shu!2shu\" width=\"100%\" height=\"450\" frameborder=\"0\" allowfullscreen=\"allowfullscreen\" aria-hidden=\"false\"><\/iframe>[\/vc_column_text][\/vc_column][vc_column width=&#8221;1\/2&#8243;][vc_column_text]<\/p>\n<h3>Write a message<\/h3>\n<p>[\/vc_column_text]\n<div class=\"wpcf7 no-js\" id=\"wpcf7-f12406-o2\" lang=\"hu-HU\" dir=\"ltr\" data-wpcf7-id=\"12406\">\n<div class=\"screen-reader-response\"><p role=\"status\" aria-live=\"polite\" aria-atomic=\"true\"><\/p> <ul><\/ul><\/div>\n<form action=\"\/en\/wp-json\/wp\/v2\/pages\/12396#wpcf7-f12406-o2\" method=\"post\" class=\"wpcf7-form init\" aria-label=\"Kapcsolatfelv\u00e9teli \u0171rlap\" novalidate=\"novalidate\" data-status=\"init\">\n<div style=\"display: none;\">\n<input type=\"hidden\" name=\"_wpcf7\" value=\"12406\" \/>\n<input type=\"hidden\" name=\"_wpcf7_version\" value=\"6.0.3\" \/>\n<input type=\"hidden\" name=\"_wpcf7_locale\" value=\"hu_HU\" \/>\n<input type=\"hidden\" name=\"_wpcf7_unit_tag\" value=\"wpcf7-f12406-o2\" \/>\n<input type=\"hidden\" name=\"_wpcf7_container_post\" value=\"0\" \/>\n<input type=\"hidden\" name=\"_wpcf7_posted_data_hash\" value=\"\" \/>\n<input type=\"hidden\" name=\"_wpcf7_recaptcha_response\" value=\"\" \/>\n<\/div>\n<p><span class=\"wpcf7-form-control-wrap\" data-name=\"nev\"><input size=\"40\" maxlength=\"400\" class=\"wpcf7-form-control wpcf7-text wpcf7-validates-as-required\" aria-required=\"true\" aria-invalid=\"false\" placeholder=\"Name*\" value=\"\" type=\"text\" name=\"nev\" \/><\/span>\n<\/p>\n<p><span class=\"wpcf7-form-control-wrap\" data-name=\"email-711\"><input size=\"40\" maxlength=\"400\" class=\"wpcf7-form-control wpcf7-text wpcf7-validates-as-required\" aria-required=\"true\" aria-invalid=\"false\" placeholder=\"E-mail*\" value=\"\" type=\"text\" name=\"email-711\" \/><\/span>\n<\/p>\n<p><span class=\"wpcf7-form-control-wrap\" data-name=\"your-subject\"><input size=\"40\" maxlength=\"400\" class=\"wpcf7-form-control wpcf7-text\" aria-invalid=\"false\" placeholder=\"Subject\" value=\"\" type=\"text\" name=\"your-subject\" \/><\/span>\n<\/p>\n<p><span class=\"wpcf7-form-control-wrap\" data-name=\"your-message\"><textarea cols=\"40\" rows=\"10\" maxlength=\"2000\" class=\"wpcf7-form-control wpcf7-textarea wpcf7-validates-as-required\" aria-required=\"true\" aria-invalid=\"false\" placeholder=\"Message*\" name=\"your-message\"><\/textarea><\/span>\n<\/p>\n<p><span class=\"wpcf7-form-control-wrap\" data-name=\"acceptance-521\"><span class=\"wpcf7-form-control wpcf7-acceptance\"><span class=\"wpcf7-list-item\"><label><input type=\"checkbox\" name=\"acceptance-521\" value=\"1\" aria-invalid=\"false\" \/><span class=\"wpcf7-list-item-label\">I have read and accept the <a href=\"https:\/\/mobilgarazs.com\/wp-content\/uploads\/2020\/04\/GDPRNyilatkozat.pdf\" target=\"_blank\">privacy statement..<\/a><\/span><\/label><\/span><\/span><\/span>\n<\/p>\n<p><input class=\"wpcf7-form-control wpcf7-submit has-spinner\" type=\"submit\" value=\"Send\" \/>\n<\/p><div class=\"wpcf7-response-output\" aria-hidden=\"true\"><\/div>\n<\/form>\n<\/div>\n[\/vc_column][\/vc_row][vc_row][vc_column][\/vc_column][\/vc_row]<\/p>\n<\/div>","protected":false},"excerpt":{"rendered":"<p>[vc_row][vc_column width=&#8221;1\/2&#8243;][vc_column_text] Dex-Platform Kft Address: 2377 \u00d6rk\u00e9ny, Ilona Major 1. E-mail: \u00a0info.dexplatform@gmail.com Hrubos Henriett: +36\/30-205-77-15[\/vc_column_text][vc_column_text][\/vc_column_text][\/vc_column][vc_column width=&#8221;1\/2&#8243;][vc_column_text] Write a message [\/vc_column_text][\/vc_column][\/vc_row][vc_row][vc_column][\/vc_column][\/vc_row]<\/p>\n","protected":false},"author":1,"featured_media":0,"parent":0,"menu_order":0,"comment_status":"closed","ping_status":"closed","template":"template-fullwidth.php","meta":{"footnotes":""},"class_list":["post-12396","page","type-page","status-publish","hentry"],"yoast_head":"<!-- This site is optimized with the Yoast SEO plugin v24.4 - https:\/\/yoast.com\/wordpress\/plugins\/seo\/ -->\n<title>Kapcsolat - Mobilgar\u00e1zs minta\u00e9p\u00fcletek, \u00e1raj\u00e1nlat-k\u00e9r\u00e9s<\/title>\n<meta name=\"description\" content=\"Forduljon hozz\u00e1nk k\u00e9rd\u00e9s\u00e9vel, \u00e1raj\u00e1nlattal kapcsolatban vagy ak\u00e1r l\u00e1togasson el hozz\u00e1nk \u00e9s tekintse meg mobilgar\u00e1zsainkat telephely\u00fcnk\u00f6n!\" \/>\n<meta name=\"robots\" content=\"index, follow, max-snippet:-1, max-image-preview:large, max-video-preview:-1\" \/>\n<link rel=\"canonical\" href=\"https:\/\/mobilgarazs.com\/kapcsolat\/\" \/>\n<meta property=\"og:locale\" content=\"en_US\" \/>\n<meta property=\"og:type\" content=\"article\" \/>\n<meta property=\"og:title\" content=\"Kapcsolat - Mobilgar\u00e1zs minta\u00e9p\u00fcletek, \u00e1raj\u00e1nlat-k\u00e9r\u00e9s\" \/>\n<meta property=\"og:description\" content=\"Forduljon hozz\u00e1nk k\u00e9rd\u00e9s\u00e9vel, \u00e1raj\u00e1nlattal kapcsolatban vagy ak\u00e1r l\u00e1togasson el hozz\u00e1nk \u00e9s tekintse meg mobilgar\u00e1zsainkat telephely\u00fcnk\u00f6n!\" \/>\n<meta property=\"og:url\" content=\"https:\/\/mobilgarazs.com\/kapcsolat\/\" \/>\n<meta property=\"og:site_name\" content=\"Mobilgarazs.com\" \/>\n<meta property=\"article:publisher\" content=\"https:\/\/www.facebook.com\/tajfunsystem\" \/>\n<meta property=\"article:modified_time\" content=\"2025-09-17T08:43:53+00:00\" \/>\n<meta property=\"og:image\" content=\"https:\/\/mobilgarazs.com\/wp-content\/uploads\/2020\/05\/image1-1-scaled.jpeg\" \/>\n\t<meta property=\"og:image:width\" content=\"2560\" \/>\n\t<meta property=\"og:image:height\" content=\"2115\" \/>\n\t<meta property=\"og:image:type\" content=\"image\/jpeg\" \/>\n<meta name=\"twitter:card\" content=\"summary_large_image\" \/>\n<meta name=\"twitter:label1\" content=\"Est. reading time\" \/>\n\t<meta name=\"twitter:data1\" content=\"2 minutes\" \/>\n<script type=\"application\/ld+json\" class=\"yoast-schema-graph\">{\"@context\":\"https:\/\/schema.org\",\"@graph\":[{\"@type\":\"WebPage\",\"@id\":\"https:\/\/mobilgarazs.com\/kapcsolat\/\",\"url\":\"https:\/\/mobilgarazs.com\/kapcsolat\/\",\"name\":\"Kapcsolat - Mobilgar\u00e1zs minta\u00e9p\u00fcletek, \u00e1raj\u00e1nlat-k\u00e9r\u00e9s\",\"isPartOf\":{\"@id\":\"https:\/\/mobilgarazs.com\/#website\"},\"primaryImageOfPage\":{\"@id\":\"https:\/\/mobilgarazs.com\/kapcsolat\/#primaryimage\"},\"image\":{\"@id\":\"https:\/\/mobilgarazs.com\/kapcsolat\/#primaryimage\"},\"thumbnailUrl\":\"https:\/\/mobilgarazs.com\/wp-content\/uploads\/2020\/05\/image1-1-300x248.jpeg\",\"datePublished\":\"2020-04-20T05:40:41+00:00\",\"dateModified\":\"2025-09-17T08:43:53+00:00\",\"description\":\"Forduljon hozz\u00e1nk k\u00e9rd\u00e9s\u00e9vel, \u00e1raj\u00e1nlattal kapcsolatban vagy ak\u00e1r l\u00e1togasson el hozz\u00e1nk \u00e9s tekintse meg mobilgar\u00e1zsainkat telephely\u00fcnk\u00f6n!\",\"breadcrumb\":{\"@id\":\"https:\/\/mobilgarazs.com\/kapcsolat\/#breadcrumb\"},\"inLanguage\":\"en-US\",\"potentialAction\":[{\"@type\":\"ReadAction\",\"target\":[\"https:\/\/mobilgarazs.com\/kapcsolat\/\"]}]},{\"@type\":\"ImageObject\",\"inLanguage\":\"en-US\",\"@id\":\"https:\/\/mobilgarazs.com\/kapcsolat\/#primaryimage\",\"url\":\"https:\/\/mobilgarazs.com\/wp-content\/uploads\/2020\/05\/image1-1-300x248.jpeg\",\"contentUrl\":\"https:\/\/mobilgarazs.com\/wp-content\/uploads\/2020\/05\/image1-1-300x248.jpeg\"},{\"@type\":\"BreadcrumbList\",\"@id\":\"https:\/\/mobilgarazs.com\/kapcsolat\/#breadcrumb\",\"itemListElement\":[{\"@type\":\"ListItem\",\"position\":1,\"name\":\"Home\",\"item\":\"https:\/\/mobilgarazs.com\/\"},{\"@type\":\"ListItem\",\"position\":2,\"name\":\"Kapcsolat\"}]},{\"@type\":\"WebSite\",\"@id\":\"https:\/\/mobilgarazs.com\/#website\",\"url\":\"https:\/\/mobilgarazs.com\/\",\"name\":\"Mobil Gar\u00e1zs\",\"description\":\"Szigetelt mobilgar\u00e1zs, k\u00f6nny\u0171szerkezetes gar\u00e1zs\",\"publisher\":{\"@id\":\"https:\/\/mobilgarazs.com\/#organization\"},\"potentialAction\":[{\"@type\":\"SearchAction\",\"target\":{\"@type\":\"EntryPoint\",\"urlTemplate\":\"https:\/\/mobilgarazs.com\/?s={search_term_string}\"},\"query-input\":{\"@type\":\"PropertyValueSpecification\",\"valueRequired\":true,\"valueName\":\"search_term_string\"}}],\"inLanguage\":\"en-US\"},{\"@type\":\"Organization\",\"@id\":\"https:\/\/mobilgarazs.com\/#organization\",\"name\":\"Mobilgar\u00e1zs\",\"url\":\"https:\/\/mobilgarazs.com\/\",\"logo\":{\"@type\":\"ImageObject\",\"inLanguage\":\"en-US\",\"@id\":\"https:\/\/mobilgarazs.com\/#\/schema\/logo\/image\/\",\"url\":\"https:\/\/mobilgarazs.com\/wp-content\/uploads\/2020\/05\/facebook.jpg\",\"contentUrl\":\"https:\/\/mobilgarazs.com\/wp-content\/uploads\/2020\/05\/facebook.jpg\",\"width\":1200,\"height\":630,\"caption\":\"Mobilgar\u00e1zs\"},\"image\":{\"@id\":\"https:\/\/mobilgarazs.com\/#\/schema\/logo\/image\/\"},\"sameAs\":[\"https:\/\/www.facebook.com\/tajfunsystem\",\"https:\/\/www.instagram.com\/dexplatform\/\"]}]}<\/script>\n<!-- \/ Yoast SEO plugin. -->","yoast_head_json":{"title":"Kapcsolat - Mobilgar\u00e1zs minta\u00e9p\u00fcletek, \u00e1raj\u00e1nlat-k\u00e9r\u00e9s","description":"Forduljon hozz\u00e1nk k\u00e9rd\u00e9s\u00e9vel, \u00e1raj\u00e1nlattal kapcsolatban vagy ak\u00e1r l\u00e1togasson el hozz\u00e1nk \u00e9s tekintse meg mobilgar\u00e1zsainkat telephely\u00fcnk\u00f6n!","robots":{"index":"index","follow":"follow","max-snippet":"max-snippet:-1","max-image-preview":"max-image-preview:large","max-video-preview":"max-video-preview:-1"},"canonical":"https:\/\/mobilgarazs.com\/kapcsolat\/","og_locale":"en_US","og_type":"article","og_title":"Kapcsolat - Mobilgar\u00e1zs minta\u00e9p\u00fcletek, \u00e1raj\u00e1nlat-k\u00e9r\u00e9s","og_description":"Forduljon hozz\u00e1nk k\u00e9rd\u00e9s\u00e9vel, \u00e1raj\u00e1nlattal kapcsolatban vagy ak\u00e1r l\u00e1togasson el hozz\u00e1nk \u00e9s tekintse meg mobilgar\u00e1zsainkat telephely\u00fcnk\u00f6n!","og_url":"https:\/\/mobilgarazs.com\/kapcsolat\/","og_site_name":"Mobilgarazs.com","article_publisher":"https:\/\/www.facebook.com\/tajfunsystem","article_modified_time":"2025-09-17T08:43:53+00:00","og_image":[{"width":2560,"height":2115,"url":"https:\/\/mobilgarazs.com\/wp-content\/uploads\/2020\/05\/image1-1-scaled.jpeg","type":"image\/jpeg"}],"twitter_card":"summary_large_image","twitter_misc":{"Est. reading time":"2 minutes"},"schema":{"@context":"https:\/\/schema.org","@graph":[{"@type":"WebPage","@id":"https:\/\/mobilgarazs.com\/kapcsolat\/","url":"https:\/\/mobilgarazs.com\/kapcsolat\/","name":"Kapcsolat - Mobilgar\u00e1zs minta\u00e9p\u00fcletek, \u00e1raj\u00e1nlat-k\u00e9r\u00e9s","isPartOf":{"@id":"https:\/\/mobilgarazs.com\/#website"},"primaryImageOfPage":{"@id":"https:\/\/mobilgarazs.com\/kapcsolat\/#primaryimage"},"image":{"@id":"https:\/\/mobilgarazs.com\/kapcsolat\/#primaryimage"},"thumbnailUrl":"https:\/\/mobilgarazs.com\/wp-content\/uploads\/2020\/05\/image1-1-300x248.jpeg","datePublished":"2020-04-20T05:40:41+00:00","dateModified":"2025-09-17T08:43:53+00:00","description":"Forduljon hozz\u00e1nk k\u00e9rd\u00e9s\u00e9vel, \u00e1raj\u00e1nlattal kapcsolatban vagy ak\u00e1r l\u00e1togasson el hozz\u00e1nk \u00e9s tekintse meg mobilgar\u00e1zsainkat telephely\u00fcnk\u00f6n!","breadcrumb":{"@id":"https:\/\/mobilgarazs.com\/kapcsolat\/#breadcrumb"},"inLanguage":"en-US","potentialAction":[{"@type":"ReadAction","target":["https:\/\/mobilgarazs.com\/kapcsolat\/"]}]},{"@type":"ImageObject","inLanguage":"en-US","@id":"https:\/\/mobilgarazs.com\/kapcsolat\/#primaryimage","url":"https:\/\/mobilgarazs.com\/wp-content\/uploads\/2020\/05\/image1-1-300x248.jpeg","contentUrl":"https:\/\/mobilgarazs.com\/wp-content\/uploads\/2020\/05\/image1-1-300x248.jpeg"},{"@type":"BreadcrumbList","@id":"https:\/\/mobilgarazs.com\/kapcsolat\/#breadcrumb","itemListElement":[{"@type":"ListItem","position":1,"name":"Home","item":"https:\/\/mobilgarazs.com\/"},{"@type":"ListItem","position":2,"name":"Kapcsolat"}]},{"@type":"WebSite","@id":"https:\/\/mobilgarazs.com\/#website","url":"https:\/\/mobilgarazs.com\/","name":"Mobil Gar\u00e1zs","description":"Szigetelt mobilgar\u00e1zs, k\u00f6nny\u0171szerkezetes gar\u00e1zs","publisher":{"@id":"https:\/\/mobilgarazs.com\/#organization"},"potentialAction":[{"@type":"SearchAction","target":{"@type":"EntryPoint","urlTemplate":"https:\/\/mobilgarazs.com\/?s={search_term_string}"},"query-input":{"@type":"PropertyValueSpecification","valueRequired":true,"valueName":"search_term_string"}}],"inLanguage":"en-US"},{"@type":"Organization","@id":"https:\/\/mobilgarazs.com\/#organization","name":"Mobilgar\u00e1zs","url":"https:\/\/mobilgarazs.com\/","logo":{"@type":"ImageObject","inLanguage":"en-US","@id":"https:\/\/mobilgarazs.com\/#\/schema\/logo\/image\/","url":"https:\/\/mobilgarazs.com\/wp-content\/uploads\/2020\/05\/facebook.jpg","contentUrl":"https:\/\/mobilgarazs.com\/wp-content\/uploads\/2020\/05\/facebook.jpg","width":1200,"height":630,"caption":"Mobilgar\u00e1zs"},"image":{"@id":"https:\/\/mobilgarazs.com\/#\/schema\/logo\/image\/"},"sameAs":["https:\/\/www.facebook.com\/tajfunsystem","https:\/\/www.instagram.com\/dexplatform\/"]}]}},"_links":{"self":[{"href":"https:\/\/mobilgarazs.com\/en\/wp-json\/wp\/v2\/pages\/12396","targetHints":{"allow":["GET"]}}],"collection":[{"href":"https:\/\/mobilgarazs.com\/en\/wp-json\/wp\/v2\/pages"}],"about":[{"href":"https:\/\/mobilgarazs.com\/en\/wp-json\/wp\/v2\/types\/page"}],"author":[{"embeddable":true,"href":"https:\/\/mobilgarazs.com\/en\/wp-json\/wp\/v2\/users\/1"}],"replies":[{"embeddable":true,"href":"https:\/\/mobilgarazs.com\/en\/wp-json\/wp\/v2\/comments?post=12396"}],"version-history":[{"count":28,"href":"https:\/\/mobilgarazs.com\/en\/wp-json\/wp\/v2\/pages\/12396\/revisions"}],"predecessor-version":[{"id":13588,"href":"https:\/\/mobilgarazs.com\/en\/wp-json\/wp\/v2\/pages\/12396\/revisions\/13588"}],"wp:attachment":[{"href":"https:\/\/mobilgarazs.com\/en\/wp-json\/wp\/v2\/media?parent=12396"}],"curies":[{"name":"wp","href":"https:\/\/api.w.org\/{rel}","templated":true}]}}