{"id":12382,"date":"2020-04-20T05:12:10","date_gmt":"2020-04-20T05:12:10","guid":{"rendered":"https:\/\/mobilgarazs.com\/?page_id=12382"},"modified":"2025-01-07T09:31:32","modified_gmt":"2025-01-07T08:31:32","slug":"extrak","status":"publish","type":"page","link":"https:\/\/mobilgarazs.com\/en\/extrak\/","title":{"rendered":"EXTR\u00c1K"},"content":{"rendered":"<div class=\"wpb-content-wrapper\"><p>[vc_row][vc_column][vc_column_text]<\/p>\n<p class=\"byline style23 style26\"><span style=\"color: #000000;\">The prices already include VAT.<\/span><\/p>\n<table border=\"0\" width=\"100%\">\n<tbody>\n<tr bgcolor=\"transparent\">\n<td width=\"126\">\n<div class=\"style45\" align=\"center\"><span style=\"color: #000000;\"><strong>Side door covered with metal sheet<\/strong><\/span><br \/>\n<span style=\"color: #000000;\"><strong>(for non-isolated garages)<\/strong><\/span><\/div>\n<\/td>\n<td width=\"131\">\n<div class=\"style45\" align=\"center\"><span style=\"color: #000000;\"><strong>H\u00f6rmann ZK door<\/strong><\/span><br \/>\n<span style=\"color: #000000;\"><strong>(for non-isolated garages)<\/strong><\/span><\/div>\n<\/td>\n<td width=\"131\">\n<div class=\"style45\" align=\"center\"><span style=\"color: #000000;\"><strong>Isolated door<\/strong><\/span><br \/>\n<span style=\"color: #000000;\"><strong>(for isolated garages)<\/strong><\/span><\/div>\n<\/td>\n<td width=\"131\">\n<div class=\"style45\" align=\"center\"><span style=\"color: #000000;\"><strong>H\u00f6rmann &#8220;M&#8221; side door<\/strong><\/span><br \/>\n<span style=\"color: #000000;\"><strong>(for isolated garages)<\/strong><\/span><\/div>\n<\/td>\n<\/tr>\n<tr bgcolor=\"transparent\">\n<td>\n<div class=\"style44\" align=\"center\"><span style=\"color: #000000;\">95.000 Ft<\/span><\/div>\n<\/td>\n<td>\n<div class=\"style44\" align=\"center\"><span style=\"color: #000000;\">105.000 Ft<\/span><\/div>\n<\/td>\n<td>\n<div class=\"style44\" align=\"center\"><span style=\"color: #000000;\">195.000 Ft<\/span><\/div>\n<\/td>\n<td>\n<div class=\"style44\" align=\"center\"><span style=\"color: #000000;\">260.000 Ft<\/span><\/div>\n<\/td>\n<\/tr>\n<tr>\n<td><span style=\"color: #000000;\"><img loading=\"lazy\" decoding=\"async\" src=\"https:\/\/mobilgarazs.com\/images\/extrak\/ajto1_lemez.jpg\" width=\"180\" height=\"180\" \/><\/span><\/td>\n<td><span style=\"color: #000000;\"><img loading=\"lazy\" decoding=\"async\" src=\"https:\/\/mobilgarazs.com\/images\/extrak\/ajto2_acel.jpg\" width=\"180\" height=\"180\" \/><\/span><\/td>\n<td><span style=\"color: #000000;\"><img loading=\"lazy\" decoding=\"async\" src=\"https:\/\/mobilgarazs.com\/images\/extrak\/ajto3_muanyag.jpg\" width=\"180\" height=\"180\" \/><\/span><\/td>\n<td><span style=\"color: #000000;\"><img loading=\"lazy\" decoding=\"async\" src=\"https:\/\/mobilgarazs.com\/images\/extrak\/ajto4_bordas.jpg\" width=\"180\" height=\"180\" \/><\/span><\/td>\n<\/tr>\n<\/tbody>\n<\/table>\n<p>&nbsp;<\/p>\n<table border=\"0\" width=\"100%\">\n<tbody>\n<tr bgcolor=\"transparent\">\n<td width=\"126\">\n<div class=\"style45\" align=\"center\"><span style=\"color: #000000;\"><strong>Bottom cover sheet<\/strong><\/span><\/div>\n<\/td>\n<td width=\"131\">\n<div class=\"style45\" align=\"center\"><span style=\"color: #000000;\"><strong>Anticondenzation cover<\/strong><\/span><br \/>\n<span style=\"color: #000000;\"><strong>(for non-isolated garages only)<\/strong><\/span><\/div>\n<\/td>\n<td width=\"131\">\n<div class=\"style45\" align=\"center\"><span style=\"color: #000000;\"><strong>Window (90&#215;90)<\/strong><\/span><\/div>\n<\/td>\n<td width=\"131\">\n<div class=\"style45\" align=\"center\"><\/div>\n<\/td>\n<\/tr>\n<tr bgcolor=\"transparent\">\n<td>\n<div class=\"style44\" align=\"center\"><span style=\"color: #000000;\">For simple garages:<br \/>\n75.000 Ft<\/span><br \/>\n<span style=\"color: #000000;\">For double garages:<br \/>\n85.000 Ft<\/span><\/div>\n<\/td>\n<td>\n<div class=\"style44\" align=\"center\"><span style=\"color: #000000;\">1.100 Ft \/ m2<\/span><\/div>\n<\/td>\n<td>\n<div class=\"style44\" align=\"center\"><span style=\"color: #000000;\">Fix: 70.000 Ft<\/span><br \/>\n<span style=\"color: #000000;\">Tilt&amp;Turn: 95.000 Ft<\/span><br \/>\n<span class=\"style48\" style=\"color: #000000;\">(including the necessary excipients)<\/span><\/div>\n<\/td>\n<td>\n<div class=\"style44\" align=\"center\"><\/div>\n<\/td>\n<\/tr>\n<tr>\n<td><span style=\"color: #000000;\"><img loading=\"lazy\" decoding=\"async\" src=\"https:\/\/mobilgarazs.com\/images\/extrak\/also_lemezszeges.jpg\" width=\"180\" height=\"180\" \/><\/span><\/td>\n<td><span style=\"color: #000000;\"><img loading=\"lazy\" decoding=\"async\" src=\"https:\/\/mobilgarazs.com\/images\/extrak\/antikondenziacios_bevonat.jpg\" width=\"180\" height=\"180\" \/><\/span><\/td>\n<td><span style=\"color: #000000;\"><img loading=\"lazy\" decoding=\"async\" src=\"https:\/\/mobilgarazs.com\/images\/extrak\/ablak.jpg\" width=\"180\" height=\"180\" \/><\/span><\/td>\n<td><\/td>\n<\/tr>\n<\/tbody>\n<\/table>\n<p>&nbsp;<\/p>\n<table border=\"0\" width=\"100%\">\n<tbody>\n<tr bgcolor=\"transparent\">\n<td width=\"126\">\n<div class=\"style45\" align=\"center\"><span style=\"color: #000000;\"><strong>Monterrey roof + additional battens<\/strong><\/span><\/div>\n<\/td>\n<td bgcolor=\"transparent\" width=\"131\">\n<div class=\"style46\" align=\"center\"><span style=\"color: #000000;\"><strong>Electronic gate opener<\/strong><\/span><br \/>\n<span style=\"color: #000000;\"><strong><span class=\"style45\">(inluding 2 remotes) <\/span><\/strong><\/span><\/div>\n<\/td>\n<td width=\"131\">\n<div class=\"style46\" align=\"center\"><span style=\"color: #000000;\"><strong>Galvanized rain gutter<\/strong><\/span><\/div>\n<\/td>\n<td width=\"131\">\n<div class=\"style46\" align=\"center\"><strong><span style=\"color: #000000;\">Separating wall (depending on the size of the garage)<\/span><\/strong><\/div>\n<\/td>\n<\/tr>\n<tr bgcolor=\"transparent\">\n<td style=\"text-align: center;\"><span class=\"style44\" style=\"color: #000000;\">For simple garages:<br \/>\n120.000 Ft<br \/>\nFor double garages:<br \/>\n170.000 Ft <\/span><\/td>\n<td>\n<div class=\"style45\" align=\"center\"><span style=\"color: #000000;\">H\u00f6rmann Prolift 145.000 Ft<\/span><br \/>\n<span style=\"color: #000000;\">H\u00f6rmann Promatic 185.000 Ft<\/span><br \/>\n<span style=\"color: #000000;\">H\u00f6rmann Supramatic 230.000 Ft<\/span><\/div>\n<\/td>\n<td>\n<div class=\"style44\" align=\"center\"><span style=\"color: #000000;\">85.000 Ft<\/span><\/div>\n<\/td>\n<td>\n<div class=\"style44\" align=\"center\"><span style=\"color: #000000;\">Based on individual offers<\/span><\/div>\n<\/td>\n<\/tr>\n<tr>\n<td><span style=\"color: #000000;\"><img loading=\"lazy\" decoding=\"async\" src=\"https:\/\/mobilgarazs.com\/images\/extrak\/cserepeslemez.jpg\" width=\"180\" height=\"180\" \/><\/span><\/td>\n<td><span style=\"color: #000000;\"><img loading=\"lazy\" decoding=\"async\" src=\"https:\/\/mobilgarazs.com\/images\/extrak\/elektromos_kapumozgatas.jpg\" width=\"180\" height=\"180\" \/><\/span><\/td>\n<td><span style=\"color: #000000;\"><img loading=\"lazy\" decoding=\"async\" src=\"https:\/\/mobilgarazs.com\/images\/extrak\/ereszcsatorna.jpg\" width=\"180\" height=\"180\" \/><\/span><\/td>\n<td><span style=\"color: #000000;\"><img loading=\"lazy\" decoding=\"async\" src=\"https:\/\/mobilgarazs.com\/images\/extrak\/valaszfal.jpg\" width=\"180\" height=\"180\" \/><\/span><\/td>\n<\/tr>\n<\/tbody>\n<\/table>\n<p>&nbsp;<\/p>\n<table border=\"0\" width=\"200\">\n<tbody>\n<tr bgcolor=\"transparent\">\n<td>\n<div class=\"style46\" align=\"center\"><strong><span style=\"color: #000000;\">H\u00f6rmann Bisecur remote control<\/span><\/strong><\/div>\n<\/td>\n<td>\n<div class=\"style46\" align=\"center\"><\/div>\n<\/td>\n<\/tr>\n<tr bgcolor=\"transparent\">\n<td>\n<div class=\"style44\" align=\"center\"><span style=\"color: #000000;\">19.500 Ft<\/span><\/div>\n<\/td>\n<td>\n<div class=\"style44\" align=\"center\"><\/div>\n<\/td>\n<\/tr>\n<tr>\n<td><span style=\"color: #000000;\"><img loading=\"lazy\" decoding=\"async\" src=\"https:\/\/mobilgarazs.com\/images\/extrak\/taviranyito.jpg\" width=\"180\" height=\"180\" \/><\/span><\/td>\n<td><\/td>\n<\/tr>\n<\/tbody>\n<\/table>\n<p>[\/vc_column_text][\/vc_column][\/vc_row]<\/p>\n<\/div>","protected":false},"excerpt":{"rendered":"<p>[vc_row][vc_column][vc_column_text] The prices already include VAT. Side door covered with metal sheet (for non-isolated garages) H\u00f6rmann ZK door (for non-isolated garages) Isolated door (for isolated garages) H\u00f6rmann &#8220;M&#8221; side door &#8230;<\/p>\n","protected":false},"author":1,"featured_media":0,"parent":0,"menu_order":0,"comment_status":"closed","ping_status":"closed","template":"","meta":{"footnotes":""},"class_list":["post-12382","page","type-page","status-publish","hentry"],"yoast_head":"<!-- This site is optimized with the Yoast SEO plugin v24.4 - https:\/\/yoast.com\/wordpress\/plugins\/seo\/ -->\n<title>Extra opci\u00f3k mobilgar\u00e1zsokhoz - 10 \u00e9v garanci\u00e1val, magyar gy\u00e1rt\u00f3t\u00f3l!<\/title>\n<meta name=\"description\" content=\"H\u00f6rmann gar\u00e1zskapu meghajt\u00e1s, ajt\u00f3, ablak, ereszcsatorna, cserepeslemez tet\u0151 \u00e9s t\u00e1rsai! V\u00e1lasszon az extr\u00e1k k\u00f6z\u00fcl, amivel gar\u00e1zs\u00e1t \u00e9rt\u00e9kesebb\u00e9 teheti!\" \/>\n<meta name=\"robots\" content=\"index, follow, max-snippet:-1, max-image-preview:large, max-video-preview:-1\" \/>\n<link rel=\"canonical\" href=\"https:\/\/mobilgarazs.com\/extrak\/\" \/>\n<meta property=\"og:locale\" content=\"en_US\" \/>\n<meta property=\"og:type\" content=\"article\" \/>\n<meta property=\"og:title\" content=\"Extra opci\u00f3k mobilgar\u00e1zsokhoz - 10 \u00e9v garanci\u00e1val, magyar gy\u00e1rt\u00f3t\u00f3l!\" \/>\n<meta property=\"og:description\" content=\"H\u00f6rmann gar\u00e1zskapu meghajt\u00e1s, ajt\u00f3, ablak, ereszcsatorna, cserepeslemez tet\u0151 \u00e9s t\u00e1rsai! V\u00e1lasszon az extr\u00e1k k\u00f6z\u00fcl, amivel gar\u00e1zs\u00e1t \u00e9rt\u00e9kesebb\u00e9 teheti!\" \/>\n<meta property=\"og:url\" content=\"https:\/\/mobilgarazs.com\/extrak\/\" \/>\n<meta property=\"og:site_name\" content=\"Mobilgarazs.com\" \/>\n<meta property=\"article:publisher\" content=\"https:\/\/www.facebook.com\/tajfunsystem\" \/>\n<meta property=\"article:modified_time\" content=\"2025-01-07T08:31:32+00:00\" \/>\n<meta property=\"og:image\" content=\"https:\/\/mobilgarazs.com\/images\/extrak\/ajto1_lemez.jpg\" \/>\n<meta name=\"twitter:card\" content=\"summary_large_image\" \/>\n<meta name=\"twitter:label1\" content=\"Est. reading time\" \/>\n\t<meta name=\"twitter:data1\" content=\"4 minutes\" \/>\n<script type=\"application\/ld+json\" class=\"yoast-schema-graph\">{\"@context\":\"https:\/\/schema.org\",\"@graph\":[{\"@type\":\"WebPage\",\"@id\":\"https:\/\/mobilgarazs.com\/extrak\/\",\"url\":\"https:\/\/mobilgarazs.com\/extrak\/\",\"name\":\"Extra opci\u00f3k mobilgar\u00e1zsokhoz - 10 \u00e9v garanci\u00e1val, magyar gy\u00e1rt\u00f3t\u00f3l!\",\"isPartOf\":{\"@id\":\"https:\/\/mobilgarazs.com\/#website\"},\"primaryImageOfPage\":{\"@id\":\"https:\/\/mobilgarazs.com\/extrak\/#primaryimage\"},\"image\":{\"@id\":\"https:\/\/mobilgarazs.com\/extrak\/#primaryimage\"},\"thumbnailUrl\":\"https:\/\/mobilgarazs.com\/images\/extrak\/ajto1_lemez.jpg\",\"datePublished\":\"2020-04-20T05:12:10+00:00\",\"dateModified\":\"2025-01-07T08:31:32+00:00\",\"description\":\"H\u00f6rmann gar\u00e1zskapu meghajt\u00e1s, ajt\u00f3, ablak, ereszcsatorna, cserepeslemez tet\u0151 \u00e9s t\u00e1rsai! V\u00e1lasszon az extr\u00e1k k\u00f6z\u00fcl, amivel gar\u00e1zs\u00e1t \u00e9rt\u00e9kesebb\u00e9 teheti!\",\"breadcrumb\":{\"@id\":\"https:\/\/mobilgarazs.com\/extrak\/#breadcrumb\"},\"inLanguage\":\"en-US\",\"potentialAction\":[{\"@type\":\"ReadAction\",\"target\":[\"https:\/\/mobilgarazs.com\/extrak\/\"]}]},{\"@type\":\"ImageObject\",\"inLanguage\":\"en-US\",\"@id\":\"https:\/\/mobilgarazs.com\/extrak\/#primaryimage\",\"url\":\"https:\/\/mobilgarazs.com\/images\/extrak\/ajto1_lemez.jpg\",\"contentUrl\":\"https:\/\/mobilgarazs.com\/images\/extrak\/ajto1_lemez.jpg\"},{\"@type\":\"BreadcrumbList\",\"@id\":\"https:\/\/mobilgarazs.com\/extrak\/#breadcrumb\",\"itemListElement\":[{\"@type\":\"ListItem\",\"position\":1,\"name\":\"Home\",\"item\":\"https:\/\/mobilgarazs.com\/\"},{\"@type\":\"ListItem\",\"position\":2,\"name\":\"EXTR\u00c1K\"}]},{\"@type\":\"WebSite\",\"@id\":\"https:\/\/mobilgarazs.com\/#website\",\"url\":\"https:\/\/mobilgarazs.com\/\",\"name\":\"Mobil Gar\u00e1zs\",\"description\":\"Szigetelt mobilgar\u00e1zs, k\u00f6nny\u0171szerkezetes gar\u00e1zs\",\"publisher\":{\"@id\":\"https:\/\/mobilgarazs.com\/#organization\"},\"potentialAction\":[{\"@type\":\"SearchAction\",\"target\":{\"@type\":\"EntryPoint\",\"urlTemplate\":\"https:\/\/mobilgarazs.com\/?s={search_term_string}\"},\"query-input\":{\"@type\":\"PropertyValueSpecification\",\"valueRequired\":true,\"valueName\":\"search_term_string\"}}],\"inLanguage\":\"en-US\"},{\"@type\":\"Organization\",\"@id\":\"https:\/\/mobilgarazs.com\/#organization\",\"name\":\"Mobilgar\u00e1zs\",\"url\":\"https:\/\/mobilgarazs.com\/\",\"logo\":{\"@type\":\"ImageObject\",\"inLanguage\":\"en-US\",\"@id\":\"https:\/\/mobilgarazs.com\/#\/schema\/logo\/image\/\",\"url\":\"https:\/\/mobilgarazs.com\/wp-content\/uploads\/2020\/05\/facebook.jpg\",\"contentUrl\":\"https:\/\/mobilgarazs.com\/wp-content\/uploads\/2020\/05\/facebook.jpg\",\"width\":1200,\"height\":630,\"caption\":\"Mobilgar\u00e1zs\"},\"image\":{\"@id\":\"https:\/\/mobilgarazs.com\/#\/schema\/logo\/image\/\"},\"sameAs\":[\"https:\/\/www.facebook.com\/tajfunsystem\",\"https:\/\/www.instagram.com\/dexplatform\/\"]}]}<\/script>\n<!-- \/ Yoast SEO plugin. -->","yoast_head_json":{"title":"Extra opci\u00f3k mobilgar\u00e1zsokhoz - 10 \u00e9v garanci\u00e1val, magyar gy\u00e1rt\u00f3t\u00f3l!","description":"H\u00f6rmann gar\u00e1zskapu meghajt\u00e1s, ajt\u00f3, ablak, ereszcsatorna, cserepeslemez tet\u0151 \u00e9s t\u00e1rsai! V\u00e1lasszon az extr\u00e1k k\u00f6z\u00fcl, amivel gar\u00e1zs\u00e1t \u00e9rt\u00e9kesebb\u00e9 teheti!","robots":{"index":"index","follow":"follow","max-snippet":"max-snippet:-1","max-image-preview":"max-image-preview:large","max-video-preview":"max-video-preview:-1"},"canonical":"https:\/\/mobilgarazs.com\/extrak\/","og_locale":"en_US","og_type":"article","og_title":"Extra opci\u00f3k mobilgar\u00e1zsokhoz - 10 \u00e9v garanci\u00e1val, magyar gy\u00e1rt\u00f3t\u00f3l!","og_description":"H\u00f6rmann gar\u00e1zskapu meghajt\u00e1s, ajt\u00f3, ablak, ereszcsatorna, cserepeslemez tet\u0151 \u00e9s t\u00e1rsai! V\u00e1lasszon az extr\u00e1k k\u00f6z\u00fcl, amivel gar\u00e1zs\u00e1t \u00e9rt\u00e9kesebb\u00e9 teheti!","og_url":"https:\/\/mobilgarazs.com\/extrak\/","og_site_name":"Mobilgarazs.com","article_publisher":"https:\/\/www.facebook.com\/tajfunsystem","article_modified_time":"2025-01-07T08:31:32+00:00","og_image":[{"url":"https:\/\/mobilgarazs.com\/images\/extrak\/ajto1_lemez.jpg","type":"","width":"","height":""}],"twitter_card":"summary_large_image","twitter_misc":{"Est. reading time":"4 minutes"},"schema":{"@context":"https:\/\/schema.org","@graph":[{"@type":"WebPage","@id":"https:\/\/mobilgarazs.com\/extrak\/","url":"https:\/\/mobilgarazs.com\/extrak\/","name":"Extra opci\u00f3k mobilgar\u00e1zsokhoz - 10 \u00e9v garanci\u00e1val, magyar gy\u00e1rt\u00f3t\u00f3l!","isPartOf":{"@id":"https:\/\/mobilgarazs.com\/#website"},"primaryImageOfPage":{"@id":"https:\/\/mobilgarazs.com\/extrak\/#primaryimage"},"image":{"@id":"https:\/\/mobilgarazs.com\/extrak\/#primaryimage"},"thumbnailUrl":"https:\/\/mobilgarazs.com\/images\/extrak\/ajto1_lemez.jpg","datePublished":"2020-04-20T05:12:10+00:00","dateModified":"2025-01-07T08:31:32+00:00","description":"H\u00f6rmann gar\u00e1zskapu meghajt\u00e1s, ajt\u00f3, ablak, ereszcsatorna, cserepeslemez tet\u0151 \u00e9s t\u00e1rsai! V\u00e1lasszon az extr\u00e1k k\u00f6z\u00fcl, amivel gar\u00e1zs\u00e1t \u00e9rt\u00e9kesebb\u00e9 teheti!","breadcrumb":{"@id":"https:\/\/mobilgarazs.com\/extrak\/#breadcrumb"},"inLanguage":"en-US","potentialAction":[{"@type":"ReadAction","target":["https:\/\/mobilgarazs.com\/extrak\/"]}]},{"@type":"ImageObject","inLanguage":"en-US","@id":"https:\/\/mobilgarazs.com\/extrak\/#primaryimage","url":"https:\/\/mobilgarazs.com\/images\/extrak\/ajto1_lemez.jpg","contentUrl":"https:\/\/mobilgarazs.com\/images\/extrak\/ajto1_lemez.jpg"},{"@type":"BreadcrumbList","@id":"https:\/\/mobilgarazs.com\/extrak\/#breadcrumb","itemListElement":[{"@type":"ListItem","position":1,"name":"Home","item":"https:\/\/mobilgarazs.com\/"},{"@type":"ListItem","position":2,"name":"EXTR\u00c1K"}]},{"@type":"WebSite","@id":"https:\/\/mobilgarazs.com\/#website","url":"https:\/\/mobilgarazs.com\/","name":"Mobil Gar\u00e1zs","description":"Szigetelt mobilgar\u00e1zs, k\u00f6nny\u0171szerkezetes gar\u00e1zs","publisher":{"@id":"https:\/\/mobilgarazs.com\/#organization"},"potentialAction":[{"@type":"SearchAction","target":{"@type":"EntryPoint","urlTemplate":"https:\/\/mobilgarazs.com\/?s={search_term_string}"},"query-input":{"@type":"PropertyValueSpecification","valueRequired":true,"valueName":"search_term_string"}}],"inLanguage":"en-US"},{"@type":"Organization","@id":"https:\/\/mobilgarazs.com\/#organization","name":"Mobilgar\u00e1zs","url":"https:\/\/mobilgarazs.com\/","logo":{"@type":"ImageObject","inLanguage":"en-US","@id":"https:\/\/mobilgarazs.com\/#\/schema\/logo\/image\/","url":"https:\/\/mobilgarazs.com\/wp-content\/uploads\/2020\/05\/facebook.jpg","contentUrl":"https:\/\/mobilgarazs.com\/wp-content\/uploads\/2020\/05\/facebook.jpg","width":1200,"height":630,"caption":"Mobilgar\u00e1zs"},"image":{"@id":"https:\/\/mobilgarazs.com\/#\/schema\/logo\/image\/"},"sameAs":["https:\/\/www.facebook.com\/tajfunsystem","https:\/\/www.instagram.com\/dexplatform\/"]}]}},"_links":{"self":[{"href":"https:\/\/mobilgarazs.com\/en\/wp-json\/wp\/v2\/pages\/12382","targetHints":{"allow":["GET"]}}],"collection":[{"href":"https:\/\/mobilgarazs.com\/en\/wp-json\/wp\/v2\/pages"}],"about":[{"href":"https:\/\/mobilgarazs.com\/en\/wp-json\/wp\/v2\/types\/page"}],"author":[{"embeddable":true,"href":"https:\/\/mobilgarazs.com\/en\/wp-json\/wp\/v2\/users\/1"}],"replies":[{"embeddable":true,"href":"https:\/\/mobilgarazs.com\/en\/wp-json\/wp\/v2\/comments?post=12382"}],"version-history":[{"count":29,"href":"https:\/\/mobilgarazs.com\/en\/wp-json\/wp\/v2\/pages\/12382\/revisions"}],"predecessor-version":[{"id":13464,"href":"https:\/\/mobilgarazs.com\/en\/wp-json\/wp\/v2\/pages\/12382\/revisions\/13464"}],"wp:attachment":[{"href":"https:\/\/mobilgarazs.com\/en\/wp-json\/wp\/v2\/media?parent=12382"}],"curies":[{"name":"wp","href":"https:\/\/api.w.org\/{rel}","templated":true}]}}